{"id":1018,"date":"2016-01-20T07:56:11","date_gmt":"2016-01-20T06:56:11","guid":{"rendered":"http:\/\/www.piom.com.mk\/sq\/?page_id=1018"},"modified":"2016-01-20T07:56:11","modified_gmt":"2016-01-20T06:56:11","slug":"obligues-per-dorezimin-e-te-dhenave","status":"publish","type":"page","link":"https:\/\/www.piom.com.mk\/sq\/obligues-per-dorezimin-e-te-dhenave\/","title":{"rendered":"Obligues p\u00ebr dor\u00ebzimin e t\u00eb dh\u00ebnave"},"content":{"rendered":"<p><strong><img decoding=\"async\" loading=\"lazy\" class=\"alignleft size-full wp-image-1019\" src=\"https:\/\/www.piom.com.mk\/wp-content\/uploads\/2016\/01\/call_center_655165732_849463740.jpg\" alt=\"call_center_655165732_849463740\" width=\"318\" height=\"197\" srcset=\"https:\/\/www.piom.com.mk\/wp-content\/uploads\/2016\/01\/call_center_655165732_849463740.jpg 318w, https:\/\/www.piom.com.mk\/wp-content\/uploads\/2016\/01\/call_center_655165732_849463740-300x186.jpg 300w\" sizes=\"(max-width: 318px) 100vw, 318px\" \/>LAJM\u00cbRIM \u2013 Duke pasur parasysh se pun\u00ebdh\u00ebn\u00ebsit gjat\u00eb lajm\u00ebrimit dhe \u00e7lajm\u00ebrimit n\u00eb sigurim, si dhe gjat\u00eb dor\u00ebzimit t\u00eb t\u00eb dh\u00ebnave p\u00ebr stazhin e sigurimit,<\/strong>pagat, kompensimet e pagave, gjegj\u00ebsisht bazat e sigurimit duhet q\u00eb ti shfryt\u00ebzojn\u00eb formular\u00ebt e rinj t\u00eb flet\u00ebparaqitjeve p\u00ebr evidentimin am\u00eb. Ministria p\u00ebr pun\u00eb dhe plotik\u00eb sociale l\u00ebshoi udh\u00ebzim p\u00ebr p\u00ebrcaktimin e elementeve teknike t\u00eb formular\u00ebve n\u00eb flet\u00ebparaqitjet p\u00ebr evidentimin am\u00eb.<\/p>\n<p>Udh\u00ebzimi \u00ebsht\u00eb l\u00ebshuar n\u00eb mb\u00ebshtetje t\u00eb Rregullores p\u00ebr form\u00ebn, p\u00ebrmbajtjen dhe m\u00ebnyr\u00ebn e parashtrimit t\u00eb formular\u00ebve t\u00eb flet\u00ebparaqitjeve p\u00ebr evidentimin am\u00eb (\u201cGazeta Zyrtare e RM-s\u00eb\u201d nr. 148\/2008).<\/p>\n<p><strong>LAJM\u00cbRIM<\/strong><\/p>\n<p>Nj\u00ebftohen personat juridik dhe fizik \u2013 obligues p\u00ebr pages\u00ebn e kontributit p\u00ebr sigurim pensional dhe invalidor, se Fondi i sigurimit pensional dhe invalidor i Maqedonis\u00eb, konsideruar nga 4 gushti i vitit 2005, ndan Kod p\u00ebr identifikim p\u00ebr \u00e7do obligues p\u00ebr dor\u00ebzimin e t\u00eb dh\u00ebnave mujore p\u00ebr pag\u00eb dhe kontribut t\u00eb llogaritur, pas parashtrimit t\u00eb k\u00ebrkes\u00ebs.<\/p>\n<p><strong>V\u00ebrejtje:<\/strong><\/p>\n<p>Formularin e k\u00ebrkes\u00ebs mundet q\u00eb ta shtypeni m\u00eb posht\u00eb!<\/p>\n<p>N\u00eb ndarjen e kodit p\u00ebr identifikim paraprin procedur\u00eb e harmonizimit t\u00eb t\u00eb dh\u00ebnave t\u00eb obliguesve dhe punonj\u00ebsve tek ata, me t\u00eb dh\u00ebnat e v\u00ebrtetuara n\u00eb evidentimin am\u00eb t\u00eb Fondit.<\/p>\n<p><strong>Me q\u00ebllim q\u00eb t\u00eb kryhet kontroll\u00eb dhe rikompletim i evidenc\u00ebs, Ju njoftojm\u00eb q\u00eb ti dor\u00ebzoni t\u00eb dh\u00ebnat n\u00eb vijim:<\/strong><\/p>\n<p><strong>I. P\u00ebr subjektin afarist<\/strong><\/p>\n<p>1. Numri i vet\u00ebm tatimor<br \/>\n2. Numri i subjektit afarist (i caktuar nga Enti shtet\u00ebror p\u00ebr statistik\u00eb)<br \/>\n3. Numri rendor i nj\u00ebsis\u00eb afariste n\u00eb p\u00ebrmbajtje t\u00eb subjektit afarist<br \/>\n4. Numri i fundit i regjistrimit i caktuar nga Fondi<\/p>\n<p><strong>II. P\u00ebr t\u00eb pun\u00ebsuarit<\/strong><\/p>\n<p>1. Numri am\u00eb i qytetarit<br \/>\n2. Num\u00ebr personal nga libreza e pun\u00ebs<br \/>\n3. Mbiemri i t\u00eb siguruarit<br \/>\n4. Emri i t\u00eb siguruarit<br \/>\n5. Data e pun\u00ebsimit (M1 flet\u00ebparaqitja e fundit)<\/p>\n<p>T\u00eb dh\u00ebnat t\u00eb dor\u00ebzohen n\u00eb form\u00eb elektronike n\u00eb disk. P\u00ebr m\u00ebnyr\u00ebn e dor\u00ebzimit t\u00eb t\u00eb dh\u00ebnave shikoni informacionet e paraqitura n\u00eb n\u00ebnlinkun<br \/>\nDor\u00ebzimi i t\u00eb dh\u00ebnave<\/p>\n<p>Obliguesit t\u00eb cil\u00ebt kan\u00eb seli n\u00eb Shkup, t\u00eb dh\u00ebnat ti dor\u00ebzojn\u00eb n\u00eb:<br \/>\nNj\u00ebsin\u00eb rajonale t\u00eb Sh\u00ebrbimit profesional t\u00eb Fondit n\u00eb Shkup,<br \/>\nadresa: bul. Ko\u00e7o Racin nr.91<br \/>\nkontakt telefoni: (02) 3162 \u2013 422 dhe (02) 3117 \u2013 810<\/p>\n<p>P\u00ebr obliguesit nga qytetet tjera t\u00eb Republik\u00ebs s\u00eb Maqedonis\u00eb, t\u00eb dh\u00ebnat t\u00eb dor\u00ebzohen n\u00eb Nj\u00ebsut\u00eb rajonale t\u00eb Sh\u00ebrbimit profesional t\u00eb Fondit t\u00eb sigurimit pensional dhe invalidor t\u00eb Maqedonis\u00eb.<\/p>\n","protected":false},"excerpt":{"rendered":"<p>LAJM\u00cbRIM \u2013 Duke pasur parasysh se pun\u00ebdh\u00ebn\u00ebsit gjat\u00eb lajm\u00ebrimit dhe \u00e7lajm\u00ebrimit n\u00eb sigurim, si dhe gjat\u00eb dor\u00ebzimit t\u00eb t\u00eb dh\u00ebnave p\u00ebr stazhin e sigurimit,pagat, kompensimet e pagave, gjegj\u00ebsisht bazat e sigurimit duhet q\u00eb ti shfryt\u00ebzojn\u00eb formular\u00ebt e rinj t\u00eb flet\u00ebparaqitjeve p\u00ebr evidentimin am\u00eb. Ministria p\u00ebr pun\u00eb dhe plotik\u00eb sociale l\u00ebshoi udh\u00ebzim p\u00ebr p\u00ebrcaktimin e elementeve [&hellip;]<\/p>\n","protected":false},"author":1,"featured_media":0,"parent":0,"menu_order":0,"comment_status":"closed","ping_status":"closed","template":"","meta":[],"_links":{"self":[{"href":"https:\/\/www.piom.com.mk\/sq\/wp-json\/wp\/v2\/pages\/1018"}],"collection":[{"href":"https:\/\/www.piom.com.mk\/sq\/wp-json\/wp\/v2\/pages"}],"about":[{"href":"https:\/\/www.piom.com.mk\/sq\/wp-json\/wp\/v2\/types\/page"}],"author":[{"embeddable":true,"href":"https:\/\/www.piom.com.mk\/sq\/wp-json\/wp\/v2\/users\/1"}],"replies":[{"embeddable":true,"href":"https:\/\/www.piom.com.mk\/sq\/wp-json\/wp\/v2\/comments?post=1018"}],"version-history":[{"count":1,"href":"https:\/\/www.piom.com.mk\/sq\/wp-json\/wp\/v2\/pages\/1018\/revisions"}],"predecessor-version":[{"id":1020,"href":"https:\/\/www.piom.com.mk\/sq\/wp-json\/wp\/v2\/pages\/1018\/revisions\/1020"}],"wp:attachment":[{"href":"https:\/\/www.piom.com.mk\/sq\/wp-json\/wp\/v2\/media?parent=1018"}],"curies":[{"name":"wp","href":"https:\/\/api.w.org\/{rel}","templated":true}]}}