{"id":1021,"date":"2016-01-20T08:02:45","date_gmt":"2016-01-20T07:02:45","guid":{"rendered":"http:\/\/www.piom.com.mk\/sq\/?page_id=1021"},"modified":"2025-11-20T09:32:58","modified_gmt":"2025-11-20T08:32:58","slug":"shtepite-e-pensionisteve","status":"publish","type":"page","link":"https:\/\/www.piom.com.mk\/sq\/shtepite-e-pensionisteve\/","title":{"rendered":"Sht\u00ebpit\u00eb e pensionist\u00ebve"},"content":{"rendered":"<p>Kjo list\u00eb e rangimit i n\u00ebnshtrohet ndryshimeve bazuar n\u00eb azhurnimin e k\u00ebrkesave t\u00eb tjera q\u00eb aktualisht nuk jan\u00eb t\u00eb ranguar<\/p>\n<p><a href=\"https:\/\/www.piom.com.mk\/wp-content\/uploads\/2018\/08\/K\u00ebrkes\u00eb-p\u00ebr-realizimin-e-t\u00eb-drejt\u00ebs-p\u00ebr-strehim-n\u00eb-sht\u00ebpi-t\u00eb-pensionist\u00ebve.pdf\" rel=\"\">K\u00cbRKES\u00cb P\u00cbR STREHIM N\u00cb SHT\u00cbPI T\u00cb PENSIONIST\u00cbVE<\/a><\/p>\n<p><a href=\"https:\/\/www.piom.com.mk\/wp-content\/uploads\/2018\/08\/K\u00ebrkes\u00eb-p\u00ebr-l\u00ebshimin-e-t\u00eb-dh\u00ebnave-nga-Sistemi-Informativ-Gjeodetik-Kadastral.pdf\" rel=\"\">K\u00cbRKES\u00cb P\u00cbR L\u00cbSHIMIN E T\u00cb DH\u00cbNAVE NGA KADAST\u00cbRI<\/a><\/p>\n<p><a href=\"https:\/\/www.piom.com.mk\/wp-content\/uploads\/2016\/01\/izjava-za-steden-vlo-1.pdf\" rel=\"\">DEKLARAT\u00cb P\u00cbR KURSIM<\/a><\/p>\n<p><a href=\"https:\/\/www.piom.com.mk\/wp-content\/uploads\/2016\/01\/pravilnik-deloven-.pdf\" rel=\"\">RREGULLORE MBI M\u00cbNYR\u00cbN DHE KUSHTET P\u00cbR STREHIM N\u00cb SHT\u00cbPIT\u00cb DHE APARTAMENTET P\u00cbR JETES\u00cb ME T\u00cb CILAT MENAXHON FONDI I SPIM-S\u00cb<\/a><\/p>\n<p><a href=\"https:\/\/www.piom.com.mk\/wp-content\/uploads\/2016\/01\/ndryshim-i-rregullor.pdf\" rel=\"\">RREGULLORE P\u00cbR NDRYSHIMIN E RREGULLORES MBI M\u00cbNYR\u00cbN DHE KUSHTET P\u00cbR SHITJEN DHE DH\u00cbNIEN E HAP\u00cbSIR\u00cbS AFARISTE ME QIRA N\u00cb PRON\u00cbSI APO SHFRYT\u00cbZIM T\u00cb P\u00cbRHERSH\u00cbM T\u00cb FONDIT T\u00cb SIGURIMIT PENSIONAL DHE INVALIDOR T\u00cb MAQEDONIS\u00cb<\/a><\/p>\n<p><a href=\"https:\/\/www.piom.com.mk\/wp-content\/uploads\/2016\/01\/RREGULLORE-P\u00cbR-NDRYSHIMIN-DHE-PLOT\u00cbSIMIN-E-RREGULLORES-S\u00cb-M\u00cbNYR\u00cbS-DHE-T\u00cb-KUSHTEVE-T\u00cb-SHITJES-DHE-T\u00cb-DH\u00cbNIES-ME-QIRA-T\u00cb-HAP\u00cbSIR\u00cbS-AFARISTE-N\u00cb-PRON\u00cbSI-APO-SHFRYT\u00cbZIM-T\u00cb-P\u00cbRHERSH\u00cbM-T\u00cb-FSPIMV-S\u00cb.pdf\">RREGULLORE P\u00cbR NDRYSHIMIN DHE PLOT\u00cbSIMIN E RREGULLORES S\u00cb M\u00cbNYR\u00cbS DHE T\u00cb KUSHTEVE T\u00cb SHITJES DHE T\u00cb DH\u00cbNIES ME QIRA T\u00cb HAP\u00cbSIR\u00cbS AFARISTE N\u00cb PRON\u00cbSI APO SHFRYT\u00cbZIM T\u00cb P\u00cbRHERSH\u00cbM T\u00cb FSPIMV-S\u00cb<\/a><\/p>\n<p><a href=\"https:\/\/www.piom.com.mk\/wp-content\/uploads\/2023\/11\/RANG-LISTA-04.04.2023-1.pdf\">LISTA E RANGIMIT T\u00cb SHFRYT\u00cbZUESVE T\u00cb PENSIONIT P\u00cbR AKOMODIM N\u00cb SHT\u00cbPIT\u00cb E PENSIONIST\u00cbVE ME T\u00cb CILAT DISPONON FONDI I SPIMV (nga data 04.04.2023)<\/a><\/p>\n<p>&nbsp;<\/p>\n","protected":false},"excerpt":{"rendered":"<p>Kjo list\u00eb e rangimit i n\u00ebnshtrohet ndryshimeve bazuar n\u00eb azhurnimin e k\u00ebrkesave t\u00eb tjera q\u00eb aktualisht nuk jan\u00eb t\u00eb ranguar K\u00cbRKES\u00cb P\u00cbR STREHIM N\u00cb SHT\u00cbPI T\u00cb PENSIONIST\u00cbVE K\u00cbRKES\u00cb P\u00cbR L\u00cbSHIMIN E T\u00cb DH\u00cbNAVE NGA KADAST\u00cbRI DEKLARAT\u00cb P\u00cbR KURSIM RREGULLORE MBI M\u00cbNYR\u00cbN DHE KUSHTET P\u00cbR STREHIM N\u00cb SHT\u00cbPIT\u00cb DHE APARTAMENTET P\u00cbR JETES\u00cb ME T\u00cb CILAT MENAXHON [&hellip;]<\/p>\n","protected":false},"author":1,"featured_media":0,"parent":0,"menu_order":0,"comment_status":"closed","ping_status":"closed","template":"","meta":[],"_links":{"self":[{"href":"https:\/\/www.piom.com.mk\/sq\/wp-json\/wp\/v2\/pages\/1021"}],"collection":[{"href":"https:\/\/www.piom.com.mk\/sq\/wp-json\/wp\/v2\/pages"}],"about":[{"href":"https:\/\/www.piom.com.mk\/sq\/wp-json\/wp\/v2\/types\/page"}],"author":[{"embeddable":true,"href":"https:\/\/www.piom.com.mk\/sq\/wp-json\/wp\/v2\/users\/1"}],"replies":[{"embeddable":true,"href":"https:\/\/www.piom.com.mk\/sq\/wp-json\/wp\/v2\/comments?post=1021"}],"version-history":[{"count":16,"href":"https:\/\/www.piom.com.mk\/sq\/wp-json\/wp\/v2\/pages\/1021\/revisions"}],"predecessor-version":[{"id":14473,"href":"https:\/\/www.piom.com.mk\/sq\/wp-json\/wp\/v2\/pages\/1021\/revisions\/14473"}],"wp:attachment":[{"href":"https:\/\/www.piom.com.mk\/sq\/wp-json\/wp\/v2\/media?parent=1021"}],"curies":[{"name":"wp","href":"https:\/\/api.w.org\/{rel}","templated":true}]}}