{"id":1035,"date":"2016-01-20T08:03:53","date_gmt":"2016-01-20T07:03:53","guid":{"rendered":"http:\/\/www.piom.com.mk\/sq\/?page_id=1035"},"modified":"2025-11-19T15:34:01","modified_gmt":"2025-11-19T14:34:01","slug":"proceset-e-reformes","status":"publish","type":"page","link":"https:\/\/www.piom.com.mk\/sq\/proceset-e-reformes\/","title":{"rendered":"Proceset e reform\u00ebs"},"content":{"rendered":"<p><strong>HAP REFORMUES P\u00cbR BASHK\u00cbPUNIM CIL\u00cbSOR<\/strong><\/p>\n<p style=\"text-align: justify;\">N\u00eb p\u00ebrputhje me obligimet ligjore t\u00eb sistemit t\u00eb ri t\u00eb reformuar pensional shum\u00ebshtyll\u00ebsh, Fondi i Sigurimit Pensional dhe Invalidor i Maqedonis\u00eb s\u00eb Veriut ka marr\u00eb nj\u00eb funksion t\u00eb ri dhe shum\u00eb t\u00eb r\u00ebnd\u00ebsish\u00ebm, q\u00eb n\u00eb procedur\u00eb t\u00eb vetme t\u00eb grumbulloj\u00eb, kontrolloj\u00eb dhe t\u2019i shp\u00ebrndaj\u00eb kontributet midis fondeve private dhe atij shtet\u00ebror.<\/p>\n<p style=\"text-align: justify;\">Fondi mbledh t\u00eb dh\u00ebna mujore p\u00ebr pagat dhe kontributet e llogaritura, i kontrollon ato dhe shp\u00ebrndan mjetet e paguara p\u00ebr kontribut ve\u00e7mas p\u00ebr \u00e7do t\u00eb siguruar, duke mbajtur evidenc\u00eb p\u00ebrkat\u00ebse. Fondi korespondon t\u00eb dh\u00ebna p\u00ebr \u00e7do t\u00eb siguruar q\u00eb nga fillimi i pun\u00ebsimit, nd\u00ebrprerjen, periudh\u00ebn e stazhit t\u00eb sigurimit, baz\u00ebn e sigurimit dhe lart\u00ebsin\u00eb e kontributit t\u00eb paguar. P\u00ebrve\u00e7 k\u00ebsaj, Fondi mban evidenc\u00eb p\u00ebr an\u00ebtar\u00ebsimin e t\u00eb siguruarit n\u00eb ndonj\u00eb fond pensional privat, p\u00ebr lart\u00ebsin\u00eb e mjeteve t\u00eb transferuara n\u00eb fondet private, ku ai \u00ebsht\u00eb i an\u00ebtar\u00ebsuar, etj.<\/p>\n<p style=\"text-align: justify;\">P\u00ebr realizimin e k\u00ebtij q\u00ebllimi, Fondi ka p\u00ebrgatitur dhe do t\u00eb ofroj\u00eb softuer pa pages\u00eb p\u00ebr \u00e7do obliguar, p\u00ebrmes s\u00eb cilit dor\u00ebzimi i t\u00eb dh\u00ebnave do t\u00eb\u00a0 kryhet n\u00eb m\u00ebnyr\u00eb elektronike, duke p\u00ebrdorur formatin e krijuar t\u00eb fajlit t\u00eb formularit LLMKRr (Llogari Mujore p\u00ebr Kontribut dhe Rrog\u00eb).<\/p>\n<p style=\"text-align: justify;\"><strong>M\u00ebnyra e re e pages\u00ebs s\u00eb kontributeve do t\u00eb siguroj\u00eb:<\/strong><\/p>\n<p style=\"text-align: justify;\">Procedur\u00eb ekonomike, racionale dhe efikase n\u00eb pages\u00ebn e kontributeve;<br \/>\nT\u00eb dh\u00ebna cil\u00ebsore mujore p\u00ebr obliguesitt dhe t\u00eb siguruarit, t\u00eb cilat jan\u00eb me r\u00ebnd\u00ebsis\u00eb jo vet\u00ebm p\u00ebr fondin shtet\u00ebror, por edhe p\u00ebr llogarit\u00eb individuale t\u00eb t\u00eb siguruarve, pra an\u00ebtar\u00ebt e fondeve private;<br \/>\nRacionalizim dhe avancim n\u00eb m\u00ebnyr\u00ebn e dor\u00ebzimit t\u00eb t\u00eb dh\u00ebnave p\u00ebr stazh dhe pag\u00eb t\u00eb t\u00eb pun\u00ebsuarve, gj\u00eb q\u00eb do t\u00eb leht\u00ebsoj\u00eb obliguesit;<br \/>\nAvancim t\u00eb kontrollit dhe pages\u00ebs s\u00eb kontributeve p\u00ebr sigurim pensional dhe invalidor.<br \/>\nVendosja e ndryshimeve n\u00eb m\u00ebnyr\u00ebn e dor\u00ebzimit t\u00eb t\u00eb dh\u00ebnave, si pjes\u00eb e procesit t\u00eb ri p\u00ebr pages\u00ebn e kontributeve, k\u00ebrkon sakt\u00ebsi t\u00eb detajuar p\u00ebr disa \u00e7\u00ebshtje q\u00eb lidhen me k\u00ebt\u00eb proces. P\u00ebr k\u00ebt\u00eb arsye, pritet q\u00eb doracaku i cili tashm\u00eb po publikohet, t\u00eb sh\u00ebrbej\u00eb p\u00ebr t\u00eb nj\u00ebjtin funksion.<\/p>\n","protected":false},"excerpt":{"rendered":"<p>HAP REFORMUES P\u00cbR BASHK\u00cbPUNIM CIL\u00cbSOR N\u00eb p\u00ebrputhje me obligimet ligjore t\u00eb sistemit t\u00eb ri t\u00eb reformuar pensional shum\u00ebshtyll\u00ebsh, Fondi i Sigurimit Pensional dhe Invalidor i Maqedonis\u00eb s\u00eb Veriut ka marr\u00eb nj\u00eb funksion t\u00eb ri dhe shum\u00eb t\u00eb r\u00ebnd\u00ebsish\u00ebm, q\u00eb n\u00eb procedur\u00eb t\u00eb vetme t\u00eb grumbulloj\u00eb, kontrolloj\u00eb dhe t\u2019i shp\u00ebrndaj\u00eb kontributet midis fondeve private dhe atij [&hellip;]<\/p>\n","protected":false},"author":1,"featured_media":0,"parent":0,"menu_order":0,"comment_status":"closed","ping_status":"closed","template":"","meta":[],"_links":{"self":[{"href":"https:\/\/www.piom.com.mk\/sq\/wp-json\/wp\/v2\/pages\/1035"}],"collection":[{"href":"https:\/\/www.piom.com.mk\/sq\/wp-json\/wp\/v2\/pages"}],"about":[{"href":"https:\/\/www.piom.com.mk\/sq\/wp-json\/wp\/v2\/types\/page"}],"author":[{"embeddable":true,"href":"https:\/\/www.piom.com.mk\/sq\/wp-json\/wp\/v2\/users\/1"}],"replies":[{"embeddable":true,"href":"https:\/\/www.piom.com.mk\/sq\/wp-json\/wp\/v2\/comments?post=1035"}],"version-history":[{"count":5,"href":"https:\/\/www.piom.com.mk\/sq\/wp-json\/wp\/v2\/pages\/1035\/revisions"}],"predecessor-version":[{"id":14466,"href":"https:\/\/www.piom.com.mk\/sq\/wp-json\/wp\/v2\/pages\/1035\/revisions\/14466"}],"wp:attachment":[{"href":"https:\/\/www.piom.com.mk\/sq\/wp-json\/wp\/v2\/media?parent=1035"}],"curies":[{"name":"wp","href":"https:\/\/api.w.org\/{rel}","templated":true}]}}