{"id":1042,"date":"2016-01-20T08:06:31","date_gmt":"2016-01-20T07:06:31","guid":{"rendered":"http:\/\/www.piom.com.mk\/sq\/?page_id=1042"},"modified":"2025-11-20T09:28:46","modified_gmt":"2025-11-20T08:28:46","slug":"udhezime","status":"publish","type":"page","link":"https:\/\/www.piom.com.mk\/sq\/proceset-e-reformes\/udhezime\/","title":{"rendered":"Udh\u00ebzim\u0435"},"content":{"rendered":"<p><strong>Udh\u00ebzim p\u00ebr Plot\u00ebsimin dhe Dor\u00ebzimin e t\u00eb Dh\u00ebnave Mujore p\u00ebr Pagat dhe Kontributet e P\u00ebrllogaritura p\u00ebr t\u00eb Siguruarit deri te Fondi p\u00ebr Sigurim Pensional dhe Invalidor<\/strong><\/p>\n<p>Ky Udh\u00ebzim p\u00ebrpunon n\u00eb m\u00ebnyr\u00eb t\u00eb detajuar t\u00eb gjitha \u00e7\u00ebshtjet q\u00eb lidhen me plot\u00ebsimin dhe dor\u00ebzimin e t\u00eb dh\u00ebnave p\u00ebr pagat dhe kontributet e llogaritura (Formular LLMKRr, n\u00eb form\u00ebn elektronike, i parashikuar me Rregulloren p\u00ebr p\u00ebrmbajtjen, form\u00ebn dhe m\u00ebnyr\u00ebn e dor\u00ebzimit t\u00eb t\u00eb dh\u00ebnave p\u00ebr pag\u00eb t\u00eb llogaritur dhe kontribut p\u00ebr sigurim pensional dhe invalidor \u201cGazeta Zyrtare e RM-s\u00eb\u201d num\u00ebr 92\/04).<\/p>\n<p><strong>Ku \u00ebsht\u00eb i rregulluar obligimi p\u00ebr dor\u00ebzimin e t\u00eb dh\u00ebnave?<\/strong><\/p>\n<p>Me nenin 183 alineja 4, 5 dhe 6 t\u00eba Ligjit p\u00ebr ndryshim dhe plot\u00ebsim t\u00eb Ligjit p\u00ebr sigurim pensional dhe invalidor (\u201cGazeta Zyrtare e RM-s\u00eb\u201d nr. 85\/03) \u00ebsht\u00eb p\u00ebrcaktuar<\/p>\n<p>\u2022 T\u00eb obliguarit jan\u00eb t\u00eb detyruar q\u00eb kontributin p\u00ebr sigurim pensional dhe invalidor ta llogaritin dhe ta paguajn\u00eb \u00e7do muaj, ve\u00e7mas p\u00ebr \u00e7do t\u00eb siguruar n\u00eb bazat e p\u00ebrcaktuara sipas nenit 180 t\u00eb k\u00ebtij ligji p\u00ebr muajin p\u00ebrkat\u00ebs dhe t\u00eb dhenat p\u00ebr pagat dhe kontributet e p\u00ebrllogaritura t\u2019i dor\u00ebzojn\u00eb deri te Fondi m\u00eb se voni deri m\u00eb dat\u00ebn 8 &#8211; t\u00eb muajit p\u00ebr muajin paraprak.<\/p>\n<p>\u2022 Llogarin\u00eb mujore p\u00ebr lart\u00ebsin\u00eb e kontributit e kontrollon dhe v\u00ebrteton Fondi para se pun\u00ebdh\u00ebn\u00ebsi t\u00eb zbatoj\u00eb pages\u00ebn e kontributit te bart\u00ebsi i qarkullimit pagesor.<\/p>\n<p>\u2022 I obliguari \u00ebsht\u00eb i detyruar q\u00eb t\u00eb dh\u00ebnat t\u2019i dor\u00ebzoj\u00eb deri te Fondi n\u00eb form\u00eb elektronike, me shfryt\u00ebzim t\u00eb domosdosh\u00ebm t\u00eb softuerit kompjuterik t\u00eb Fondit, n\u00eb m\u00ebnyr\u00ebn dhe procedur\u00ebn e parapar\u00eb me Rregulloren p\u00ebr p\u00ebrmbajtjen, form\u00ebn dhe m\u00ebnyr\u00ebn e dor\u00ebzimit t\u00eb t\u00eb dh\u00ebnave p\u00ebr rrogen dhe kontributet e llogaritura p\u00ebr sigurim pensional dhe invalidor, ku m\u00eb konkretisht \u00ebsht\u00eb i rregulluar dor\u00ebzimi i t\u00eb dh\u00ebnave.<\/p>\n<p>Formati dhe p\u00ebrshkrimi i fajlit LLMKRr \u00ebsht\u00eb pjes\u00eb p\u00ebrb\u00ebrese e Rregullores s\u00eb shpallur n\u00eb \u201cGazet\u00ebn Zyrtare t\u00eb RM-s\u00eb\u201d 92\/04.<\/p>\n","protected":false},"excerpt":{"rendered":"<p>Udh\u00ebzim p\u00ebr Plot\u00ebsimin dhe Dor\u00ebzimin e t\u00eb Dh\u00ebnave Mujore p\u00ebr Pagat dhe Kontributet e P\u00ebrllogaritura p\u00ebr t\u00eb Siguruarit deri te Fondi p\u00ebr Sigurim Pensional dhe Invalidor Ky Udh\u00ebzim p\u00ebrpunon n\u00eb m\u00ebnyr\u00eb t\u00eb detajuar t\u00eb gjitha \u00e7\u00ebshtjet q\u00eb lidhen me plot\u00ebsimin dhe dor\u00ebzimin e t\u00eb dh\u00ebnave p\u00ebr pagat dhe kontributet e llogaritura (Formular LLMKRr, n\u00eb form\u00ebn [&hellip;]<\/p>\n","protected":false},"author":1,"featured_media":0,"parent":1035,"menu_order":0,"comment_status":"closed","ping_status":"closed","template":"","meta":[],"_links":{"self":[{"href":"https:\/\/www.piom.com.mk\/sq\/wp-json\/wp\/v2\/pages\/1042"}],"collection":[{"href":"https:\/\/www.piom.com.mk\/sq\/wp-json\/wp\/v2\/pages"}],"about":[{"href":"https:\/\/www.piom.com.mk\/sq\/wp-json\/wp\/v2\/types\/page"}],"author":[{"embeddable":true,"href":"https:\/\/www.piom.com.mk\/sq\/wp-json\/wp\/v2\/users\/1"}],"replies":[{"embeddable":true,"href":"https:\/\/www.piom.com.mk\/sq\/wp-json\/wp\/v2\/comments?post=1042"}],"version-history":[{"count":3,"href":"https:\/\/www.piom.com.mk\/sq\/wp-json\/wp\/v2\/pages\/1042\/revisions"}],"predecessor-version":[{"id":14471,"href":"https:\/\/www.piom.com.mk\/sq\/wp-json\/wp\/v2\/pages\/1042\/revisions\/14471"}],"up":[{"embeddable":true,"href":"https:\/\/www.piom.com.mk\/sq\/wp-json\/wp\/v2\/pages\/1035"}],"wp:attachment":[{"href":"https:\/\/www.piom.com.mk\/sq\/wp-json\/wp\/v2\/media?parent=1042"}],"curies":[{"name":"wp","href":"https:\/\/api.w.org\/{rel}","templated":true}]}}