{"id":1044,"date":"2016-01-20T08:07:18","date_gmt":"2016-01-20T07:07:18","guid":{"rendered":"http:\/\/www.piom.com.mk\/sq\/?page_id=1044"},"modified":"2025-11-20T09:24:04","modified_gmt":"2025-11-20T08:24:04","slug":"evidentimi-ame","status":"publish","type":"page","link":"https:\/\/www.piom.com.mk\/sq\/proceset-e-reformes\/evidentimi-ame\/","title":{"rendered":"Evidentimi Am\u00eb"},"content":{"rendered":"<p style=\"text-align: justify;\"><strong>Evidentimi am\u00eb bashk\u00ebkohor, racional dhe efikas n\u00eb Fondin e Sigurimit Pensional dhe Invalidor t\u00eb Maqedonis\u00eb s\u00eb Veriut<\/strong><\/p>\n<p><strong>A jeni t\u00eb njoftuar me risit\u00eb, p\u00ebrfitimet dhe mund\u00ebsit\u00eb q\u00eb ofron m\u00ebnyra e re e vendosjes dhe udh\u00ebheqjes s\u00eb evidentimit am\u00eb?<\/strong><\/p>\n<p><strong>Ky tekst \u00ebsht\u00eb p\u00ebrgatitur me q\u00ebllim t&#8217;ju informoj\u00eb p\u00ebr risit\u00eb dhe t&#8217;ju p\u00ebrcjell\u00eb informacionet e r\u00ebnd\u00ebsishme mbi\u00a0 m\u00ebnyr\u00ebn bashk\u00ebkohore t\u00eb vendosjes dhe udh\u00ebheqjes s\u00eb evidentimit am\u00eb n\u00eb Fondit.<\/strong><\/p>\n<p>Cilat dispozita e rregullojne evidentimin am\u00eb?<\/p>\n<p>Ligji p\u00ebr sigurim pensional dhe invalidor (&#8220;Gazeta Zyrtare e RM-s\u00eb&#8221; nr.98\/12,166\/12, 15\/13, 43\/14, 44\/14, 97\/14,113\/14, 160\/14, 188\/14, 16\/15, 20\/15) &#8211; n\u00eb fuqi prej 08.08.2012<\/p>\n<p>Rregullore p\u00ebr masat teknike dhe organizative p\u00ebr sigurimin e konfidencialitetit dhe mbrojtjen e p\u00ebrpunimit t\u00eb t\u00eb dh\u00ebnave t\u00eb Fondit p\u00ebr sigurim pensional dhe invalidor t\u00eb Maqedonis\u00eb (&#8220;Gazeta Zyrtare e RM-s\u00eb&#8221; nr.73\/2015)<\/p>\n<p>Rregullore p\u00ebr p\u00ebrmbajtjen e inspektimit t\u00eb t\u00eb dh\u00ebnave t\u00eb regjistruara n\u00eb evidenc\u00ebn am\u00eb t\u00eb t\u00eb siguruarve (&#8220;Gazeta Zyrtare e RM-s\u00eb&#8221; nr. 197\/2014).<\/p>\n<p>Rregullore p\u00ebr form\u00ebn, p\u00ebrmbajtjen dhe m\u00ebnyr\u00ebn e dor\u00ebzimit t\u00eb formular\u00ebve, flet\u00ebparaqitjeve p\u00ebr evidentim am\u00eb (&#8220;Gazeta Zyrtare e RM-s\u00eb&#8221; nr.148\/2008, 46\/2009)<\/p>\n<p>Rregullore p\u00ebr p\u00ebrcaktimin e vendeve t\u00eb pun\u00ebs n\u00eb t\u00eb cil\u00ebt stazhi i sigurimit konsiderohet me koh\u00ebzgjatje t\u00eb shtuar (&#8220;Gazeta Zyrtare e RM-s\u00eb&#8221; nr.11\/2011<\/p>\n<p>Vendim p\u00ebr p\u00ebrcaktimin e Kodit t\u00eb vet\u00ebm t\u00eb shifrave p\u00ebr regjistrimin e t\u00eb dh\u00ebnave n\u00eb evidenc\u00ebn am\u00eb (&#8220;Gazeta Zyrtare e RM-s\u00eb&#8221; nr.77\/2007, 83\/2010, 89\/2011)<\/p>\n<p>Rregullore p\u00ebr m\u00ebnyr\u00ebn e udh\u00ebheqjes t\u00eb evidentimit am\u00eb n\u00eb Fondin e sigurimit pensional dhe invalidor (&#8220;Gazeta Zyrtare e RM-s\u00eb&#8221; nr. 70\/2013)<\/p>\n<p>Udh\u00ebzues p\u00ebr parimet e vetme metodologjike p\u00ebr udh\u00ebheqjen e evidentimit am\u00eb (&#8220;Gazeta Zyrtare e RM-s\u00eb&#8221; nr.70\/2013)<\/p>\n<p>Rregullore p\u00ebr p\u00ebrmbajtjen, form\u00ebn dhe m\u00ebnyr\u00ebn e dor\u00ebzimit t\u00eb t\u00eb dh\u00ebnave p\u00ebr pag\u00ebn dhe kontributin e llogaritur p\u00ebr sigurim pensional dhe invalidor (&#8220;Gazeta Zyrtare e RM-s\u00eb&#8221; nr.92\/2004)<\/p>\n<p>\u2022 Ligji per evidentimin am\u00eb p\u00ebr t\u00eb siguruarit dhe shfrytezuesit e s\u00eb drejt\u00ebs p\u00ebr sigurim pensional dhe invalidor (Gazeta Zyrtare e Republik\u00ebs s\u00eb Maqedonis\u00eb\u201d nr. 16\/2004) SHFUQIZOHET<br \/>\n\u2022 Rregullore p\u00ebr formular\u00ebt e flet\u00ebparaqitjeve p\u00ebr evidentimin am\u00eb (Gazeta Zyrtare e Republik\u00ebs s\u00eb Maqedonis\u00eb\u201d nr. 20\/2004 dhe 24\/2004) SHFUQIZOHET<br \/>\n\u2022 Udh\u00ebzime p\u00ebr principet metodologjike t\u00eb vetme p\u00ebr udheheqjen e evidentimit am\u00eb (Gazeta Zyrtare e Republik\u00ebs s\u00eb Maqedonis\u00eb\u201d nr. 20\/2004) SHFUQIZOHET<\/p>\n","protected":false},"excerpt":{"rendered":"<p>Evidentimi am\u00eb bashk\u00ebkohor, racional dhe efikas n\u00eb Fondin e Sigurimit Pensional dhe Invalidor t\u00eb Maqedonis\u00eb s\u00eb Veriut A jeni t\u00eb njoftuar me risit\u00eb, p\u00ebrfitimet dhe mund\u00ebsit\u00eb q\u00eb ofron m\u00ebnyra e re e vendosjes dhe udh\u00ebheqjes s\u00eb evidentimit am\u00eb? Ky tekst \u00ebsht\u00eb p\u00ebrgatitur me q\u00ebllim t&#8217;ju informoj\u00eb p\u00ebr risit\u00eb dhe t&#8217;ju p\u00ebrcjell\u00eb informacionet e r\u00ebnd\u00ebsishme mbi\u00a0 [&hellip;]<\/p>\n","protected":false},"author":1,"featured_media":0,"parent":1035,"menu_order":0,"comment_status":"closed","ping_status":"closed","template":"","meta":[],"_links":{"self":[{"href":"https:\/\/www.piom.com.mk\/sq\/wp-json\/wp\/v2\/pages\/1044"}],"collection":[{"href":"https:\/\/www.piom.com.mk\/sq\/wp-json\/wp\/v2\/pages"}],"about":[{"href":"https:\/\/www.piom.com.mk\/sq\/wp-json\/wp\/v2\/types\/page"}],"author":[{"embeddable":true,"href":"https:\/\/www.piom.com.mk\/sq\/wp-json\/wp\/v2\/users\/1"}],"replies":[{"embeddable":true,"href":"https:\/\/www.piom.com.mk\/sq\/wp-json\/wp\/v2\/comments?post=1044"}],"version-history":[{"count":4,"href":"https:\/\/www.piom.com.mk\/sq\/wp-json\/wp\/v2\/pages\/1044\/revisions"}],"predecessor-version":[{"id":14469,"href":"https:\/\/www.piom.com.mk\/sq\/wp-json\/wp\/v2\/pages\/1044\/revisions\/14469"}],"up":[{"embeddable":true,"href":"https:\/\/www.piom.com.mk\/sq\/wp-json\/wp\/v2\/pages\/1035"}],"wp:attachment":[{"href":"https:\/\/www.piom.com.mk\/sq\/wp-json\/wp\/v2\/media?parent=1044"}],"curies":[{"name":"wp","href":"https:\/\/api.w.org\/{rel}","templated":true}]}}