{"id":1046,"date":"2016-01-20T08:08:33","date_gmt":"2016-01-20T07:08:33","guid":{"rendered":"http:\/\/www.piom.com.mk\/sq\/?page_id=1046"},"modified":"2025-11-20T13:57:41","modified_gmt":"2025-11-20T12:57:41","slug":"te-drejtat-e-te-siguruarit","status":"publish","type":"page","link":"https:\/\/www.piom.com.mk\/sq\/te-drejtat-e-te-siguruarit\/","title":{"rendered":"T\u00eb drejtat e t\u00eb siguruarit"},"content":{"rendered":"<p style=\"text-align: justify;\">Kushte aktuale p\u00ebr realizimin e t\u00eb drejt\u00ebs s\u00eb pensionit<\/p>\n<p style=\"text-align: justify;\"><strong>Llojet e t\u00eb drejtave:<\/strong><\/p>\n<p style=\"text-align: justify;\"><strong>1. Pension pleq\u00ebrie<\/strong><br \/>\n<strong> 2. Pension invaliditeti<\/strong><br \/>\n<strong> 3. Pension familjar<\/strong><br \/>\n<strong> 4. T\u00eb drejt\u00eb kompensimi n\u00eb t\u00eb holla p\u00ebr d\u00ebmtim trupor t\u00eb p\u00ebrcaktuar<\/strong><br \/>\n<strong> 5. T\u00eb drejt\u00eb kompensimi n\u00eb t\u00eb holla p\u00ebr rehabilitim profesional<\/strong><\/p>\n<p style=\"text-align: justify;\">Kushtet aktuale p\u00ebr realizimin e t\u00eb drejt\u00ebs s\u00eb pensionit<\/p>\n<p style=\"text-align: justify;\">Sipas nenit 17 t\u00eb Ligjiit (Gazeta Zyrtare e RM-s\u00eb nr.24\/00), i siguruari realizon t\u00eb drejt\u00ebn p\u00ebr pension pleq\u00ebrie n\u00eb mosh\u00ebn 64 vjet ( meshkuj), respektivisht 62 vjet (femra), dhe m\u00eb s\u00eb paku 15 vjet stazh pensionimi.<\/p>\n<p style=\"text-align: justify;\">Kushtet aktuale p\u00ebr realizimin e s\u00eb drejt\u00ebs s\u00eb pensionit p\u00ebr kategorit\u00eb e ve\u00e7anta t\u00eb t\u00eb siguruarve<br \/>\nT\u00eb siguruarit n\u00eb Ministrin\u00eb e Mbrojtjes, n\u00eb sh\u00ebrbimin e p\u00ebrhersh\u00ebm t\u00eb Armat\u00ebs s\u00eb Republik\u00ebs s\u00eb Maqedonis\u00eb s\u00eb Veriut, si dhe punonj\u00ebsi e\u00a0 Ministris\u00eb s\u00eb Pun\u00ebve t\u00eb Brendshme, mund t\u00eb realizojn\u00eb t\u00eb drejt\u00ebn p\u00ebr pension n\u00ebse kan\u00eb s\u00eb paku 25 vjet stazh pensionimi, prej t\u00eb cilave 15 vjet efektive n\u00eb vende pune ku stazhi llogaritet me koh\u00ebzgjatje t\u00eb shtuar dhe 55 vjet (meshkuj), respektivisht 50 vjet (femra), n\u00ebse marr\u00ebdh\u00ebnia e pun\u00ebs u \u00ebsht\u00eb nd\u00ebrprer\u00eb p\u00ebr nevoja sh\u00ebrbimi.<\/p>\n<p style=\"text-align: justify;\">Lajm\u00ebrim i kushteve p\u00ebr arritjen e s\u00eb drejt\u00ebs s\u00eb pensionit t\u00eb pleq\u00ebris\u00eb n\u00eb mb\u00ebshtetje me Ligjin p\u00ebr ndryshim dhe plot\u00ebsim t\u00eb Ligjit p\u00ebr sigurim pensional dhe invalidor<br \/>\nN\u00eb &#8220;Gazet\u00ebn Zyrtare t\u00eb Republik\u00ebs s\u00eb Maqedonis\u00eb&#8221; nr. 101\/05 (24.11.2005) jan\u00eb publikuar ndryshimet dhe plot\u00ebsimet e Ligjit p\u00ebr sigurim pensional dhe invalidor.<br \/>\nMe nenin 1 t\u00eb k\u00ebtyre ndryshimeve dhe plot\u00ebsimeve \u00ebsht\u00eb e rregulluar se n\u00eb nenin 30 nga Ligji<br \/>\np\u00ebr ndryshim dhe plot\u00ebsim t\u00eb Ligjin p\u00ebr sigurim pensional dhe invalidor \u201cGazeta Zyrtare e RM-s\u00eb nr. 24\/00\u201d, numri \u201c35\u201d z\u00ebvend\u00ebsohet me\u00a0 \u201c33\u201d, numri \u201c30\u201d z\u00ebvend\u00ebsohet me \u201c28\u201d.<\/p>\n<p style=\"text-align: justify;\">Me ndryshimet dhe plot\u00ebsimet e n\u00ebnvizuara t\u00eb Ligjit, t\u00eb siguruarit mund t\u00eb realizojn\u00eb pension pleq\u00ebrie n\u00ebse m\u00eb 01.09.2000, kan\u00eb mbushur 28 vjet stazh (femra), p\u00ebrkat\u00ebsisht 33 vjet stazh (meshkuj), dhe kur arrijn\u00eb 35 vjet, respektivisht 40 vjet stazh, pa marr\u00eb parasysh mosh\u00ebn.<\/p>\n<p style=\"text-align: justify;\">N\u00eb mb\u00ebshtetje me k\u00ebsaj dispozite, n\u00ebse jan\u00eb plot\u00ebsuar kushtet e nenit 1 t\u00eb ligjit t\u00eb lartp\u00ebrmendur, t\u00eb drejt\u00ebn e pensionit t\u00eb pleq\u00ebris\u00eb do ta realizojn\u00eb edhe t\u00eb siguruarit, stazhi i sigurimit i t\u00eb cil\u00ebve llogaritet me koh\u00ebzgjatje t\u00eb shtuar, me kusht q\u00eb t\u00eb jet\u00eb paguar kontributi p\u00ebr sigurim pensional dhe invalidor.<\/p>\n<p style=\"text-align: justify;\">Duke pasur parasysh ndryshimet dhe plot\u00ebsimet e zbatuara, njoftohen t\u00eb siguruarit se me k\u00ebto ndryshime dhe plot\u00ebsime nuk rikthehen plot\u00ebsisht kushtet e m\u00ebparshme p\u00ebr realizimin e s\u00eb drejt\u00ebs s\u00eb pensionit t\u00eb pleq\u00ebris\u00eb.<\/p>\n<p style=\"text-align: justify;\">Konkretisht, kushtet p\u00ebr fitimin e s\u00eb drejt\u00ebs s\u00eb pensionit t\u00eb pleq\u00ebris\u00eb t\u00eb p\u00ebrcaktuara me nenin 5 t\u00eb Ligjit p\u00ebr ndryshim dhe plot\u00ebsim t\u00eb sigurimit pensional dhe invalidor (\u201cGazeta Zyrtare e RM-s\u00eb\u201d nr. 24\/00\u201d) mbeten t\u00eb pandryshuara, pra t\u00eb drejt\u00eb p\u00ebr pension pleq\u00ebrie kan\u00eb t\u00eb siguruarit q\u00eb kan\u00eb mbushur 64 vjet (meshkuj), respektivisht 62 vjet (femra) dhe kan\u00eb minimum 15 vjet stazh pensionimi. N\u00eb periudh\u00ebn deri m\u00eb 31.12.2005, kufiri i pleq\u00ebris\u00eb p\u00ebr t\u00eb siguruarin femra ishte 61 vjet, nd\u00ebrsa nga 01.01.2006 deri m\u00eb 31.12.2006, arrin 61 vjet e gjasht\u00eb muaj.<\/p>\n<p style=\"text-align: justify;\"><strong>DISPOZITAT KUND\u00cbRVAJT\u00cbSE<\/strong><\/p>\n<p style=\"text-align: justify;\">N\u00ebse mjeku specialist, i cili merr pjes\u00eb n\u00eb procedur\u00eb p\u00ebr p\u00ebrcaktimin e invaliditetit, respektivisht paaft\u00ebsin\u00eb p\u00ebr pun\u00eb, pa baz\u00eb p\u00ebrcakton invaliditet ose paraqet dokumentacion t\u00eb pav\u00ebrtet\u00eb apo t\u00eb gabuar mjek\u00ebsor, kjo p\u00ebrb\u00ebn shkelje t\u00eb obligimeve t\u00eb caktuara me ligj dhe \u00ebsht\u00eb baz\u00eb p\u00ebr largim nga puna.<br \/>\nPersoni q\u00eb ka dor\u00ebzuar dokumentacion mjek\u00ebsor t\u00eb pav\u00ebrtet\u00eb ose t\u00eb gabuar, pa baz\u00eb ka p\u00ebrcaktuar invaliditet ose nuk ka paraqitur invaliditet, apo ka paraqitur dokumentacion t\u00eb rrem\u00eb, do t\u00eb p\u00ebrgjigjet p\u00ebr vep\u00ebr penale dhe do t\u00eb jet\u00eb d\u00ebnohet n\u00eb p\u00ebrputhje me Ligjin Penal.<\/p>\n","protected":false},"excerpt":{"rendered":"<p>Kushte aktuale p\u00ebr realizimin e t\u00eb drejt\u00ebs s\u00eb pensionit Llojet e t\u00eb drejtave: 1. Pension pleq\u00ebrie 2. Pension invaliditeti 3. Pension familjar 4. T\u00eb drejt\u00eb kompensimi n\u00eb t\u00eb holla p\u00ebr d\u00ebmtim trupor t\u00eb p\u00ebrcaktuar 5. T\u00eb drejt\u00eb kompensimi n\u00eb t\u00eb holla p\u00ebr rehabilitim profesional Kushtet aktuale p\u00ebr realizimin e t\u00eb drejt\u00ebs s\u00eb pensionit Sipas nenit [&hellip;]<\/p>\n","protected":false},"author":1,"featured_media":0,"parent":0,"menu_order":0,"comment_status":"closed","ping_status":"closed","template":"","meta":[],"_links":{"self":[{"href":"https:\/\/www.piom.com.mk\/sq\/wp-json\/wp\/v2\/pages\/1046"}],"collection":[{"href":"https:\/\/www.piom.com.mk\/sq\/wp-json\/wp\/v2\/pages"}],"about":[{"href":"https:\/\/www.piom.com.mk\/sq\/wp-json\/wp\/v2\/types\/page"}],"author":[{"embeddable":true,"href":"https:\/\/www.piom.com.mk\/sq\/wp-json\/wp\/v2\/users\/1"}],"replies":[{"embeddable":true,"href":"https:\/\/www.piom.com.mk\/sq\/wp-json\/wp\/v2\/comments?post=1046"}],"version-history":[{"count":4,"href":"https:\/\/www.piom.com.mk\/sq\/wp-json\/wp\/v2\/pages\/1046\/revisions"}],"predecessor-version":[{"id":14477,"href":"https:\/\/www.piom.com.mk\/sq\/wp-json\/wp\/v2\/pages\/1046\/revisions\/14477"}],"wp:attachment":[{"href":"https:\/\/www.piom.com.mk\/sq\/wp-json\/wp\/v2\/media?parent=1046"}],"curies":[{"name":"wp","href":"https:\/\/api.w.org\/{rel}","templated":true}]}}