{"id":1048,"date":"2016-01-20T08:10:40","date_gmt":"2016-01-20T07:10:40","guid":{"rendered":"http:\/\/www.piom.com.mk\/sq\/?page_id=1048"},"modified":"2025-11-20T14:58:26","modified_gmt":"2025-11-20T13:58:26","slug":"menyra-dhe-dokumentacioni-i-nevojshem","status":"publish","type":"page","link":"https:\/\/www.piom.com.mk\/sq\/te-drejtat-e-te-siguruarit\/menyra-dhe-dokumentacioni-i-nevojshem\/","title":{"rendered":"M\u00ebnyra dhe dokumentacioni i nevojsh\u00ebm"},"content":{"rendered":"<p><strong>Procedura p\u00ebr realizimin e s\u00eb drejt\u00ebs p\u00ebr sigurim pensional dhe invalidor fillon me:<br \/>\n<\/strong><br \/>\n<strong>&#8211; k\u00ebrkes\u00eb t\u00eb t\u00eb siguruarit<\/strong> p\u00ebr realizimin e s\u00eb drejt\u00ebs s\u00eb pensionit t\u00eb pleq\u00ebris\u00eb<br \/>\n<strong>&#8211; k\u00ebrkes\u00eb t\u00eb an\u00ebtarit t\u00eb familjes<\/strong> s\u00eb t\u00eb siguruarit t\u00eb ndjer\u00eb ose p\u00ebrfituesit t\u00eb pensionit, p\u00ebr realizimin e s\u00eb drejt\u00ebs s\u00eb pensionit familjar<br \/>\n<strong>&#8211; k\u00ebrkes\u00eb t\u00eb t\u00eb siguruarit<\/strong> ose me propozim t\u00eb mjekut q\u00eb e ka sh\u00ebruar t\u00eb siguruarin, respektivisht komisionit t\u00eb mjek\u00ebve p\u00ebr realizimin e s\u00eb drejt\u00ebs nga sigurimi invalidor (pension invaliditeti, kompensim n\u00eb t\u00eb holla p\u00ebr d\u00ebmtim trupor)<br \/>\nK\u00ebrkesa p\u00ebr realizimin e s\u00eb drejt\u00ebs nga sigurimi pensional dhe invalidor parashtrohet me shkrim n\u00eb formular EP-10 (k\u00ebrkes\u00eb p\u00ebr realizimin e s\u00eb drejt\u00ebs p\u00ebr sigurim pensional dhe invalidor). Shtojca nr.1 d\u00ebrgohet te Nj\u00ebsia Rajonale e Sh\u00ebrbimit Profesional t\u00eb Fondit t\u00eb SPIMV-s\u00eb n\u00eb t\u00eb cil\u00ebn nj\u00ebsi i siguruari ka qen\u00eb i siguruar her\u00ebn e fundit.<\/p>\n<p><strong>Dokumentacioni i nevojsh\u00ebm p\u00ebr realizimin e s\u00eb drejt\u00ebs s\u00eb sigurimit pensional dhe invalidor:<\/strong><\/p>\n<p><strong>a) P\u00ebr pension pleq\u00ebrie<\/strong><\/p>\n<p>&#8211;<strong> Librez\u00eb pune<\/strong> dhe d\u00ebshmi p\u00ebr stazhin e pensionimit q\u00eb nuk \u00ebsht\u00eb i sh\u00ebnuar n\u00eb librez\u00ebn e pun\u00ebs (vendim, certifikat\u00eb, v\u00ebrtetim, etj.)<br \/>\n&#8211; <strong>Certifikat\u00eb e lindjes<\/strong> me num\u00ebr unik personal apo let\u00ebrnjoftim p\u00ebr inspektim.<br \/>\n&#8211; A<strong>ktvendim<\/strong> p\u00ebr nd\u00ebrprerjen e marr\u00ebdh\u00ebnies s\u00eb pun\u00ebs, respektivisht pushimin e sigurimit (formular M2).<\/p>\n<p><strong>b) P\u00ebr t\u00eb drejt\u00ebn e sigurimit invalidor:<\/strong><\/p>\n<p>&#8211;<strong> Librez\u00eb pune<\/strong> dhe d\u00ebshmi p\u00ebr stazhin e pensionimit q\u00eb nuk \u00ebsht\u00eb i sh\u00ebnuar n\u00eb librez\u00ebn e pun\u00ebs (vendim, certifikat\u00eb, v\u00ebrtetim, etj.)<br \/>\n&#8211; <strong>Certifikat\u00eb e lindjes<\/strong> me num\u00ebr unik personal apo let\u00ebrnjoftim p\u00ebr inspektim.<br \/>\n&#8211; Formular nr. 3 i l\u00ebshuar nga mjeku am\u00eb (Propozim p\u00ebr p\u00ebrcaktimin e invaliditetit me konstatim dhe mendim p\u00ebr gjendjen sh\u00ebndet\u00ebsore dhe aft\u00ebsin\u00eb punuese t\u00eb t\u00eb siguruarit).<br \/>\n&#8211; D<strong>okumentacion medicinal<\/strong> i parashikuar me Vendimin p\u00ebr v\u00ebllimin minimal t\u00eb detyruesh\u00ebm dhe p\u00ebrmbajtjen e dokumentacionit medicinal n\u00eb procesin e realizimit t\u00eb s\u00eb drejt\u00ebs n\u00eb baz\u00eb t\u00eb invaliditetit (&#8220;Gazeta Zyrtare e RM-s\u00eb&#8221; nr. 88\/04).<br \/>\n&#8211; <strong>Flet\u00ebparaqitje p\u00ebr l\u00ebndim<\/strong> n\u00eb pun\u00eb (n\u00ebse i siguruari \u00ebsht\u00eb l\u00ebnduar n\u00eb pun\u00eb).<\/p>\n<p><strong>c) P\u00ebr t\u00eb drejt\u00ebn e pensionit familjar:<\/strong><\/p>\n<p>&#8211; L<strong>ibrez\u00eb<\/strong> pun\u00eb dhe d\u00ebshmi p\u00ebr stazhin e pensionimit q\u00eb nuk \u00ebsht\u00eb I evidentuar n\u00eb librez\u00ebn e pun\u00ebs (vendim, certifikat\u00eb, v\u00ebrtetim, etj.), n\u00ebse e drejta p\u00ebr pension familjar realizohet pas vdekjes s\u00eb t\u00eb siguruarit aktiv.<br \/>\n&#8211; <strong>Certifikat\u00eb e lindjes<\/strong> me num\u00ebr unik personal p\u00ebr t\u00eb gjith\u00eb an\u00ebtar\u00ebt e familjes p\u00ebr t\u00eb cil\u00ebt k\u00ebrkohet pranimi i s\u00eb drejt\u00ebs s\u00eb pensionit familjar.<br \/>\n&#8211; <strong>Certifikat\u00eb martese<\/strong> p\u00ebr t\u00eb ven\u00eb\/vejanin p\u00ebr t\u00eb cil\u00ebt k\u00ebrkohet pranimi i s\u00eb drejt\u00ebs s\u00eb pensionit familjar (certifikata duhet t\u00eb jet\u00eb e l\u00ebshuar pas vdekjes s\u00eb t\u00eb siguruarit \u2013 p\u00ebrfituesit t\u00eb pensionit)<br \/>\n&#8211; <strong>Certifikat\u00eb<\/strong> nga libri am\u00eb i t\u00eb ndjerit dhe flet\u00ebparaqitje p\u00ebr fatkeq\u00ebsi n\u00eb pun\u00eb, n\u00ebse vdekja \u00ebsht\u00eb shkaktuar nga l\u00ebndimi n\u00eb pun\u00eb.<br \/>\n&#8211; D<strong>\u00ebshmi p\u00ebr shkollim<\/strong> t\u00eb rregullt p\u00ebr f\u00ebmij\u00ebt mbi 15 vje\u00e7, p\u00ebr t\u00eb cil\u00ebt k\u00ebrkohet pranimi i s\u00eb drejt\u00ebs s\u00eb pensionit familjar.<br \/>\n&#8211;<strong> Dokumentacion mjek\u00ebsor <\/strong>p\u00ebr an\u00ebtar\u00ebt e familjes p\u00ebr t\u00eb cil\u00ebt k\u00ebrkohet pranimi i s\u00eb drejt\u00ebs s\u00eb pensionit familjar n\u00eb baz\u00eb t\u00eb paaft\u00ebsis\u00eb p\u00ebr pun\u00eb<br \/>\n&#8211; D<strong>\u00ebshmi p\u00ebr adoptim,<\/strong> p\u00ebr amvis\u00ebri t\u00eb p\u00ebrbashk\u00ebt, p\u00ebr gjendjen e pron\u00ebs s\u00eb amvis\u00ebris\u00eb, p\u00ebr mir\u00ebmbajtjen, p\u00ebr sh\u00ebrbimin ushtarak etj., n\u00eb rastet kur pranimi i s\u00eb drejt\u00ebs s\u00eb pensionit familjar p\u00ebr \u00e7do an\u00ebtar ve\u00e7mas \u00ebsht\u00eb i kusht\u00ebzuar me mosekzistimin e fakteve t\u00eb caktuara.<br \/>\nP\u00ebrve\u00e7 d\u00ebshmive t\u00eb m\u00ebsip\u00ebrme, me k\u00ebrkes\u00ebn p\u00ebr njohjen e s\u00eb drejt\u00ebs s\u00eb sigurimit pensional dhe invalidor mund t\u00eb bashk\u00ebngjiten edhe dokumente t\u00eb tjera p\u00ebr v\u00ebrtetimin e fakteve q\u00eb lidhen me realizimin e s\u00eb drejt\u00ebs (p.sh. vendim p\u00ebr shfryt\u00ebzimin e disa t\u00eb drejtave nga sigurimi pensional dhe invalidor, aktgjykime p\u00ebr ndarje ushqimi, certifikata\/v\u00ebrtetime p\u00ebr marr\u00ebdh\u00ebnie pune ose ushtrim veprimtarie, etj.)<\/p>\n","protected":false},"excerpt":{"rendered":"<p>Procedura p\u00ebr realizimin e s\u00eb drejt\u00ebs p\u00ebr sigurim pensional dhe invalidor fillon me: &#8211; k\u00ebrkes\u00eb t\u00eb t\u00eb siguruarit p\u00ebr realizimin e s\u00eb drejt\u00ebs s\u00eb pensionit t\u00eb pleq\u00ebris\u00eb &#8211; k\u00ebrkes\u00eb t\u00eb an\u00ebtarit t\u00eb familjes s\u00eb t\u00eb siguruarit t\u00eb ndjer\u00eb ose p\u00ebrfituesit t\u00eb pensionit, p\u00ebr realizimin e s\u00eb drejt\u00ebs s\u00eb pensionit familjar &#8211; k\u00ebrkes\u00eb t\u00eb t\u00eb siguruarit [&hellip;]<\/p>\n","protected":false},"author":1,"featured_media":0,"parent":1046,"menu_order":0,"comment_status":"closed","ping_status":"closed","template":"","meta":[],"_links":{"self":[{"href":"https:\/\/www.piom.com.mk\/sq\/wp-json\/wp\/v2\/pages\/1048"}],"collection":[{"href":"https:\/\/www.piom.com.mk\/sq\/wp-json\/wp\/v2\/pages"}],"about":[{"href":"https:\/\/www.piom.com.mk\/sq\/wp-json\/wp\/v2\/types\/page"}],"author":[{"embeddable":true,"href":"https:\/\/www.piom.com.mk\/sq\/wp-json\/wp\/v2\/users\/1"}],"replies":[{"embeddable":true,"href":"https:\/\/www.piom.com.mk\/sq\/wp-json\/wp\/v2\/comments?post=1048"}],"version-history":[{"count":5,"href":"https:\/\/www.piom.com.mk\/sq\/wp-json\/wp\/v2\/pages\/1048\/revisions"}],"predecessor-version":[{"id":14479,"href":"https:\/\/www.piom.com.mk\/sq\/wp-json\/wp\/v2\/pages\/1048\/revisions\/14479"}],"up":[{"embeddable":true,"href":"https:\/\/www.piom.com.mk\/sq\/wp-json\/wp\/v2\/pages\/1046"}],"wp:attachment":[{"href":"https:\/\/www.piom.com.mk\/sq\/wp-json\/wp\/v2\/media?parent=1048"}],"curies":[{"name":"wp","href":"https:\/\/api.w.org\/{rel}","templated":true}]}}