{"id":1050,"date":"2016-01-20T08:23:58","date_gmt":"2016-01-20T07:23:58","guid":{"rendered":"http:\/\/www.piom.com.mk\/sq\/?page_id=1050"},"modified":"2019-12-16T10:44:17","modified_gmt":"2019-12-16T09:44:17","slug":"penzion-pleqerie","status":"publish","type":"page","link":"https:\/\/www.piom.com.mk\/sq\/te-drejtat-e-te-siguruarit\/penzion-pleqerie\/","title":{"rendered":"Pension Pleq\u00ebrie"},"content":{"rendered":"<p>I siguruari fiton t\u00eb drejt\u00ebn e pensionit t\u00eb pleq\u00ebris\u00eb kur ai mbush 64 vjet (burr\u00eb), gjegj\u00ebsisht \u00a062 vjet (grua) dhe t\u00eb pakt\u00ebn 15 vjet stazh pensional.<\/p>\n<p>Pensioni i pleq\u00ebris\u00eb p\u00ebr personat e siguruar q\u00eb nuk jan\u00eb p\u00ebrfshir\u00eb n\u00eb sigurimin e detyruesh\u00ebm pensional dhe invalidor\u00a0 deri \u00a0m\u00eb 1 shtator \u00a0t\u00eb vitit 2001 dhe t\u00eb cil\u00ebt nuk kan\u00eb zgjedhur \u00a0t\u00eb p\u00ebrfshihen n\u00eb sigurimin e detyruesh\u00ebm pensional dhe invalidor, nd\u00ebrsa kan\u00eb arritur s\u00eb paku 15 vjet stazh pensional, \u00a0p\u00ebrcaktohet nga \u00a0baza e pensionit n\u00eb var\u00ebsi t\u00eb \u00a0koh\u00ebzgjatjes s\u00eb stazhit pensional t\u00eb arritur deri m\u00eb 31.12.2012 dhe arrin:<\/p>\n\n<table class=\"table-full table-rounded table-penziski-staz\">\n    <thead class=\"table-head\">\n        <tr class=\"table-single-row\">\n            <th class=\"table-single-head table-single-head-dark text-uppercase text-center\">Stazhi pensional<\/th>\n            <th class=\"table-single-head table-single-head-dark text-uppercase text-center\" colspan=\"2\">P\u00ebrqindja<\/th>\n        <\/tr>\n        <tr class=\"table-single-row\">\n            <th class=\"table-single-head text-center\">Vite<\/th>\n            <th class=\"table-single-head text-center\">\n                <span class=\"table-icon icon-user2\"><\/span>\n                <span class=\"\">Gjinia mashkullore<\/span>\n            <\/th>\n            <th class=\"table-single-head text-center\">\n                <span class=\"table-icon icon-user1\"><\/span>\n                <span class=\"\">Gjinia fem\u00ebrore<\/span>\n            <\/th>\n        <\/tr>\n    <\/thead>\n    <tbody class=\"table-body\">\n                    <tr class=\"table-single-row\">\n                <td class=\"table-single-cell\">15 vjet<\/td>\n                <td class=\"table-single-cell text-center\">35<\/td>\n                <td class=\"table-single-cell text-center\">40<\/td>\n            <\/tr>\n                    <tr class=\"table-single-row\">\n                <td class=\"table-single-cell\">15 vjet e 6 muaj<\/td>\n                <td class=\"table-single-cell text-center\">35.9<\/td>\n                <td class=\"table-single-cell text-center\">41.3<\/td>\n            <\/tr>\n                    <tr class=\"table-single-row\">\n                <td class=\"table-single-cell\">16 vjet<\/td>\n                <td class=\"table-single-cell text-center\">36.8<\/td>\n                <td class=\"table-single-cell text-center\">42.6<\/td>\n            <\/tr>\n                    <tr class=\"table-single-row\">\n                <td class=\"table-single-cell\">16 vjet e 6 muaj<\/td>\n                <td class=\"table-single-cell text-center\">37.7<\/td>\n                <td class=\"table-single-cell text-center\">43.9<\/td>\n            <\/tr>\n                    <tr class=\"table-single-row\">\n                <td class=\"table-single-cell\">17 vjet<\/td>\n                <td class=\"table-single-cell text-center\">38.6<\/td>\n                <td class=\"table-single-cell text-center\">45.2<\/td>\n            <\/tr>\n                    <tr class=\"table-single-row\">\n                <td class=\"table-single-cell\">17 vjet e 6 muaj<\/td>\n                <td class=\"table-single-cell text-center\">39.5<\/td>\n                <td class=\"table-single-cell text-center\">46.5<\/td>\n            <\/tr>\n                    <tr class=\"table-single-row\">\n                <td class=\"table-single-cell\">18 vjet<\/td>\n                <td class=\"table-single-cell text-center\">40.4<\/td>\n                <td class=\"table-single-cell text-center\">47.8<\/td>\n            <\/tr>\n                    <tr class=\"table-single-row\">\n                <td class=\"table-single-cell\">18 vjet e 6 muaj<\/td>\n                <td class=\"table-single-cell text-center\">41.3<\/td>\n                <td class=\"table-single-cell text-center\">49.1<\/td>\n            <\/tr>\n                    <tr class=\"table-single-row\">\n                <td class=\"table-single-cell\">19 vjet<\/td>\n                <td class=\"table-single-cell text-center\">42.2<\/td>\n                <td class=\"table-single-cell text-center\">50.4<\/td>\n            <\/tr>\n                    <tr class=\"table-single-row\">\n                <td class=\"table-single-cell\">19 vjet e 6 muaj<\/td>\n                <td class=\"table-single-cell text-center\">43.1<\/td>\n                <td class=\"table-single-cell text-center\">51.7<\/td>\n            <\/tr>\n                    <tr class=\"table-single-row\">\n                <td class=\"table-single-cell\">20 vjet<\/td>\n                <td class=\"table-single-cell text-center\">44.0<\/td>\n                <td class=\"table-single-cell text-center\">53.0<\/td>\n            <\/tr>\n                    <tr class=\"table-single-row\">\n                <td class=\"table-single-cell\">20 vjet e 6 muaj<\/td>\n                <td class=\"table-single-cell text-center\">44.9<\/td>\n                <td class=\"table-single-cell text-center\">53.9<\/td>\n            <\/tr>\n                    <tr class=\"table-single-row\">\n                <td class=\"table-single-cell\">21 vjet <\/td>\n                <td class=\"table-single-cell text-center\">45.8<\/td>\n                <td class=\"table-single-cell text-center\">54.8<\/td>\n            <\/tr>\n                    <tr class=\"table-single-row\">\n                <td class=\"table-single-cell\">21 vjet e 6 muaj<\/td>\n                <td class=\"table-single-cell text-center\">46.7<\/td>\n                <td class=\"table-single-cell text-center\">55.7<\/td>\n            <\/tr>\n                    <tr class=\"table-single-row\">\n                <td class=\"table-single-cell\">22 vjet<\/td>\n                <td class=\"table-single-cell text-center\">47.6<\/td>\n                <td class=\"table-single-cell text-center\">56.6<\/td>\n            <\/tr>\n                    <tr class=\"table-single-row\">\n                <td class=\"table-single-cell\">22 vjet e 6 muaj<\/td>\n                <td class=\"table-single-cell text-center\">48.5<\/td>\n                <td class=\"table-single-cell text-center\">57.5<\/td>\n            <\/tr>\n                    <tr class=\"table-single-row\">\n                <td class=\"table-single-cell\">23 vjet<\/td>\n                <td class=\"table-single-cell text-center\">49.4<\/td>\n                <td class=\"table-single-cell text-center\">58.4<\/td>\n            <\/tr>\n                    <tr class=\"table-single-row\">\n                <td class=\"table-single-cell\">23 vjet e 6 muaj<\/td>\n                <td class=\"table-single-cell text-center\">50.3<\/td>\n                <td class=\"table-single-cell text-center\">59.3<\/td>\n            <\/tr>\n                    <tr class=\"table-single-row\">\n                <td class=\"table-single-cell\">24 vjet<\/td>\n                <td class=\"table-single-cell text-center\">51.2<\/td>\n                <td class=\"table-single-cell text-center\">60.2<\/td>\n            <\/tr>\n                    <tr class=\"table-single-row\">\n                <td class=\"table-single-cell\">24 vjet e 6 muaj<\/td>\n                <td class=\"table-single-cell text-center\">52.1<\/td>\n                <td class=\"table-single-cell text-center\">60.2<\/td>\n            <\/tr>\n                    <tr class=\"table-single-row\">\n                <td class=\"table-single-cell\">25 vjet<\/td>\n                <td class=\"table-single-cell text-center\">53.0<\/td>\n                <td class=\"table-single-cell text-center\">62.0<\/td>\n            <\/tr>\n                    <tr class=\"table-single-row\">\n                <td class=\"table-single-cell\">25 vjet e 6 muaj<\/td>\n                <td class=\"table-single-cell text-center\">53.9<\/td>\n                <td class=\"table-single-cell text-center\">62.9<\/td>\n            <\/tr>\n                    <tr class=\"table-single-row\">\n                <td class=\"table-single-cell\">26 vjet<\/td>\n                <td class=\"table-single-cell text-center\">54.8<\/td>\n                <td class=\"table-single-cell text-center\">63.8<\/td>\n            <\/tr>\n                    <tr class=\"table-single-row\">\n                <td class=\"table-single-cell\">26 vjet e 6 muaj<\/td>\n                <td class=\"table-single-cell text-center\">55.7<\/td>\n                <td class=\"table-single-cell text-center\">64.7<\/td>\n            <\/tr>\n                    <tr class=\"table-single-row\">\n                <td class=\"table-single-cell\">27 vjet<\/td>\n                <td class=\"table-single-cell text-center\">56.6<\/td>\n                <td class=\"table-single-cell text-center\">65.6<\/td>\n            <\/tr>\n                    <tr class=\"table-single-row\">\n                <td class=\"table-single-cell\">27 vjet e 6 muaj<\/td>\n                <td class=\"table-single-cell text-center\">57.5<\/td>\n                <td class=\"table-single-cell text-center\">66.5<\/td>\n            <\/tr>\n                    <tr class=\"table-single-row\">\n                <td class=\"table-single-cell\">28 vjet<\/td>\n                <td class=\"table-single-cell text-center\">58.4<\/td>\n                <td class=\"table-single-cell text-center\">67.4<\/td>\n            <\/tr>\n                    <tr class=\"table-single-row\">\n                <td class=\"table-single-cell\">28 vjet e 6 muaj<\/td>\n                <td class=\"table-single-cell text-center\">59.3<\/td>\n                <td class=\"table-single-cell text-center\">68.3<\/td>\n            <\/tr>\n                    <tr class=\"table-single-row\">\n                <td class=\"table-single-cell\">29 vjet<\/td>\n                <td class=\"table-single-cell text-center\">60.2<\/td>\n                <td class=\"table-single-cell text-center\">69.2<\/td>\n            <\/tr>\n                    <tr class=\"table-single-row\">\n                <td class=\"table-single-cell\">29 vjet e 6 muaj<\/td>\n                <td class=\"table-single-cell text-center\">61.1<\/td>\n                <td class=\"table-single-cell text-center\">70.1<\/td>\n            <\/tr>\n                    <tr class=\"table-single-row\">\n                <td class=\"table-single-cell\">30 vjet<\/td>\n                <td class=\"table-single-cell text-center\">62.0<\/td>\n                <td class=\"table-single-cell text-center\">71.0<\/td>\n            <\/tr>\n                    <tr class=\"table-single-row\">\n                <td class=\"table-single-cell\">30 vjet e 6 muaj<\/td>\n                <td class=\"table-single-cell text-center\">61.1<\/td>\n                <td class=\"table-single-cell text-center\">70.1<\/td>\n            <\/tr>\n                    <tr class=\"table-single-row\">\n                <td class=\"table-single-cell\">31 vjet<\/td>\n                <td class=\"table-single-cell text-center\">63.8<\/td>\n                <td class=\"table-single-cell text-center\">72.8<\/td>\n            <\/tr>\n                    <tr class=\"table-single-row\">\n                <td class=\"table-single-cell\">31 vjet e 6 muaj<\/td>\n                <td class=\"table-single-cell text-center\">64.7<\/td>\n                <td class=\"table-single-cell text-center\">73.7<\/td>\n            <\/tr>\n                    <tr class=\"table-single-row\">\n                <td class=\"table-single-cell\">32 vjet<\/td>\n                <td class=\"table-single-cell text-center\">65.6<\/td>\n                <td class=\"table-single-cell text-center\">74.6<\/td>\n            <\/tr>\n                    <tr class=\"table-single-row\">\n                <td class=\"table-single-cell\">32 vjet e 6 muaj<\/td>\n                <td class=\"table-single-cell text-center\">66.5<\/td>\n                <td class=\"table-single-cell text-center\">75.5<\/td>\n            <\/tr>\n                    <tr class=\"table-single-row\">\n                <td class=\"table-single-cell\">33 vjet<\/td>\n                <td class=\"table-single-cell text-center\">67.4<\/td>\n                <td class=\"table-single-cell text-center\">76.4<\/td>\n            <\/tr>\n                    <tr class=\"table-single-row\">\n                <td class=\"table-single-cell\">33 vjet e 6 muaj<\/td>\n                <td class=\"table-single-cell text-center\">68.3<\/td>\n                <td class=\"table-single-cell text-center\">77.3<\/td>\n            <\/tr>\n                    <tr class=\"table-single-row\">\n                <td class=\"table-single-cell\">34 vjet<\/td>\n                <td class=\"table-single-cell text-center\">69.2<\/td>\n                <td class=\"table-single-cell text-center\">78.2<\/td>\n            <\/tr>\n                    <tr class=\"table-single-row\">\n                <td class=\"table-single-cell\">34 vjet e 6 muaj<\/td>\n                <td class=\"table-single-cell text-center\">66.5<\/td>\n                <td class=\"table-single-cell text-center\">75.5<\/td>\n            <\/tr>\n                    <tr class=\"table-single-row\">\n                <td class=\"table-single-cell\">35 vjet<\/td>\n                <td class=\"table-single-cell text-center\">71.0<\/td>\n                <td class=\"table-single-cell text-center\">80.0<\/td>\n            <\/tr>\n                    <tr class=\"table-single-row\">\n                <td class=\"table-single-cell\">35 vjet e 6 muaj<\/td>\n                <td class=\"table-single-cell text-center\">71.9<\/td>\n                <td class=\"table-single-cell text-center\"><\/td>\n            <\/tr>\n                    <tr class=\"table-single-row\">\n                <td class=\"table-single-cell\">36 vjet<\/td>\n                <td class=\"table-single-cell text-center\">72.8<\/td>\n                <td class=\"table-single-cell text-center\"><\/td>\n            <\/tr>\n                    <tr class=\"table-single-row\">\n                <td class=\"table-single-cell\">36 vjet e 6 muaj<\/td>\n                <td class=\"table-single-cell text-center\">73.7<\/td>\n                <td class=\"table-single-cell text-center\"><\/td>\n            <\/tr>\n                    <tr class=\"table-single-row\">\n                <td class=\"table-single-cell\">37 vjet<\/td>\n                <td class=\"table-single-cell text-center\">74.6<\/td>\n                <td class=\"table-single-cell text-center\"><\/td>\n            <\/tr>\n                    <tr class=\"table-single-row\">\n                <td class=\"table-single-cell\">37 vjet e 6 muaj<\/td>\n                <td class=\"table-single-cell text-center\">75.5<\/td>\n                <td class=\"table-single-cell text-center\"><\/td>\n            <\/tr>\n                    <tr class=\"table-single-row\">\n                <td class=\"table-single-cell\">38 vjet<\/td>\n                <td class=\"table-single-cell text-center\">76.4<\/td>\n                <td class=\"table-single-cell text-center\"><\/td>\n            <\/tr>\n                    <tr class=\"table-single-row\">\n                <td class=\"table-single-cell\">38 vjete 6 muaj<\/td>\n                <td class=\"table-single-cell text-center\">77,3<\/td>\n                <td class=\"table-single-cell text-center\"><\/td>\n            <\/tr>\n                    <tr class=\"table-single-row\">\n                <td class=\"table-single-cell\">39 vjet e 6 muaj<\/td>\n                <td class=\"table-single-cell text-center\">78,2<\/td>\n                <td class=\"table-single-cell text-center\"><\/td>\n            <\/tr>\n                    <tr class=\"table-single-row\">\n                <td class=\"table-single-cell\">39 vjet e 6 muaj<\/td>\n                <td class=\"table-single-cell text-center\">79,1<\/td>\n                <td class=\"table-single-cell text-center\"><\/td>\n            <\/tr>\n                    <tr class=\"table-single-row\">\n                <td class=\"table-single-cell\">40 vjet<\/td>\n                <td class=\"table-single-cell text-center\">80,0<\/td>\n                <td class=\"table-single-cell text-center\"><\/td>\n            <\/tr>\n            <\/tbody>\n<\/table>\n\n\n<p>P\u00ebr secilin vit pasues stazh pensional t\u00eb arritur pas 1 janarit t\u00eb vitit 2013, pensioni llogaritet n\u00eb lart\u00ebsi prej 1.61%, nd\u00ebrsa p\u00ebr stazhin pensional m\u00eb t\u00eb shkurt\u00ebr se nj\u00eb vit \u00a0dhe t\u00eb pakt\u00ebn gjasht\u00eb muaj arrin 0.81% nga baza e pensionit.<\/p>\n<p>P\u00ebr t\u00eb siguruarit \u00a0t\u00eb cil\u00ebt ishin t\u00eb p\u00ebrfshir\u00eb n\u00eb shtyll\u00ebn e par\u00eb pensionale deri m\u00eb 1 shtator t\u00eb vitit 2001 dhe t\u00eb cil\u00ebt nuk kan\u00eb zgjedhur t\u00eb p\u00ebrfshihen n\u00eb shtyll\u00ebn e dyt\u00eb pensionale, nd\u00ebrsa kan\u00eb arritur s\u00eb paku 15 vjet stazh pensional, pensioni i pleq\u00ebris\u00eb p\u00ebrcaktohet nga baza e pensionit\u00a0 n\u00eb p\u00ebrqindje q\u00eb p\u00ebr \u00e7do vit t\u00eb mbushur stazh pensional deri m\u00eb 1 shtator t\u00eb vitit 2001 arrin 2,33% (burr\u00eb), gjegj\u00ebsisht 2,60% (grua), nd\u00ebrsa p\u00ebr stazh pensional m\u00eb t\u00eb shkurt\u00ebr se nj\u00eb vit dhe t\u00eb pakt\u00ebn gjasht\u00eb muaj arrin 1,165% (burr\u00eb), gjegj\u00ebsisht 1,30% (grua) nga baza e pensionit. P\u00ebr secilin vit pasues stazh pensional t\u00eb arritur pas 1 shtatorit t\u00eb vitit 2001 deri m\u00eb 31 dhjetor t\u00eb vitit 2012, pensioni llogaritet n\u00eb lart\u00ebsi prej 1,80% (burr\u00eb), gjegj\u00ebsisht 2,05% (grua), nd\u00ebrsa p\u00ebr stazhin pensional m\u00eb t\u00eb shkurt\u00ebr se nj\u00eb vit dhe t\u00eb pakt\u00ebn gjasht\u00eb muaj arrin 0,90% (burr\u00eb), gjegj\u00ebsisht 1,025% (grua) nga baza e pensionit.<\/p>\n<p>Nga 01 janari i vitit 2013 pensioni llogaritet n\u00eb lart\u00ebsi prej 1,61% (burr\u00eb), gjegj\u00ebsisht 1,84% (grua), nd\u00ebrsa p\u00ebr stazhin pensional m\u00eb t\u00eb shkurt\u00ebr se nj\u00eb vit dhe t\u00eb pakt\u00ebn gjasht\u00eb muaj arrin 0,81% (burr\u00eb), gjegj\u00ebsisht 0,92% (grua) nga baza e pensionit.<\/p>\n<p>Nga 01.01.2019 deri m\u00eb 31.12.2019 pensioni llogaritet n\u00eb lart\u00ebsi prej 1,54% p\u00ebr t\u00ebr\u00eb vitin, nd\u00ebrsa p\u00ebr stazhin pensional m\u00eb t\u00eb shkurt\u00ebr se nj\u00eb vit dhe t\u00eb pakt\u00ebn 6 muaj, pensioni llogaritet me 0,77%.<\/p>\n<p>Nga 01.01.2020 pensioni llogaritet n\u00eb lart\u00ebsi prej 1,47% p\u00ebr t\u00ebr\u00eb vitin, nd\u00ebrsa p\u00ebr stazhin pensional m\u00eb t\u00eb shkurt\u00ebr se nj\u00eb vit dhe t\u00eb pakt\u00ebn 6 muaj, pensioni llogaritet me 0,735%.<\/p>\n","protected":false},"excerpt":{"rendered":"<p>I siguruari fiton t\u00eb drejt\u00ebn e pensionit t\u00eb pleq\u00ebris\u00eb kur ai mbush 64 vjet (burr\u00eb), gjegj\u00ebsisht \u00a062 vjet (grua) dhe t\u00eb pakt\u00ebn 15 vjet stazh pensional. Pensioni i pleq\u00ebris\u00eb p\u00ebr personat e siguruar q\u00eb nuk jan\u00eb p\u00ebrfshir\u00eb n\u00eb sigurimin e detyruesh\u00ebm pensional dhe invalidor\u00a0 deri \u00a0m\u00eb 1 shtator \u00a0t\u00eb vitit 2001 dhe t\u00eb cil\u00ebt nuk [&hellip;]<\/p>\n","protected":false},"author":1,"featured_media":0,"parent":1046,"menu_order":0,"comment_status":"closed","ping_status":"closed","template":"","meta":[],"_links":{"self":[{"href":"https:\/\/www.piom.com.mk\/sq\/wp-json\/wp\/v2\/pages\/1050"}],"collection":[{"href":"https:\/\/www.piom.com.mk\/sq\/wp-json\/wp\/v2\/pages"}],"about":[{"href":"https:\/\/www.piom.com.mk\/sq\/wp-json\/wp\/v2\/types\/page"}],"author":[{"embeddable":true,"href":"https:\/\/www.piom.com.mk\/sq\/wp-json\/wp\/v2\/users\/1"}],"replies":[{"embeddable":true,"href":"https:\/\/www.piom.com.mk\/sq\/wp-json\/wp\/v2\/comments?post=1050"}],"version-history":[{"count":4,"href":"https:\/\/www.piom.com.mk\/sq\/wp-json\/wp\/v2\/pages\/1050\/revisions"}],"predecessor-version":[{"id":8728,"href":"https:\/\/www.piom.com.mk\/sq\/wp-json\/wp\/v2\/pages\/1050\/revisions\/8728"}],"up":[{"embeddable":true,"href":"https:\/\/www.piom.com.mk\/sq\/wp-json\/wp\/v2\/pages\/1046"}],"wp:attachment":[{"href":"https:\/\/www.piom.com.mk\/sq\/wp-json\/wp\/v2\/media?parent=1050"}],"curies":[{"name":"wp","href":"https:\/\/api.w.org\/{rel}","templated":true}]}}