{"id":1054,"date":"2016-01-20T08:26:31","date_gmt":"2016-01-20T07:26:31","guid":{"rendered":"http:\/\/www.piom.com.mk\/sq\/?page_id=1054"},"modified":"2025-11-20T15:22:43","modified_gmt":"2025-11-20T14:22:43","slug":"penzion-familjar","status":"publish","type":"page","link":"https:\/\/www.piom.com.mk\/sq\/te-drejtat-e-te-siguruarit\/penzion-familjar\/","title":{"rendered":"Pension Familjar"},"content":{"rendered":"<p><strong>An\u00ebtar\u00ebt e familjes e fitojn\u00eb t\u00eb drejt\u00ebn e pensionit familjar pas plot\u00ebsimit t\u00eb kushteve t\u00eb p\u00ebrgjithshme dhe t\u00eb ve\u00e7anta.<\/strong><\/p>\n<p><strong>Kushtet e p\u00ebrgjithshme p\u00ebr fitimin e t\u00eb drejt\u00ebs s\u00eb pensionit familjar: <\/strong><\/p>\n<p>N\u00ebse i siguruari prej t\u00eb cilit rrjedh e drejta e pensionit familjar, deri n\u00eb dit\u00ebn e vdekjes ka mbushur t\u00eb pakt\u00ebn 5 vite stazh sigurimi ose 10 vite stazh pensionimi,<\/p>\n<p>N\u00ebse i siguruari i plot\u00ebson kushtet p\u00ebr realizimin e pensionit t\u00eb invaliditetit ose pensionit t\u00eb pleq\u00ebris\u00eb, ose ka qen\u00eb p\u00ebrfitues i k\u00ebtyre pensioneve.<\/p>\n<p>N\u00ebse vdekja e t\u00eb siguruarit \u00ebsht\u00eb shkaktuar si pasoj\u00eb e l\u00ebndimit n\u00eb pun\u00eb ose nga s\u00ebmundje profesionale, an\u00ebtar\u00ebt e familjes fitojn\u00eb t\u00eb drejt\u00ebn p\u00ebr pension familjar, pa marr\u00eb parasysh gajt\u00ebsin\u00eb e stazhit t\u00eb pensionimit.<\/p>\n<p><strong>Kushtet e ve\u00e7anta p\u00ebr realizimin e s\u00eb drejt\u00ebs s\u00eb pensionit familjar:<\/strong><\/p>\n<p>E veja fiton t\u00eb drejt\u00ebn p\u00ebr pension familjar n\u00eb rast vdekjeje t\u00eb bashk\u00ebshortit, n\u00ebse:<\/p>\n<p>1. Deri n\u00eb dit\u00ebn e vdekjes s\u00eb bashk\u00ebshortit ka mbushur 50 vjet jet\u00eb, ose;<\/p>\n<p>2. Deri n\u00eb dit\u00ebn e vdekjes s\u00eb bashk\u00ebshortit ka qen\u00eb e paaft\u00eb p\u00ebr pun\u00eb, ose paaft\u00ebsia \u00ebsht\u00eb shkaktuar brenda 1 viti nga dita e vdekjes s\u00eb bashk\u00ebshortit,<\/p>\n<p>3. Pas vdekjes s\u00eb bashk\u00ebshortit kan\u00eb mbetur nj\u00eb ose m\u00eb shum\u00eb f\u00ebmij\u00eb q\u00eb kan\u00eb t\u00eb drejt\u00ebn e pensionit familjar, dhe e veja i kryen obligimet prind\u00ebrore ndaj tyre.<\/p>\n<p>4. Deri n\u00eb vdekjen e bashk\u00ebshortit ka mbushur 45 vjet, dhe pas plot\u00ebsimit t\u00eb 50 vjet\u00ebve, e mban p\u00ebrher\u00eb t\u00eb drejt\u00ebn e pensionit familjar.<br \/>\nE veja q\u00eb gjat\u00eb p\u00ebrfitimit t\u00eb s\u00eb drejt\u00ebs n\u00eb baz\u00eb t\u00eb kryerjes s\u00eb obligimeve prind\u00ebrore mbetet e paaft\u00eb ose mbush 50 vjet, e mban p\u00ebrher\u00eb t\u00eb drejt\u00ebn e pensionit.<br \/>\nE veja q\u00eb ka humbur t\u00eb drejt\u00ebn e pensionit familjar n\u00eb baz\u00eb t\u00eb kryerjes s\u00eb obligimeve prind\u00ebrore, pas plot\u00ebsimit t\u00eb 45 vjet\u00ebve, e rifiton t\u00eb drejt\u00ebn e pensionit familjar kur mbush 50 vjet.<\/p>\n<p><strong>P\u00ebrve\u00e7 kushteve t\u00eb m\u00ebparshme, e veja fiton t\u00eb drejt\u00ebn p\u00ebr pension familjar edhe n\u00eb k\u00ebto raste:<\/strong><\/p>\n<p>\u2022 Kur f\u00ebmija i t\u00eb siguruarit, respektivisht p\u00ebrfituesit t\u00eb pensionit, lind pas vdekjes s\u00eb tij;<br \/>\n\u2022 Kur n\u00eb dit\u00ebn e vdekjes s\u00eb t\u00eb siguruarit ka ekzistuar shtatz\u00ebnia. N\u00eb k\u00ebt\u00eb rast, pensioni familjar deri n\u00eb lindjen e f\u00ebmij\u00ebs p\u00ebrcaktohet p\u00ebr nj\u00eb an\u00ebtar t\u00eb familjes;<br \/>\n\u2022 N\u00ebse f\u00ebmija lind i vdekur ose vdes para se t\u00eb mbush\u00eb 45 dit\u00eb, e veja e mban t\u00eb drejt\u00ebn e pensionit familjar deri n\u00eb skadimin e 45 dit\u00ebve pas lindjes.<\/p>\n<p><strong>Vejani realizon t\u00eb drejt\u00ebn e pensionit familjar n\u00eb k\u00ebto raste:<\/strong><\/p>\n<p>1. Deri n\u00eb vdekjen e bashk\u00ebshortes ka mbushur 55 vjet jet\u00eb:<\/p>\n<p>2. Deri n\u00eb vdekjen e bashk\u00ebshortes ka qen\u00eb i paaft\u00eb p\u00ebr pun\u00eb, ose paaft\u00ebsia \u00ebsht\u00eb shkaktuar brenda 1 viti nga dita e vdekjes s\u00eb bashk\u00ebshortes;<\/p>\n<p>3. Pas vdekjes s\u00eb bashk\u00ebshortes kan\u00eb mbetur nj\u00eb ose m\u00eb shum\u00eb f\u00ebmij\u00eb q\u00eb kan\u00eb t\u00eb drejt\u00ebn e pensionit familjar, dhe vejani kryen obligimet prind\u00ebrore ndaj tyre.<\/p>\n<p>4. Deri n\u00eb vdekjen e bashk\u00ebshortes ka mbushur 50 vjet, dhe pas plot\u00ebsimit t\u00eb 55 vjet\u00ebve ose gjat\u00eb atyre viteve ka mbetur i paaft\u00eb p\u00ebr pun\u00eb.<br \/>\nVejani q\u00eb gjat\u00eb shfryt\u00ebzimit t\u00eb s\u00eb drejt\u00ebs n\u00eb baz\u00eb t\u00eb obligimeve prind\u00ebrore mbetet i paaft\u00eb p\u00ebr pun\u00eb, ose mbush 55 vjet, e mban p\u00ebrher\u00eb t\u00eb drejt\u00ebn e pensionit familjar.<\/p>\n<p>Vejani q\u00eb ka humbur t\u00eb drejt\u00ebn e pensionit familjar n\u00eb baz\u00eb t\u00eb kryerjes s\u00eb obligimeve prind\u00ebrore, pas mosh\u00ebs 50 vje\u00e7are, e rifiton t\u00eb drejt\u00ebn kur mbush 55 vjet.<\/p>\n<p><strong>F\u00ebmija arrin t\u00eb drejt\u00ebn e pensionit familjar:<\/strong><\/p>\n<p>\u2022 deri n\u00eb mosh\u00ebn 15 vje\u00e7are, n\u00ebse \u00ebsht\u00eb n\u00eb shkoll\u00eb deri n\u00eb mosh\u00ebn 26 vje\u00e7are apo<\/p>\n<p>\u2022 n\u00ebse para vdekjes s\u00eb t\u00eb siguruarit, gjegj\u00ebsisht p\u00ebrfituesi i pensionit i cili e ka mbajtur ka qen\u00eb i paaft\u00eb p\u00ebr pun\u00eb apo paaft\u00ebsia e till\u00eb ka ndodhur n\u00eb afat prej 1 viti nga dita e vdekjes s\u00eb t\u00eb siguruarit, gjegj\u00ebsisht p\u00ebrfituesi t\u00eb pensionit.<\/p>\n<p>N\u00ebse shkollimi i f\u00ebmij\u00ebs \u00ebsht\u00eb nd\u00ebrprer\u00eb p\u00ebr shkak t\u00eb ndonj\u00eb s\u00ebmundje, t\u00eb drejt\u00ebn e pensionit familjar mundet t\u00eb arrin, gjegj\u00ebsisht i takon edhe gjat\u00eb koh\u00ebs s\u00eb sh\u00ebrimit deri n\u00eb mosh\u00ebn 26 vje\u00e7are, si dhe mbi ato vite, por m\u00eb s\u00eb shumti p\u00ebr aq koh\u00eb sa \u00ebsht\u00eb e humbur gjat\u00eb shkollimit t\u00eb rregullt p\u00ebr shkak t\u00eb s\u00ebmundjes.<\/p>\n<p>F\u00ebmija i cili ka nd\u00ebrprer\u00eb shkollimin p\u00ebr shkak t\u00eb kryerjes s\u00eb sh\u00ebrbimit ushtarak, pensioni familjar i paguhet edhe p\u00ebr at\u00eb koh\u00eb.<\/p>\n<p>N\u00ebse gjat\u00eb periudh\u00ebs s\u00eb p\u00ebrfitimit t\u00eb pensionit familjar f\u00ebmija mbetet i paaft\u00eb p\u00ebr pun\u00eb p\u00ebrgjithmon\u00eb e mban t\u00eb drejt\u00ebn e pensionit familjar.<\/p>\n<p>F\u00ebmija \u2013 invalid ka t\u00eb drejt\u00eb p\u00ebr pension familjar pas pushimit t\u00eb marr\u00ebdh\u00ebnies s\u00eb pun\u00ebs.<\/p>\n<p>Si paaft\u00ebsi p\u00ebr pun\u00eb, n\u00eb baz\u00eb t\u00eb s\u00eb cil\u00ebs realizohet e drejta e pensionit familjar te f\u00ebmij\u00ebt konsiderohet si paaft\u00ebsi p\u00ebr jete dhe pun\u00eb t\u00eb pavarur.<\/p>\n<p>Si f\u00ebmij\u00eb n\u00eb shkollim llogaritet nx\u00ebn\u00ebsi n\u00eb shkoll\u00eb fillore, shkoll\u00eb t\u00eb mesme, student n\u00eb organizat\u00eb me arsimim t\u00eb lart\u00eb apo n\u00eb studime post diplomike, p\u00ebrderisa kan\u00eb statusin e<\/p>\n<p>nx\u00ebn\u00ebsve, gjegj\u00ebsisht student\u00eb n\u00ebp\u00ebr institucione p\u00ebrkat\u00ebse p\u00ebr m\u00ebsim deri n\u00eb mosh\u00ebn 26 vje\u00e7are.<\/p>\n<p>Me k\u00ebt\u00eb Ligj zbatohet sqarimi i statusit f\u00ebmij\u00eb n\u00eb shkoll\u00eb<\/p>\n<p>Si f\u00ebmij\u00eb gjat\u00eb shkollimit konsiderohet nx\u00ebn\u00ebsi n\u00eb arsim fillor dhe at\u00eb t\u00eb lart\u00eb, aft\u00ebsim p\u00ebr pun\u00eb gjegj\u00ebsisht profesionale, student n\u00eb institucion me arsimim t\u00eb lart\u00eb dhe personi n\u00eb studime post diplomike, p\u00ebrderisa kan\u00eb statusin e nx\u00ebn\u00ebsit, gjegj\u00ebsisht student sipas statusit edukativ \u2013 institucioni arsimor deri n\u00eb mosh\u00ebn 26 vje\u00e7are.<\/p>\n<p>Me k\u00ebt\u00eb ligj \u00ebsht\u00eb rregulluar q\u00eb pas zgjedhjes s\u00eb zbatuar i siguruari nuk ka t\u00eb drejt\u00eb n\u00eb zgjedhje t\u00eb serishme e cila dispozit\u00eb nis t\u00eb zbatohet dit\u00ebn e tet\u00eb nga dita e shpalljes n\u00eb Gazet\u00ebn Zyrtare t\u00eb RM-s\u00eb.<\/p>\n<p><strong>P\u00ebrve\u00e7 kategorive t\u00eb n\u00ebnvizuara t\u00eb t\u00eb siguruarve, t\u00eb drejt\u00ebn p\u00ebr pension familjar e arrin edhe prindi kur i siguruari, gjegj\u00ebsisht p\u00ebrfituesiti pensionit e ka mbajtur deri n\u00eb vdekjen e tij, at\u00ebher\u00eb arrin t\u00eb drejt\u00ebn e pensionit familjar n\u00ebse:<\/strong><\/p>\n<p>Deri n\u00eb vdekjen e t\u00eb siguruarit, gjegj\u00ebsisht p\u00ebrfituesit t\u00eb pensionit ka mbushur 45 vite (e \u00ebma), gjegj\u00ebsisht 55 vite (i ati ), dhe<\/p>\n<p>\u00cbsht\u00eb m\u00eb i ri se 45 vjet, gjegj\u00ebsisht 55 vjet, n\u00ebse deri n\u00eb vdekjen e t\u00eb siguruarit, gjegj\u00ebsisht p\u00ebrfituesi i pensionit ka qen\u00eb i paaft\u00eb p\u00ebr pun\u00eb.<\/p>\n","protected":false},"excerpt":{"rendered":"<p>An\u00ebtar\u00ebt e familjes e fitojn\u00eb t\u00eb drejt\u00ebn e pensionit familjar pas plot\u00ebsimit t\u00eb kushteve t\u00eb p\u00ebrgjithshme dhe t\u00eb ve\u00e7anta. Kushtet e p\u00ebrgjithshme p\u00ebr fitimin e t\u00eb drejt\u00ebs s\u00eb pensionit familjar: N\u00ebse i siguruari prej t\u00eb cilit rrjedh e drejta e pensionit familjar, deri n\u00eb dit\u00ebn e vdekjes ka mbushur t\u00eb pakt\u00ebn 5 vite stazh sigurimi [&hellip;]<\/p>\n","protected":false},"author":1,"featured_media":0,"parent":1046,"menu_order":0,"comment_status":"closed","ping_status":"closed","template":"","meta":[],"_links":{"self":[{"href":"https:\/\/www.piom.com.mk\/sq\/wp-json\/wp\/v2\/pages\/1054"}],"collection":[{"href":"https:\/\/www.piom.com.mk\/sq\/wp-json\/wp\/v2\/pages"}],"about":[{"href":"https:\/\/www.piom.com.mk\/sq\/wp-json\/wp\/v2\/types\/page"}],"author":[{"embeddable":true,"href":"https:\/\/www.piom.com.mk\/sq\/wp-json\/wp\/v2\/users\/1"}],"replies":[{"embeddable":true,"href":"https:\/\/www.piom.com.mk\/sq\/wp-json\/wp\/v2\/comments?post=1054"}],"version-history":[{"count":4,"href":"https:\/\/www.piom.com.mk\/sq\/wp-json\/wp\/v2\/pages\/1054\/revisions"}],"predecessor-version":[{"id":14480,"href":"https:\/\/www.piom.com.mk\/sq\/wp-json\/wp\/v2\/pages\/1054\/revisions\/14480"}],"up":[{"embeddable":true,"href":"https:\/\/www.piom.com.mk\/sq\/wp-json\/wp\/v2\/pages\/1046"}],"wp:attachment":[{"href":"https:\/\/www.piom.com.mk\/sq\/wp-json\/wp\/v2\/media?parent=1054"}],"curies":[{"name":"wp","href":"https:\/\/api.w.org\/{rel}","templated":true}]}}