{"id":1056,"date":"2016-01-20T08:27:33","date_gmt":"2016-01-20T07:27:33","guid":{"rendered":"http:\/\/www.piom.com.mk\/sq\/?page_id=1056"},"modified":"2025-11-19T15:10:33","modified_gmt":"2025-11-19T14:10:33","slug":"komisioni-per-vap","status":"publish","type":"page","link":"https:\/\/www.piom.com.mk\/sq\/komisioni-per-vap\/","title":{"rendered":"Komisioni p\u00ebr VAP"},"content":{"rendered":"<p style=\"text-align: justify;\">Komisioni p\u00ebr vler\u00ebsimin e aft\u00ebsis\u00eb p\u00ebr pun\u00eb, funksionon n\u00eb kuad\u00ebr t\u00eb Fondit t\u00eb SPIMV-s\u00eb.<\/p>\n<p style=\"text-align: justify;\">Ai mund t\u00eb punoj\u00eb n\u00eb m\u00eb shum\u00eb p\u00ebrb\u00ebrje, por aktualisht veprojn\u00eb vet\u00ebm tre komisione, secili i p\u00ebrb\u00ebr\u00eb nga dy mjek\u00eb specialist\u00eb.<\/p>\n<p style=\"text-align: justify;\">Komisioni sjell konstatime, vler\u00ebsime dhe mendime mbi invaliditetin p\u00ebr realizimin e t\u00eb drejt\u00ebs s\u00eb sigurimit invalidor (pensioni invalidor, d\u00ebmtimi fizik, udh\u00ebzimi p\u00ebr rehabilitim profesional, orari i shkurtuar i pun\u00ebs dhe sistemimi n\u00eb nj\u00eb vend tjet\u00ebr pune p\u00ebrkat\u00ebse) si dhe ekzistimin e paaft\u00ebsis\u00eb p\u00ebr pun\u00eb t\u00eb nj\u00eb an\u00ebtari t\u00eb familjes p\u00ebr realizimin e pensionit familjar. Gjithashtu, vendos p\u00ebr realizimin e t\u00eb drejtave sipas marr\u00ebveshjeve nd\u00ebrkomb\u00ebtare.<\/p>\n<p style=\"text-align: justify;\">Komisioni sjell konstatime, vler\u00ebsime dhe mendime bazuar n\u00eb dokumentacionin mjek\u00ebsor, dokumentacionin e pun\u00ebs, \u00e7do dokument tjet\u00ebr t\u00eb bashkangjitur k\u00ebrkes\u00ebs p\u00ebr realizimin e t\u00eb drejt\u00ebs nga sigurimi pensional dhe invalidor, si dhe n\u00eb baz\u00eb t\u00eb kontrollit t\u00eb drejtp\u00ebrdrejt\u00eb.<\/p>\n<p style=\"text-align: justify;\">Komisionet punojn\u00eb n\u00eb p\u00ebrputhje me dispozitat e Rregullores p\u00ebr organizimin, p\u00ebrb\u00ebrjen dhe pun\u00ebn e Komisionit p\u00ebr vler\u00ebsimin e aft\u00ebsis\u00eb p\u00ebr pun\u00eb.<\/p>\n<p style=\"text-align: justify;\">Organizimi i brendsh\u00ebm, shp\u00ebrndarja e pun\u00ebs dhe \u00e7\u00ebshtjet e tjera q\u00eb lidhen me organizimin e pun\u00ebs s\u00eb Komisionit, rregullohen me Vendimin p\u00ebr organizimin e pun\u00ebs dhe sistemimin e vendeve t\u00eb pun\u00ebs n\u00eb Sh\u00ebrbimin Profesional t\u00eb Fondit t\u00eb SPIMV-s\u00eb.<\/p>\n","protected":false},"excerpt":{"rendered":"<p>Komisioni p\u00ebr vler\u00ebsimin e aft\u00ebsis\u00eb p\u00ebr pun\u00eb, funksionon n\u00eb kuad\u00ebr t\u00eb Fondit t\u00eb SPIMV-s\u00eb. Ai mund t\u00eb punoj\u00eb n\u00eb m\u00eb shum\u00eb p\u00ebrb\u00ebrje, por aktualisht veprojn\u00eb vet\u00ebm tre komisione, secili i p\u00ebrb\u00ebr\u00eb nga dy mjek\u00eb specialist\u00eb. Komisioni sjell konstatime, vler\u00ebsime dhe mendime mbi invaliditetin p\u00ebr realizimin e t\u00eb drejt\u00ebs s\u00eb sigurimit invalidor (pensioni invalidor, d\u00ebmtimi fizik, [&hellip;]<\/p>\n","protected":false},"author":1,"featured_media":0,"parent":0,"menu_order":0,"comment_status":"closed","ping_status":"closed","template":"","meta":[],"_links":{"self":[{"href":"https:\/\/www.piom.com.mk\/sq\/wp-json\/wp\/v2\/pages\/1056"}],"collection":[{"href":"https:\/\/www.piom.com.mk\/sq\/wp-json\/wp\/v2\/pages"}],"about":[{"href":"https:\/\/www.piom.com.mk\/sq\/wp-json\/wp\/v2\/types\/page"}],"author":[{"embeddable":true,"href":"https:\/\/www.piom.com.mk\/sq\/wp-json\/wp\/v2\/users\/1"}],"replies":[{"embeddable":true,"href":"https:\/\/www.piom.com.mk\/sq\/wp-json\/wp\/v2\/comments?post=1056"}],"version-history":[{"count":4,"href":"https:\/\/www.piom.com.mk\/sq\/wp-json\/wp\/v2\/pages\/1056\/revisions"}],"predecessor-version":[{"id":14462,"href":"https:\/\/www.piom.com.mk\/sq\/wp-json\/wp\/v2\/pages\/1056\/revisions\/14462"}],"wp:attachment":[{"href":"https:\/\/www.piom.com.mk\/sq\/wp-json\/wp\/v2\/media?parent=1056"}],"curies":[{"name":"wp","href":"https:\/\/api.w.org\/{rel}","templated":true}]}}