{"id":1103,"date":"2016-01-20T08:52:41","date_gmt":"2016-01-20T07:52:41","guid":{"rendered":"http:\/\/www.piom.com.mk\/sq\/?page_id=1103"},"modified":"2023-03-23T17:34:39","modified_gmt":"2023-03-23T16:34:39","slug":"kontakt","status":"publish","type":"page","link":"https:\/\/www.piom.com.mk\/sq\/kontakt\/","title":{"rendered":"Kontakt"},"content":{"rendered":"<div class=\"box-inside-content single-post-content\">\n<div class=\"row\">\n<div class=\"col-md-6 col-xs-12 contact-form-information\">\n<div class=\"table-row information-row\">\n<div class=\"table-cell\">\n                    <span class=\"fa fa-map-marker information-icon-blue\"><\/span>\n                <\/div>\n<div class=\"table-cell information-cell-value\">\n<p>Rruga \u201c23 Oktomvri\u201d nr. 11<br \/>1000 Shkup<br \/>Republika e Maqedonis\u00eb s\u00eb Veriut<\/p>\n<\/p><\/div>\n<\/p><\/div>\n<div class=\"table-row information-row\">\n<div class=\"table-cell\">\n                    <span class=\"fa fa-envelope information-icon-blue\"><\/span>\n                <\/div>\n<div class=\"table-cell information-cell-value\">\n<div class=\"information-value\">\n                        info@piom.com.mk kabinet@piom.com.mk                    <\/div>\n<\/p><\/div>\n<\/p><\/div>\n<h3 class=\"information-heading-blue text-uppercase\">Qendra<\/h3>\n<div class=\"table-row information-row\">\n<div class=\"table-cell\">\n                <span class=\"fa fa-phone information-icon-blue\"><\/span>\n            <\/div>\n<div class=\"table-cell information-cell-value\">\n<div class=\"information-row\">\n<div class=\"information-label\">Telefon:<\/div>\n<div class=\"information-value\">\n<ul class=\"list\">\n<li>+ 389 (2) 3250-100<\/li>\n<\/ul><\/div>\n<\/p><\/div>\n<div class=\"information-row information-row-inside\">\n<div class=\"information-label\">Fax:<\/div>\n<div class=\"information-value\">\n<ul class=\"list\">\n<li>+ 389 (2) 3162-275<\/li>\n<p>                            <!----><br \/>\n                                <!--\n\n<li>+ 389 (2) 3162-275<\/li>\n\n--><br \/>\n                            <!---->\n                        <\/ul>\n<\/p><\/div>\n<\/p><\/div>\n<\/p><\/div>\n<\/p><\/div>\n<h3 class=\"information-heading-blue text-uppercase\">Koll Qend\u00ebr<\/h3>\n<div class=\"table-row information-row\">\n<div class=\"table-cell\">\n                <span class=\"fa fa-phone information-icon-blue\"><\/span>\n            <\/div>\n<div class=\"table-cell information-cell-value\">\n<div class=\"information-row\">\n<div class=\"information-label\">Telefon:<\/div>\n<div class=\"information-value\">\n<ul class=\"list\">\n<li>+ 389 15 2 15<\/li>\n<\/ul><\/div>\n<\/p><\/div>\n<\/p><\/div>\n<\/p><\/div>\n<h3 class=\"information-heading-blue text-uppercase\">Komisionet invalidore<\/h3>\n<div class=\"table-row information-row\">\n<div class=\"table-cell\">\n                <span class=\"fa fa-phone information-icon-blue\"><\/span>\n            <\/div>\n<div class=\"table-cell information-cell-value\">\n<div class=\"information-label\">Telefon:<\/div>\n<div class=\"information-value\">\n<ul class=\"list\">\n<li>+ 389 (2) 3065-184<\/li>\n<li>+ 389 (2) 3065-215<\/li>\n<\/ul><\/div>\n<\/p><\/div>\n<\/p><\/div>\n<div class=\"table-row information-row\">\n<div class=\"table-cell\">\n                <span class=\"fa fa-phone information-icon-blue\"><\/span>\n            <\/div>\n<div class=\"table-cell information-cell-value\">\n<div class=\"information-label\">Fax:<\/div>\n<div class=\"information-value\">\n<ul class=\"list\">\n<li>+ 389 (2) 3065-223<\/li>\n<\/ul><\/div>\n<\/p><\/div>\n<\/p><\/div>\n<\/p><\/div>\n<div class=\"col-md-6 col-xs-12 contact-form-wrapper\">\n<div role=\"form\" class=\"wpcf7\" id=\"wpcf7-f1400-p1103-o1\" lang=\"mk-MK\" dir=\"ltr\">\n<div class=\"screen-reader-response\"><\/div>\n<form action=\"\/sq\/kontakt\/#wpcf7-f1400-p1103-o1\" method=\"post\" class=\"wpcf7-form\" novalidate=\"novalidate\">\n<div style=\"display: none;\">\n<input type=\"hidden\" name=\"_wpcf7\" value=\"1400\"><br \/>\n<input type=\"hidden\" name=\"_wpcf7_version\" value=\"4.3.1\"><br \/>\n<input type=\"hidden\" name=\"_wpcf7_locale\" value=\"mk_MK\"><br \/>\n<input type=\"hidden\" name=\"_wpcf7_unit_tag\" value=\"wpcf7-f1400-p1103-o1\"><br \/>\n<input type=\"hidden\" name=\"_wpnonce\" value=\"9c01fdb7fd\">\n<\/div>\n<div class=\"contact-form-field\">\n<label>Emri <span class=\"required\">*<\/span><\/label><br \/>\n<span class=\"wpcf7-form-control-wrap your-name\"><input type=\"text\" name=\"your-name\" value=\"\" size=\"40\" class=\"wpcf7-form-control wpcf7-text wpcf7-validates-as-required\" aria-required=\"true\" aria-invalid=\"false\"><\/span>\n<\/div>\n<div class=\"contact-form-field\">\n<label>Mbiemri <span class=\"required\">*<\/span><\/label><br \/>\n<span class=\"wpcf7-form-control-wrap your-surname\"><input type=\"text\" name=\"your-surname\" value=\"\" size=\"40\" class=\"wpcf7-form-control wpcf7-text wpcf7-validates-as-required\" aria-required=\"true\" aria-invalid=\"false\"><\/span>\n<\/div>\n<div class=\"contact-form-field\">\n<label>Email adresa <span class=\"required\">*<\/span><\/label><br \/>\n<span class=\"wpcf7-form-control-wrap your-email\"><input type=\"email\" name=\"your-email\" value=\"\" size=\"40\" class=\"wpcf7-form-control wpcf7-text wpcf7-email wpcf7-validates-as-required wpcf7-validates-as-email\" aria-required=\"true\" aria-invalid=\"false\"><\/span>\n<\/div>\n<div class=\"contact-form-field\">\n<label>Pse na shkruani?<span class=\"required\">*<\/span><\/label><br \/>\n<span class=\"wpcf7-form-control-wrap your-reason\"><select name=\"your-reason\" class=\"wpcf7-form-control wpcf7-select wpcf7-validates-as-required\" aria-required=\"true\" aria-invalid=\"false\"><option value=\"\">&#8212;<\/option><option value=\"Vetem te ju pershendes\">Vetem te ju pershendes<\/option><option value=\"Kam pyetje\">Kam pyetje<\/option><option value=\"Tjera\">Tjera<\/option><\/select><\/span>\n<\/div>\n<div class=\"contact-form-field\">\n<label>Mesazhi<span class=\"required\">*<\/span><\/label><br \/>\n<span class=\"wpcf7-form-control-wrap your-message\"><textarea name=\"your-message\" cols=\"40\" rows=\"4\" class=\"wpcf7-form-control wpcf7-textarea wpcf7-validates-as-required\" aria-required=\"true\" aria-invalid=\"false\"><\/textarea><\/span>\n<\/div>\n<div class=\"contact-form-field\">\n<input type=\"submit\" value=\"Dergo\" class=\"wpcf7-form-control wpcf7-submit\"><img decoding=\"async\" class=\"ajax-loader\" src=\"https:\/\/www.piom.com.mk\/wp-content\/plugins\/contact-form-7\/images\/ajax-loader.gif\" alt=\"Sending ...\" style=\"visibility: hidden;\">\n<\/div>\n<p><input type=\"hidden\" class=\"wpcf7-pum\" value=\"{&quot;closepopup&quot;:false,&quot;closedelay&quot;:0,&quot;openpopup&quot;:false,&quot;openpopup_id&quot;:0}\"><\/p>\n<div class=\"wpcf7-response-output wpcf7-display-none\"><\/div>\n<\/form>\n<\/div><\/div>\n<\/div><\/div>\n","protected":false},"excerpt":{"rendered":"<p>Rruga \u201c23 Oktomvri\u201d nr. 111000 ShkupRepublika e Maqedonis\u00eb s\u00eb Veriut info@piom.com.mk kabinet@piom.com.mk Qendra Telefon: + 389 (2) 3250-100 Fax: + 389 (2) 3162-275 Koll Qend\u00ebr Telefon: + 389 15 2 15 Komisionet invalidore Telefon: + 389 (2) 3065-184 + 389 (2) 3065-215 Fax: + 389 (2) 3065-223 Emri * Mbiemri * Email adresa * Pse [&hellip;]<\/p>\n","protected":false},"author":1,"featured_media":0,"parent":0,"menu_order":0,"comment_status":"closed","ping_status":"closed","template":"templates\/template.contact.php","meta":[],"_links":{"self":[{"href":"https:\/\/www.piom.com.mk\/sq\/wp-json\/wp\/v2\/pages\/1103"}],"collection":[{"href":"https:\/\/www.piom.com.mk\/sq\/wp-json\/wp\/v2\/pages"}],"about":[{"href":"https:\/\/www.piom.com.mk\/sq\/wp-json\/wp\/v2\/types\/page"}],"author":[{"embeddable":true,"href":"https:\/\/www.piom.com.mk\/sq\/wp-json\/wp\/v2\/users\/1"}],"replies":[{"embeddable":true,"href":"https:\/\/www.piom.com.mk\/sq\/wp-json\/wp\/v2\/comments?post=1103"}],"version-history":[{"count":3,"href":"https:\/\/www.piom.com.mk\/sq\/wp-json\/wp\/v2\/pages\/1103\/revisions"}],"predecessor-version":[{"id":11512,"href":"https:\/\/www.piom.com.mk\/sq\/wp-json\/wp\/v2\/pages\/1103\/revisions\/11512"}],"wp:attachment":[{"href":"https:\/\/www.piom.com.mk\/sq\/wp-json\/wp\/v2\/media?parent=1103"}],"curies":[{"name":"wp","href":"https:\/\/api.w.org\/{rel}","templated":true}]}}