{"id":2269,"date":"2017-11-10T09:43:26","date_gmt":"2017-11-10T08:43:26","guid":{"rendered":"http:\/\/www.piom.com.mk\/sq\/?page_id=2269"},"modified":"2026-04-22T08:28:48","modified_gmt":"2026-04-22T06:28:48","slug":"qasje-ndaj-informatave-publike","status":"publish","type":"page","link":"https:\/\/www.piom.com.mk\/sq\/qasje-ndaj-informatave-publike\/","title":{"rendered":"QASJE NDAJ INFORMATAVE ME KARAKTER PUBLIK"},"content":{"rendered":"<p>Ligji p\u00ebr Qasje t\u00eb Lir\u00eb n\u00eb Informatat me Karakter Publik (\u201cGazeta Zyrtare e RM-s\u00eb\u201d nr.13\/2006, 86\/2008, 6\/2010 dhe 42\/2014) siguron transparenc\u00ebn dhe hapjen n\u00eb funksionimin e poseduesve t\u00eb informatave. Ky ligj u mund\u00ebson personave fizik dhe juridik realizimin e t\u00eb drejt\u00ebs p\u00ebr qasjes t\u00eb lir\u00eb n\u00eb informatat me karakter publik.<\/p>\n<p>Persona zyrtar\u00eb p\u00ebr nd\u00ebrmjet\u00ebsim n\u00eb informatat me karakter publik nga Fondi i SPIMV-s\u00eb:<\/p>\n<p>Anife Metaj tel. 02\/3250-418 e-mail: anife.zekiri@piom.com.mk<\/p>\n<p>Adresa: Rr. \u201e23 Oktomvri\u201c nr.11, 1000 Shkup<br \/>\n<strong>Tel<\/strong><strong>:<\/strong> (02)\u00a03250-100;<br \/>\n<strong>Faks<\/strong><strong>:<\/strong> (02) 3162-275<strong><br \/>\n<\/strong><strong>E<\/strong><strong>&#8211;<\/strong><strong>mail<\/strong><strong>:<\/strong> <a href=\"mailto:info@piom.com.mk\">info@piom.com.mk<\/a><\/p>\n<p><a href=\"https:\/\/www.piom.com.mk\/wp-content\/uploads\/2023\/10\/Lista-e-informacioneve-nga-karakteri-publik-i-FSPIM-se-02.07.2015-2.doc\"><strong>Lista e informatave me karakter publik e Fondit t\u00eb SPIMV-s\u00eb<\/strong><\/a><\/p>\n<ul>\n<li><a href=\"https:\/\/www.piom.com.mk\/wp-content\/uploads\/2023\/10\/ALB.-4-3.3-11-\u0411\u0430\u0440\u0430\u045a\u0435-\u0437\u0430-\u043f\u0440\u0438\u0441\u0442\u0430\u043f-\u0434\u043e-\u0438\u043d\u0444\u043e\u0440\u043c\u0430\u0446\u0438\u0438-\u043e\u0434-\u0458\u0430\u0432\u0435\u043d-\u043a\u0430\u0440\u0430\u043a\u0442\u0435\u0440.docx\" rel=\"noopener\">K\u00ebrkes\u00eb p\u00ebr qasje n\u00eb informata me karakter publik<\/a><\/li>\n<li><a href=\"https:\/\/www.piom.com.mk\/wp-content\/uploads\/2022\/10\/ALB.-RAPORTI-VJETOR-P\u00cbR-T\u00cb-DH\u00cbNAT-ME-KARAKTER-PUBLIK-2021.pdf\">Raporti vjetor p\u00ebr t\u00eb dh\u00ebnat me karakter publik\u00a02021\u00a0<\/a><\/li>\n<li><a href=\"https:\/\/www.piom.com.mk\/wp-content\/uploads\/2023\/01\/ALB_-_2021_.docx_-2.pdf\">Raporti vjetor p\u00ebr t\u00eb dh\u00ebnat me karakter publik\u00a02022<\/a><\/li>\n<\/ul>\n","protected":false},"excerpt":{"rendered":"<p>Ligji p\u00ebr Qasje t\u00eb Lir\u00eb n\u00eb Informatat me Karakter Publik (\u201cGazeta Zyrtare e RM-s\u00eb\u201d nr.13\/2006, 86\/2008, 6\/2010 dhe 42\/2014) siguron transparenc\u00ebn dhe hapjen n\u00eb funksionimin e poseduesve t\u00eb informatave. Ky ligj u mund\u00ebson personave fizik dhe juridik realizimin e t\u00eb drejt\u00ebs p\u00ebr qasjes t\u00eb lir\u00eb n\u00eb informatat me karakter publik. Persona zyrtar\u00eb p\u00ebr nd\u00ebrmjet\u00ebsim n\u00eb [&hellip;]<\/p>\n","protected":false},"author":1,"featured_media":0,"parent":0,"menu_order":0,"comment_status":"closed","ping_status":"closed","template":"","meta":[],"_links":{"self":[{"href":"https:\/\/www.piom.com.mk\/sq\/wp-json\/wp\/v2\/pages\/2269"}],"collection":[{"href":"https:\/\/www.piom.com.mk\/sq\/wp-json\/wp\/v2\/pages"}],"about":[{"href":"https:\/\/www.piom.com.mk\/sq\/wp-json\/wp\/v2\/types\/page"}],"author":[{"embeddable":true,"href":"https:\/\/www.piom.com.mk\/sq\/wp-json\/wp\/v2\/users\/1"}],"replies":[{"embeddable":true,"href":"https:\/\/www.piom.com.mk\/sq\/wp-json\/wp\/v2\/comments?post=2269"}],"version-history":[{"count":18,"href":"https:\/\/www.piom.com.mk\/sq\/wp-json\/wp\/v2\/pages\/2269\/revisions"}],"predecessor-version":[{"id":14946,"href":"https:\/\/www.piom.com.mk\/sq\/wp-json\/wp\/v2\/pages\/2269\/revisions\/14946"}],"wp:attachment":[{"href":"https:\/\/www.piom.com.mk\/sq\/wp-json\/wp\/v2\/media?parent=2269"}],"curies":[{"name":"wp","href":"https:\/\/api.w.org\/{rel}","templated":true}]}}