{"id":3106,"date":"2018-12-07T11:00:59","date_gmt":"2018-12-07T08:00:59","guid":{"rendered":"http:\/\/www.piom.com.mk\/sq\/?page_id=3106"},"modified":"2025-08-19T10:45:14","modified_gmt":"2025-08-19T08:45:14","slug":"rregullimi-organizativ","status":"publish","type":"page","link":"https:\/\/www.piom.com.mk\/sq\/per-ne\/rregullimi-organizativ\/","title":{"rendered":"Rregullimi organizativ"},"content":{"rendered":"<div class=\"ruvHhNw\" style=\"text-align: justify;\"><strong>Sh\u00ebrbimi profesional i Fondit<\/strong><\/div>\n<p style=\"text-align: justify;\">P\u00ebr kryerjen e pun\u00ebve administrative, financiare, profesionale dhe pun\u00ebt tjera p\u00ebr zbatimin e sigurimit pensional dhe invalidor, Fondi formon nj\u00ebsin\u00eb e vetme, sh\u00ebrbimin profesional, me nj\u00ebsit\u00eb rajonale n\u00ebp\u00ebr komuna.<\/p>\n<p style=\"text-align: justify;\">Me pun\u00ebn e sh\u00ebrbimit profesional t\u00eb Fondit udh\u00ebheq drejtori i Fondit.<\/p>\n<p style=\"text-align: justify;\">Puna e sh\u00ebrbimit profesional \u00ebsht\u00eb e organizuar nga:<\/p>\n<ol style=\"text-align: justify;\">\n<li>Qendra e sh\u00ebrbimit \u2013 p\u00ebr pun\u00ebt nga realizimi i sigurimit pensional dhe invalidor p\u00ebr territorin e Republik\u00ebs s\u00eb Maqedonis\u00eb s\u00eb Veriut, me seli n\u00eb Shkup.<\/li>\n<li>Filiale \u2013 p\u00ebr pun\u00ebt e nj\u00eb apo m\u00eb shum\u00eb nj\u00ebsive rajonale t\u00eb komunave.<\/li>\n<li>N\u00ebn nj\u00ebsi rajonale \u2013 nj\u00eb pjes\u00eb e pun\u00ebs s\u00eb filialeve me organizim t\u00eb nj\u00ebsive rajonale n\u00eb m\u00eb shum\u00eb komuna.<\/li>\n<\/ol>\n<p style=\"text-align: justify;\">Kryerjen e pun\u00ebve t\u00eb sigurimit e zbatojn\u00eb 704 t\u00eb pun\u00ebsuar dhe ky num\u00ebr \u00ebsht\u00eb m\u00eb i vog\u00ebl se numri i v\u00ebrtetuar me aktin e organizmit dhe sistematizimit t\u00eb vendeve t\u00eb pun\u00ebs t\u00eb Sh\u00ebrbimit profesional t\u00eb Fondit.<\/p>\n<p><strong>Qendra<\/strong><\/p>\n<p>Sh\u00ebrbimi profesional \u2013 Qendra \u2013 Shkup gjendet n\u00eb rr. \u201c23 Oktomvri\u201c nr. 11, Shkup.<\/p>\n<p><strong>Puna e Qendr\u00ebs kryhet n\u00ebp\u00ebrmjet sektor\u00ebve, edhe at\u00eb:<\/strong><\/p>\n<div class=\"single-sector\">\n<div class=\"table-cell sector-image-wrapper\">\n<p style=\"text-align: justify;\"><strong>\u00a01<\/strong>. <strong>SEKTORI P\u00cbR REALIZIMIN E T\u00cb DREJTAVE P\u00cbR SIGURIM PENSIONAL DHE INVALIDOR\u00a0 \u00a0 \u00a0 \u00a0 \u00a0 \u00a0 <\/strong><\/p>\n<p style=\"text-align: justify;\">Udhh\u00ebheq dhe organizon pun\u00ebt p\u00ebr realizimin e t\u00eb drejt\u00ebs nga sigurimi pensional dhe invalidor, zgjidhjen e t\u00eb drejt\u00ebs n\u00eb shkall\u00ebn e dyt\u00eb, rregullimin e evidentimit am\u00eb, vler\u00ebsimin e aft\u00ebsis\u00eb s\u00eb pun\u00ebs dhe revizionin e stazhit t\u00eb benificuar.<\/p>\n<p>Drejtor i sektorit: Biljana Stojanova<\/p>\n<p>Telefon: 02\/ 3250-405<\/p>\n<p>Biljana.Stojanova@piom.com.mk<\/p>\n<p><strong>2. SEKTORI P\u00cbR <\/strong><strong>\u00c7\u00cbSHTJE FINANCIARE<\/strong><\/p>\n<p style=\"text-align: justify;\">Organizon, udh\u00ebheq dhe i akordon financat, planin &#8211; analitik dhe pun\u00ebt e kontabilitetit, Buxhetin e Fondit, t\u00eb hartuarit e llogaris\u00eb Vjetore dhe raportin Vjetor, t\u00eb dh\u00ebnat statistikore, pun\u00ebn e letrave me vler\u00eb, kryen k\u00ebqyrje dhe kontroll\u00eb n\u00eb pages\u00ebn e kontributeve, planifikimet aktuare dhe shfryt\u00ebzimin e mjeteve p\u00ebrkat\u00ebse.<\/p>\n<p>Drejtor i sektorit: Fatime Nexhipi<\/p>\n<p>Telefon: 02\/ 3250-466<\/p>\n<p>Fatime.Nexhipi@piom.com.mk<\/p>\n<p><strong>3. SEKTORI I INFORMATIK\u00cbS<\/strong><\/p>\n<p style=\"text-align: justify;\">Kryen projektimin dhe mir\u00ebmbajtjen e sistemit informatik t\u00eb Fondit, zhvillimin dhe vendimin e aplikacioneve ekzistuese, rrjetin informatik dhe mbrojtjen e t\u00eb dh\u00ebnave.<\/p>\n<p>Drejtor i sektorit: Nehat Mustafa<\/p>\n<p>Telefon: 02\/3250 &#8211; 229<\/p>\n<p>Nehat.Mustafa@piom.com.mk<\/p>\n<p><strong>4. SEKTORI P\u00cbR RESURSE NJER\u00cbZORE, JURIDIKE DHE PUN\u00cb T\u00cb P\u00cbRGJITHSHME<\/strong><\/p>\n<p style=\"text-align: justify;\">Organizon, udh\u00ebheq dhe koordinon pun\u00ebt n\u00eb lidhje me p\u00ebrfaq\u00ebsimin dhe pun\u00ebn juridike t\u00eb Fondit, pun\u00ebn kadrovike dhe realizimin e t\u00eb drejtave t\u00eb t\u00eb pun\u00ebsuarve n\u00eb marr\u00ebdh\u00ebniet e pun\u00ebs, ekonomizimin me pron\u00ebn e Fondit, organizimin e pun\u00ebs s\u00eb organeve t\u00eb Fondit dhe informimin p\u00ebr pun\u00ebn e tyre, t\u00eb hartuarit e akteve t\u00eb ndryshme dhe t\u00eb p\u00ebrgjithshme si dhe marr\u00ebveshje t\u00eb tjera.<\/p>\n<p>Drejtor i sektorit: Vllatko Gjuroski<\/p>\n<p>Telefon: 02\/3250 &#8211; 403<\/p>\n<p>Vlatko.Gjuroski@piom.com.mk<\/p>\n<p><strong>5. SEKTORI P\u00cbR ZBATIMIN E DISPOZITAVE T\u00cb BASHKIMIT EVROPIAN DHE MARR\u00cbVESHJEVE ND\u00cbRKOMB\u00cbTARE P\u00cbR SIGURIM SOCIAL<\/strong><\/p>\n<p style=\"text-align: justify;\">Zgjidh k\u00ebrkesat nga sigurimi pensional dhe invalidor n\u00eb shkall\u00eb t\u00eb par\u00eb duke zbatuar marr\u00ebveshjet dhe dispozitat nd\u00ebrkomb\u00ebtare t\u00eb Bashkimit Evropian, p\u00ebrgatit rregullore p\u00ebr zbatimin e dispozitave t\u00eb EU dhe marr\u00ebveshjeve nd\u00ebrkomb\u00ebtare p\u00ebr sigurim social, jep udh\u00ebzime n\u00eb lidhje me zbatimin e t\u00eb nj\u00ebjtave dhe bashk\u00ebpunon me institucionet e huaja p\u00ebr sigurim social.<\/p>\n<p>Drejtor i sektorit: Nigjar Toska<\/p>\n<p>Telefon: 02\/ 3250-341<\/p>\n<p>Nigjar.Toska@piom.com.mk<\/p>\n<p><strong>\u00a0<\/strong><\/p>\n<p>&nbsp;<\/p>\n<\/div>\n<\/div>\n","protected":false},"excerpt":{"rendered":"<p>Sh\u00ebrbimi profesional i Fondit P\u00ebr kryerjen e pun\u00ebve administrative, financiare, profesionale dhe pun\u00ebt tjera p\u00ebr zbatimin e sigurimit pensional dhe invalidor, Fondi formon nj\u00ebsin\u00eb e vetme, sh\u00ebrbimin profesional, me nj\u00ebsit\u00eb rajonale n\u00ebp\u00ebr komuna. Me pun\u00ebn e sh\u00ebrbimit profesional t\u00eb Fondit udh\u00ebheq drejtori i Fondit. Puna e sh\u00ebrbimit profesional \u00ebsht\u00eb e organizuar nga: Qendra e sh\u00ebrbimit [&hellip;]<\/p>\n","protected":false},"author":6,"featured_media":0,"parent":922,"menu_order":0,"comment_status":"closed","ping_status":"closed","template":"","meta":[],"_links":{"self":[{"href":"https:\/\/www.piom.com.mk\/sq\/wp-json\/wp\/v2\/pages\/3106"}],"collection":[{"href":"https:\/\/www.piom.com.mk\/sq\/wp-json\/wp\/v2\/pages"}],"about":[{"href":"https:\/\/www.piom.com.mk\/sq\/wp-json\/wp\/v2\/types\/page"}],"author":[{"embeddable":true,"href":"https:\/\/www.piom.com.mk\/sq\/wp-json\/wp\/v2\/users\/6"}],"replies":[{"embeddable":true,"href":"https:\/\/www.piom.com.mk\/sq\/wp-json\/wp\/v2\/comments?post=3106"}],"version-history":[{"count":30,"href":"https:\/\/www.piom.com.mk\/sq\/wp-json\/wp\/v2\/pages\/3106\/revisions"}],"predecessor-version":[{"id":14062,"href":"https:\/\/www.piom.com.mk\/sq\/wp-json\/wp\/v2\/pages\/3106\/revisions\/14062"}],"up":[{"embeddable":true,"href":"https:\/\/www.piom.com.mk\/sq\/wp-json\/wp\/v2\/pages\/922"}],"wp:attachment":[{"href":"https:\/\/www.piom.com.mk\/sq\/wp-json\/wp\/v2\/media?parent=3106"}],"curies":[{"name":"wp","href":"https:\/\/api.w.org\/{rel}","templated":true}]}}