{"id":922,"date":"2016-01-20T07:03:30","date_gmt":"2016-01-20T06:03:30","guid":{"rendered":"http:\/\/www.piom.com.mk\/sq\/?page_id=922"},"modified":"2025-11-19T14:53:44","modified_gmt":"2025-11-19T13:53:44","slug":"per-ne","status":"publish","type":"page","link":"https:\/\/www.piom.com.mk\/sq\/per-ne\/","title":{"rendered":"P\u00ebr ne"},"content":{"rendered":"<p style=\"text-align: justify;\"><strong>Sigurimi pensional dhe invalidor, si pjes\u00eb e sigurimit social, ka historin\u00eb e vet t\u00eb zhvillimit. Sistemi pensional n\u00eb teritorin e Republik\u00ebs s\u00eb Maqedonis\u00eb ekziston prej m\u00eb shum\u00eb se 60 vitesh, dhe t\u00eb gjitha ndryshimet m\u00eb t\u00eb r\u00ebnd\u00ebsishme, n\u00eb p\u00ebrgjith\u00ebsi, kan\u00eb reflektuar lidhjet ekonomike n\u00eb k\u00ebt\u00eb form\u00eb sigurim.<\/strong><\/p>\n<p style=\"text-align: justify;\">Prej 1 janari 1994, Republika e Maqedonis\u00eb, p\u00ebr her\u00eb t\u00eb par\u00eb n\u00eb m\u00ebnyr\u00eb t\u00eb pavarur dhe autonome, me Ligjin p\u00ebr sigurim pensional dhe invalidor, rregulloi marr\u00ebdh\u00ebniet n\u00eb k\u00ebt\u00eb fush\u00eb. Ndryshimet m\u00eb t\u00eb r\u00ebnd\u00ebsishme t\u00eb k\u00ebtij ligji u b\u00ebn\u00eb n\u00eb vitet 1995, 1996, 1997 dhe 2000. Me ndryshimin e fundit t\u00eb ligjit u vendos\u00ebn bazat e financimit kapital t\u00eb sigurimit pensional dhe invalidor.<\/p>\n<p style=\"text-align: justify;\">Prej 1 janari 2006, n\u00eb Republik\u00ebn e Maqedonis\u00eb, filloi implementimi i sistemit t\u00eb reformuar pensional, si nj\u00eb segment i r\u00ebnd\u00ebsish\u00ebm i politik\u00ebs sociale t\u00eb shtetit. N\u00eb sistemin e reformuar, vend ky\u00e7 ka Fondi i Sigurimit Pensional dhe Invalidor (SPIM), i cili, n\u00eb nj\u00eb procedur\u00eb t\u00eb vetme, th\u00ebrret, kontrollon dhe kryen transferin e kontributeve p\u00ebr sigurimin pensional dhe invalidor n\u00eb llogarit\u00eb personale t\u00eb siguruesve n\u00eb fondet private pensionale, realizon t\u00eb drejt\u00ebn p\u00ebr sigurim pensional dhe invalidor, si dhe zbaton marr\u00ebveshjet nd\u00ebrkomb\u00ebtare p\u00ebr sigurim social.<\/p>\n<p><img decoding=\"async\" loading=\"lazy\" class=\"aligncenter size-full wp-image-216\" src=\"https:\/\/www.piom.com.mk\/wp-content\/uploads\/2015\/12\/map_eng.gif\" alt=\"map-mp\" width=\"400\" height=\"332\" \/><\/p>\n<p style=\"text-align: justify;\"><strong>Zbatimi i sigurimit pensional dhe invalidor<\/strong><\/p>\n<p style=\"text-align: justify;\">Sistemi i sigurimit pensional dhe invalidor n\u00eb Maqedoni realizohet p\u00ebrmes Fondit t\u00eb Sigurimit Pensional dhe Invalidor, i cili q\u00eb nga viti 1991 \u00ebsht\u00eb pasardh\u00ebs i ish-Bashk\u00ebsis\u00eb p\u00ebr Vetqeverisje t\u00eb Interesit t\u00eb Sigurimit Pensional dhe Invalidor n\u00eb Maqedoni. Me Ligjin p\u00ebr sigurim pensional dhe invalidor n\u00eb m\u00ebnyr\u00eb t\u00eb vetme jan\u00eb rregulluar t\u00eb gjitha t\u00eb drejtat e sigurimit pensional dhe invalidor p\u00ebr t\u00eb gjith\u00eb t\u00eb siguruarit. Administrata, financat, si dhe pun\u00ebt e tjera administrative q\u00eb lidhen me realizimin e sigurimit pensional dhe invalidor n\u00eb territorin e Republik\u00ebs s\u00eb Maqedonis\u00eb, kryhen nga Sektori Profesional i FonditN n\u00eb bashk\u00ebpunim me Qendr\u00ebn p\u00ebr Komunikim dhe nj\u00ebsit\u00eb rajonale.<br \/>\nSelia e Fondit ndodhet n\u00eb Shkup.<\/p>\n<p style=\"text-align: justify;\"><strong>Aktivitetet e Fondit <\/strong><\/p>\n<p style=\"text-align: justify;\">N\u00eb Fondin p\u00ebr Sigurim Pensional dhe Invalidor zbatohet politika e zhvillimit t\u00eb sigurimit pensional dhe invalidor, p\u00ebrcillen gjendjet, merren masa p\u00ebr p\u00ebrmir\u00ebsimin e sistemit dhe p\u00ebr shfryt\u00ebzimin efikas t\u00eb mjeteve t\u00eb nevojshme p\u00ebr realizimin e t\u00eb drejtave nga sigurimi pensional invalidor, vendosen t\u00eb drejtat n\u00eb realizimin e pensionit t\u00eb pleq\u00ebris\u00eb, invalidor dhe familjar, shp\u00ebrndarje n\u00eb vend tjet\u00ebr p\u00ebrkat\u00ebs, pun\u00eb adekuate, rehabilitim profesional, kompensim n\u00eb t\u00eb holla, kompensim p\u00ebr d\u00ebmtim fizik, pages\u00eb t\u00eb pensioneve n\u00eb vler\u00eb m\u00eb t\u00eb ul\u00ebt ose m\u00eb t\u00eb lart\u00eb, si dhe realizimin e t\u00eb drejtave t\u00eb tjera nga sigurimi pensional dhe invalidor.<\/p>\n<p style=\"text-align: justify;\">Me reformat n\u00eb Republik\u00ebn e Maqedonis\u00eb q\u00eb filluan t\u00eb zbatohen nga 1 janari 2006, Fondi ka rolin themelor p\u00ebr mbledhjen, kontrollin dhe\u00a0 ndarjen e kontributeve dhe t\u00eb dh\u00ebnave, si p\u00ebr sistemin shtet\u00ebror, ashtu edhe p\u00ebr fondet pensionale private.<\/p>\n","protected":false},"excerpt":{"rendered":"<p>Sigurimi pensional dhe invalidor, si pjes\u00eb e sigurimit social, ka historin\u00eb e vet t\u00eb zhvillimit. Sistemi pensional n\u00eb teritorin e Republik\u00ebs s\u00eb Maqedonis\u00eb ekziston prej m\u00eb shum\u00eb se 60 vitesh, dhe t\u00eb gjitha ndryshimet m\u00eb t\u00eb r\u00ebnd\u00ebsishme, n\u00eb p\u00ebrgjith\u00ebsi, kan\u00eb reflektuar lidhjet ekonomike n\u00eb k\u00ebt\u00eb form\u00eb sigurim. Prej 1 janari 1994, Republika e Maqedonis\u00eb, p\u00ebr [&hellip;]<\/p>\n","protected":false},"author":1,"featured_media":0,"parent":0,"menu_order":0,"comment_status":"closed","ping_status":"closed","template":"","meta":[],"_links":{"self":[{"href":"https:\/\/www.piom.com.mk\/sq\/wp-json\/wp\/v2\/pages\/922"}],"collection":[{"href":"https:\/\/www.piom.com.mk\/sq\/wp-json\/wp\/v2\/pages"}],"about":[{"href":"https:\/\/www.piom.com.mk\/sq\/wp-json\/wp\/v2\/types\/page"}],"author":[{"embeddable":true,"href":"https:\/\/www.piom.com.mk\/sq\/wp-json\/wp\/v2\/users\/1"}],"replies":[{"embeddable":true,"href":"https:\/\/www.piom.com.mk\/sq\/wp-json\/wp\/v2\/comments?post=922"}],"version-history":[{"count":4,"href":"https:\/\/www.piom.com.mk\/sq\/wp-json\/wp\/v2\/pages\/922\/revisions"}],"predecessor-version":[{"id":14457,"href":"https:\/\/www.piom.com.mk\/sq\/wp-json\/wp\/v2\/pages\/922\/revisions\/14457"}],"wp:attachment":[{"href":"https:\/\/www.piom.com.mk\/sq\/wp-json\/wp\/v2\/media?parent=922"}],"curies":[{"name":"wp","href":"https:\/\/api.w.org\/{rel}","templated":true}]}}