{"id":931,"date":"2016-01-14T09:17:15","date_gmt":"2016-01-14T08:17:15","guid":{"rendered":"http:\/\/www.piom.com.mk\/sq\/?page_id=931"},"modified":"2025-11-19T14:35:16","modified_gmt":"2025-11-19T13:35:16","slug":"upraven-odbor","status":"publish","type":"page","link":"https:\/\/www.piom.com.mk\/sq\/per-ne\/upraven-odbor\/","title":{"rendered":"K\u00ebshilli Drejtues"},"content":{"rendered":"<p style=\"text-align: justify;\">K\u00ebshilli Drejtues i Fondit p\u00ebrcakton buxhetin e Fondit dhe miraton llogarin\u00eb vjetore, udh\u00ebheq dhe vendos p\u00ebr shfryt\u00ebzimin e mjeteve,\u00a0 p\u00ebrcjell realizimin e marr\u00ebveshjeve nd\u00ebrkomb\u00ebtare, shqyrton \u00e7\u00ebshtjet, raporetet, informacionet dhe materialet e tjera q\u00eb lidhen me gjendjen dhe problemet e sigurimit pensional dhe invalidor. Ai merr masa p\u00ebr sigurimin dhe funksionimin e sistemit t\u00eb informacionit t\u00eb Fondit, formon komisione dhe trupa t\u00eb tjer\u00eb punues, si dhe vendos p\u00ebr \u00e7\u00ebshtje t\u00eb tjera t\u00eb p\u00ebrcaktuara me ligj dhe me Statutin e Fondit.<\/p>\n\n<div class=\"list-sublist-wrapper\">\n    <div class=\"list-heading-wrapper\">\n        <div class=\"table-cell list-sublist-icon-wrapper\">\n            <div class=\"circle-blue circle-blue-xs\">\n                <span class=\"list-sublist-icon circle-icon fa fa-angle-right\"><\/span>\n            <\/div>\n        <\/div>\n        <div class=\"table-cell list-sublist-heading\">\n            <h5 class=\"list-heading text-uppercase\">An\u00ebtar\u00ebt<\/h5>\n        <\/div>\n    <\/div>\n    <ul class=\"list-unstyled list-sublist\">\n        <li class=\"list-sublist-item\">\n            <a href=\"https:\/\/www.piom.com.mk\/za-fondot\/upravuvanje-i-rakovodenje\/\" class=\"list-sublist-link\">\n                <span class=\"list-sublist-item-icon fa fa-angle-right\"><\/span>\n                <span class=\"list-sublist-title\">An\u00ebtar\u00ebt<\/span>\n            <\/a>\n        <\/li>\n    <\/ul>\n<\/div>\n\n\n<p>[sednici_list fw_shortcode_id=&#8221;1&#8243;]<\/p>\n","protected":false},"excerpt":{"rendered":"<p>K\u00ebshilli Drejtues i Fondit p\u00ebrcakton buxhetin e Fondit dhe miraton llogarin\u00eb vjetore, udh\u00ebheq dhe vendos p\u00ebr shfryt\u00ebzimin e mjeteve,\u00a0 p\u00ebrcjell realizimin e marr\u00ebveshjeve nd\u00ebrkomb\u00ebtare, shqyrton \u00e7\u00ebshtjet, raporetet, informacionet dhe materialet e tjera q\u00eb lidhen me gjendjen dhe problemet e sigurimit pensional dhe invalidor. Ai merr masa p\u00ebr sigurimin dhe funksionimin e sistemit t\u00eb informacionit t\u00eb [&hellip;]<\/p>\n","protected":false},"author":1,"featured_media":0,"parent":922,"menu_order":0,"comment_status":"closed","ping_status":"closed","template":"","meta":[],"_links":{"self":[{"href":"https:\/\/www.piom.com.mk\/sq\/wp-json\/wp\/v2\/pages\/931"}],"collection":[{"href":"https:\/\/www.piom.com.mk\/sq\/wp-json\/wp\/v2\/pages"}],"about":[{"href":"https:\/\/www.piom.com.mk\/sq\/wp-json\/wp\/v2\/types\/page"}],"author":[{"embeddable":true,"href":"https:\/\/www.piom.com.mk\/sq\/wp-json\/wp\/v2\/users\/1"}],"replies":[{"embeddable":true,"href":"https:\/\/www.piom.com.mk\/sq\/wp-json\/wp\/v2\/comments?post=931"}],"version-history":[{"count":12,"href":"https:\/\/www.piom.com.mk\/sq\/wp-json\/wp\/v2\/pages\/931\/revisions"}],"predecessor-version":[{"id":14456,"href":"https:\/\/www.piom.com.mk\/sq\/wp-json\/wp\/v2\/pages\/931\/revisions\/14456"}],"up":[{"embeddable":true,"href":"https:\/\/www.piom.com.mk\/sq\/wp-json\/wp\/v2\/pages\/922"}],"wp:attachment":[{"href":"https:\/\/www.piom.com.mk\/sq\/wp-json\/wp\/v2\/media?parent=931"}],"curies":[{"name":"wp","href":"https:\/\/api.w.org\/{rel}","templated":true}]}}