{"id":963,"date":"2016-01-20T07:28:56","date_gmt":"2016-01-20T06:28:56","guid":{"rendered":"http:\/\/www.piom.com.mk\/sq\/?page_id=963"},"modified":"2025-11-20T13:08:46","modified_gmt":"2025-11-20T12:08:46","slug":"si-te-sigurohemi","status":"publish","type":"page","link":"https:\/\/www.piom.com.mk\/sq\/si-te-sigurohemi\/","title":{"rendered":"Si t\u00eb sigurohemi"},"content":{"rendered":"<p style=\"text-align: justify;\">\u2022 Sigurimi p\u00ebrcaktohet me paraqitjen e marr\u00ebdh\u00ebnies s\u00eb pun\u00ebs, respektivisht kryerjen e veprimtaris\u00eb me dor\u00ebzimin e formularit M1.<\/p>\n<p style=\"text-align: justify;\">Pushimi i sigurimit p\u00ebrfundon me dor\u00ebzimin e formularit M2.<\/p>\n<p style=\"text-align: justify;\">K\u00ebto flet\u00ebparaqitje dor\u00ebzohen n\u00eb Agjencin\u00eb e Pun\u00ebsimit nga ana e obliguesit.<\/p>\n<p style=\"text-align: justify;\">\u2022 T\u00eb siguruarit q; dor;yojn; k;rkes; te Fondi (t\u00eb pun\u00ebsuarit n\u00eb p\u00ebrfaq\u00ebsi konsullore-diplomatike dhe p\u00ebrfaq\u00ebsi t\u00eb huaja, personat me sigurim t\u00eb vazhduar, personat fizik q\u00eb kryejn\u00eb veprimtari, por nuk kan\u00eb baz\u00eb tatimore, personat fizik \u2013 global dhe bujqit individual\u00eb). K\u00ebta persona\u00a0 dor\u00ebzojn\u00eb k\u00ebrkes\u00eb te Nj\u00ebsia Rajonale e Fondit, bazuar n\u00eb sigurimin e fundit. Me k\u00ebrkes\u00ebn bashk\u00ebngjiten dokumentet q\u00eb v\u00ebrtetojn\u00eb cil\u00ebsin\u00eb e siguruesit.<\/p>\n","protected":false},"excerpt":{"rendered":"<p>\u2022 Sigurimi p\u00ebrcaktohet me paraqitjen e marr\u00ebdh\u00ebnies s\u00eb pun\u00ebs, respektivisht kryerjen e veprimtaris\u00eb me dor\u00ebzimin e formularit M1. Pushimi i sigurimit p\u00ebrfundon me dor\u00ebzimin e formularit M2. K\u00ebto flet\u00ebparaqitje dor\u00ebzohen n\u00eb Agjencin\u00eb e Pun\u00ebsimit nga ana e obliguesit. \u2022 T\u00eb siguruarit q; dor;yojn; k;rkes; te Fondi (t\u00eb pun\u00ebsuarit n\u00eb p\u00ebrfaq\u00ebsi konsullore-diplomatike dhe p\u00ebrfaq\u00ebsi t\u00eb huaja, [&hellip;]<\/p>\n","protected":false},"author":1,"featured_media":0,"parent":0,"menu_order":0,"comment_status":"closed","ping_status":"closed","template":"","meta":[],"_links":{"self":[{"href":"https:\/\/www.piom.com.mk\/sq\/wp-json\/wp\/v2\/pages\/963"}],"collection":[{"href":"https:\/\/www.piom.com.mk\/sq\/wp-json\/wp\/v2\/pages"}],"about":[{"href":"https:\/\/www.piom.com.mk\/sq\/wp-json\/wp\/v2\/types\/page"}],"author":[{"embeddable":true,"href":"https:\/\/www.piom.com.mk\/sq\/wp-json\/wp\/v2\/users\/1"}],"replies":[{"embeddable":true,"href":"https:\/\/www.piom.com.mk\/sq\/wp-json\/wp\/v2\/comments?post=963"}],"version-history":[{"count":3,"href":"https:\/\/www.piom.com.mk\/sq\/wp-json\/wp\/v2\/pages\/963\/revisions"}],"predecessor-version":[{"id":14475,"href":"https:\/\/www.piom.com.mk\/sq\/wp-json\/wp\/v2\/pages\/963\/revisions\/14475"}],"wp:attachment":[{"href":"https:\/\/www.piom.com.mk\/sq\/wp-json\/wp\/v2\/media?parent=963"}],"curies":[{"name":"wp","href":"https:\/\/api.w.org\/{rel}","templated":true}]}}