{"id":967,"date":"2016-01-20T07:30:47","date_gmt":"2016-01-20T06:30:47","guid":{"rendered":"http:\/\/www.piom.com.mk\/sq\/?page_id=967"},"modified":"2024-09-19T15:05:39","modified_gmt":"2024-09-19T13:05:39","slug":"dispozitat-ligjore","status":"publish","type":"page","link":"https:\/\/www.piom.com.mk\/sq\/dispozitat-ligjore\/","title":{"rendered":"Dispozitat Ligjore"},"content":{"rendered":"<p>Rregullore e masave teknike dhe organizative p\u00ebr siguri dhe mbrojtje n\u00eb p\u00ebrpunimin e t\u00eb dh\u00ebnave personale Ligjet e sigurimit pensional dhe invalidor<\/p>\n<p><a href=\"https:\/\/www.piom.com.mk\/wp-content\/uploads\/2024\/09\/98-2012-ALB.pdf\"><strong>Ligji p\u00ebr sigurim pensional dhe invalidor (98\/12)<\/strong><\/a><\/p>\n<ul>\n<li><a href=\"https:\/\/www.mtsp.gov.mk\/content\/pdf\/zakoni\/2021_zakoni\/pio_alb\/166-2012%20alb.pdf\">Ligji p\u00ebr plot\u00ebsimin e Ligjit t\u00eb sigurimit pensional dhe invalidor (166\/12)<\/a><\/li>\n<li><a href=\"https:\/\/www.mtsp.gov.mk\/content\/pdf\/zakoni\/2021_zakoni\/pio_alb\/15-2013%20alb.pdf\">Ligji p\u00ebr ndryshimin dhe plot\u00ebsimin e Ligjit t\u00eb sigurimit pensional dhe invalidor (15\/13)<\/a><\/li>\n<li><a href=\"https:\/\/www.mtsp.gov.mk\/content\/pdf\/zakoni\/170%2013.pdf\">Ligj p\u00ebr ndryshimin dhe plot\u00ebsimin e Ligjit p\u00ebr sigurim pensional dhe invalidol (170\/13)<\/a><\/li>\n<li><a href=\"https:\/\/www.mtsp.gov.mk\/content\/pdf\/zakoni\/2021_zakoni\/pio_alb\/43-2014%20alb.pdf\">Ligji p\u00ebr ndryshimin dhe plot\u00ebsimin e Ligjit t\u00eb sigurimit pensional dhe invalidor (43\/13) <\/a><\/li>\n<li><a href=\"https:\/\/www.mtsp.gov.mk\/content\/pdf\/zakoni\/2021_zakoni\/pio_alb\/44-2014%20alb.pdf\">Ligji p\u00ebr plot\u00ebsimin e Ligjit t\u00eb sigurimit pensional dhe invalidor (44\/14)<\/a><\/li>\n<li><a href=\"https:\/\/www.mtsp.gov.mk\/content\/pdf\/zakoni\/2021_zakoni\/pio_alb\/97-2014%20alb.pdf\">Ligji p\u00ebr ndryshimin e Ligjit t\u00eb sigurimit pensional dhe invalidor (97\/14)<\/a><\/li>\n<li><a href=\"https:\/\/www.mtsp.gov.mk\/content\/pdf\/zakoni\/2021_zakoni\/pio_alb\/113-2014%20alb.pdf\">Ligji p\u00ebr ndryshimin dhe plot\u00ebsimin e Ligjit t\u00eb sigurimit pensional dhe invalidor (113\/14)<\/a><\/li>\n<li><a href=\"https:\/\/www.mtsp.gov.mk\/content\/pdf\/zakoni\/2021_zakoni\/pio_alb\/160-2014%20alb.pdf\">Ligji p\u00ebr ndryshimin dhe plot\u00ebsimin e Ligjit t\u00eb sigurimit pensional dhe invalidor (160\/14)<\/a><\/li>\n<li><a href=\"https:\/\/www.mtsp.gov.mk\/content\/pdf\/zakoni\/2021_zakoni\/pio_alb\/188-2014%20alb.pdf\">Ligji p\u00ebr ndryshimin dhe plot\u00ebsimin e Ligjit t\u00eb sigurimit pensional dhe invalidor (188\/14)<\/a><\/li>\n<li><a href=\"https:\/\/www.mtsp.gov.mk\/content\/pdf\/zakoni\/2021_zakoni\/pio_alb\/20-2015%20alb.pdf\">Ligji p\u00ebr ndryshimin dhe plot\u00ebsimin e Ligjit t\u00eb sigurimit pensional dhe invalidor (20\/15)<\/a><\/li>\n<li><a href=\"https:\/\/www.mtsp.gov.mk\/content\/pdf\/zakoni\/2021_zakoni\/pio_alb\/61-2015%20alb.pdf\">Ligji p\u00ebr plot\u00ebsimin e Ligjit\u00a0t\u00eb sigurimit pensional dhe invalidor (61\/15)<\/a><\/li>\n<li><a href=\"https:\/\/www.mtsp.gov.mk\/content\/pdf\/zakoni\/2021_zakoni\/pio_alb\/129-2015%20alb.pdf\">Ligji p\u00ebr ndryshimin\u00a0e Ligjit t\u00eb sigurimit pensional dhe invalidor (129\/15)<\/a><\/li>\n<li><a href=\"https:\/\/www.mtsp.gov.mk\/content\/pdf\/zakoni\/2021_zakoni\/pio_alb\/147-2015%20alb.pdf\">Ligji p\u00ebr ndryshim t\u00eb Ligjit p\u00ebr sigurim pensional dhe invalidor (147\/15)<\/a><\/li>\n<li><a href=\"https:\/\/www.mtsp.gov.mk\/content\/pdf\/zakoni\/2021_zakoni\/pio_alb\/154-2015%20alb.pdf\">Ligji p\u00ebr ndryshim t\u00eb Ligjit p\u00ebr sigurim pensional dhe invalidor (154\/15)<\/a><\/li>\n<li><a href=\"https:\/\/www.mtsp.gov.mk\/content\/pdf\/zakoni\/2021_zakoni\/pio_alb\/173-2015%20alb.pdf\">Ligji p\u00ebr ndryshim t\u00eb Ligjit p\u00ebr sigurim pensional dhe invalidor (173\/15)<\/a><\/li>\n<li><a href=\"https:\/\/www.mtsp.gov.mk\/content\/pdf\/zakoni\/2021_zakoni\/pio_alb\/217-2015%20ALB.pdf\">Ligji p\u00ebr ndryshimin e Ligjit t\u00eb sigurimit pensional dhe invalidor (217\/15)<\/a><\/li>\n<li><a href=\"https:\/\/www.mtsp.gov.mk\/content\/pdf\/zakoni\/2021_zakoni\/pio_alb\/27-2016%20alb.pdf\">Ligji p\u00ebr ndryshimin dhe plot\u00ebsimin\u00a0e Ligjit t\u00eb sigurimit pensional dhe invalidor (27\/16)<\/a><\/li>\n<li>Ligji p\u00ebr ndryshimin dhe plot\u00ebsimin\u00a0e Ligjit\u00a0t\u00eb sigurimit pensional dhe invalidor (120\/16)<\/li>\n<li><a href=\"https:\/\/www.mtsp.gov.mk\/content\/pdf\/zakoni\/2021_zakoni\/pio_alb\/132-2016%20alb.pdf\">Ligji p\u00ebr ndryshim t\u00eb Ligjit p\u00ebr sigurim pensional dhe invalidor (132\/16)<\/a><\/li>\n<li><a href=\"https:\/\/www.mtsp.gov.mk\/content\/pdf\/zakoni\/2021_zakoni\/pio_alb\/35-2018%20alb.pdf\">Ligji p\u00ebr ndryshimin dhe plot\u00ebsimin\u00a0e Ligjit\u00a0t\u00eb sigurimit pensional dhe invalidor (35\/18)<\/a><\/li>\n<li><a href=\"https:\/\/www.mtsp.gov.mk\/content\/pdf\/zakoni\/2021_zakoni\/pio_alb\/2020%20-2018%20alb.pdf\">Ligji p\u00ebr ndryshimin dhe plot\u00ebsimin e Ligjit t\u00eb sigurimit pensional dhe invalidor (220\/2018)<\/a><\/li>\n<li><a href=\"https:\/\/www.mtsp.gov.mk\/content\/pdf\/zakoni\/2021_zakoni\/pio_alb\/245-2018%20alb.pdf\">Ligji p\u00ebr ndryshimin dhe plot\u00ebsimin e Ligjit t\u00eb sigurimit pensional dhe invalidor (245\/2018)<\/a><\/li>\n<li><a href=\"https:\/\/www.mtsp.gov.mk\/content\/pdf\/zakoni\/2021_zakoni\/pio_alb\/180-2019%20alb.pdf\">Ligji p\u00ebr ndryshimin dhe plot\u00ebsimin\u00a0e Ligjit\u00a0t\u00eb sigurimit pensional dhe invalidor (180\/2019)<\/a><\/li>\n<li><a href=\"https:\/\/www.mtsp.gov.mk\/content\/pdf\/zakoni\/2021_zakoni\/pio_alb\/%D0%97%D0%B0%D0%BA%D0%BE%D0%BD%20%D0%B7%D0%B0%20%D0%B8%D0%B7%D0%BC%D0%B5%D0%BD%D1%83%D0%B2%D0%B0%D1%9A%D0%B5%20%D0%B8%20%D0%B4%D0%BE%D0%BF%D0%BE%D0%BB%D0%BD%D1%83%D0%B2%D0%B0%D1%9A%D0%B5%20%D0%BD%D0%B0%20%D0%97%D0%B0%D0%BA%D0%BE%D0%BD%D0%BE%D1%82%20%D0%B7%D0%B0%20%D0%9F%D0%98%D0%9E,%20%D0%A1%D0%BB.%20%D0%B2%D0%B5%D1%81%D0%BD%D0%B8%D0%BA%20%D0%BD%D0%B0%20%D0%A0%D0%A1%D0%9C%20%D0%B1%D1%80.%20275%20-%202019%20ALB%20.pdf\">Ligji p\u00ebr ndryshimin dhe plot\u00ebsimin e Ligjit t\u00eb sigurimit pensional dhe invalidor (275\/19)<\/a><\/li>\n<li><a href=\"https:\/\/www.mtsp.gov.mk\/content\/pdf\/zakoni\/2021_zakoni\/pio_alb\/31-2020%20ALB%20.pdf\">Ligji p\u00ebr plot\u00ebsimin e Ligjit t\u00eb sigurimit pensional dhe invalidor (31\/20)<\/a><\/li>\n<li><a href=\"https:\/\/www.mtsp.gov.mk\/content\/pdf\/zakoni\/2021_zakoni\/pio_alb\/ZPIO%20br.267-2020%20ALB.pdf\">Ligji p\u00ebr ndryshimin e Ligjit t\u00eb sigurimit pensional dhe invalidor (267\/20)<\/a><\/li>\n<li><a href=\"https:\/\/www.mtsp.gov.mk\/content\/pdf\/zakoni\/2022\/ZPIO%20br.%2067-2022%20ALB.pdf\">Ligji p\u00ebr ndryshimin dhe plot\u00ebsimin e Ligjit t\u00eb sigurimit pensional dhe invalidor (&#8220;Gazeta Zyrtare e RMV&#8221; nr. 67\/22)<\/a><\/li>\n<li><a href=\"https:\/\/www.piom.com.mk\/wp-content\/uploads\/2024\/09\/SLU@BEN-VESNIK-NA-RSM-br.-193-od-18.09.2024-1.pdf\">Ligji p\u00ebr ndryshimin dhe plot\u00ebsimin e Ligjit t\u00eb sigurimit pensional dhe invalidor\u00a0 (&#8220;Gazeta Zyrtare e RMV&#8221; nr.193\/24)<\/a><\/li>\n<\/ul>\n<p>Ligji p\u00ebr sigurim t\u00eb detyruesh\u00ebm pensional me financim kapital<\/p>\n<ul>\n<li>\u00a0<a href=\"https:\/\/www.piom.com.mk\/wp-content\/uploads\/2016\/01\/1.Ligj-p\u00ebr-plot\u00ebsimin-e-Ligjit-p\u00ebr-sigurim-t\u00eb-detyruesh\u00ebm-pensional-me-financim-kapital.pdf\">Ligji p\u00ebr plot\u00ebsimin e Ligjit t\u00eb detyruesh\u00ebm pensional me financim kapital (180\/19)<\/a><\/li>\n<li><a href=\"https:\/\/www.piom.com.mk\/wp-content\/uploads\/2016\/01\/1.Ligj-p\u00ebr-plot\u00ebsimin-e-Ligjit-p\u00ebr-sigurim-t\u00eb-detyruesh\u00ebm-pensional-me-financim-kapital.pdf\">Ligji p\u00ebr ndryshimin dhe plot\u00ebsimin e Ligjit p\u00ebr sigurim t\u00eb detyruesh\u00ebm pensional me financim kapital (21\/18)<\/a><\/li>\n<li><em><a href=\"https:\/\/www.mtsp.gov.mk\/content\/pdf\/zakoni\/2021_zakoni\/2021_zakoni_alb\/zippn_103_21_alb.pdf\">Ligj p\u00ebr ndryshimin dhe plot\u00ebsimin e Ligjit t\u00eb pages\u00ebs s\u00eb pensioneve dhe t\u00eb kompensimeve ensionale nga sigurimi pensional me financim kapital (103\/21)<\/a><\/em><\/li>\n<li><a href=\"https:\/\/www.piom.com.mk\/wp-content\/uploads\/2016\/01\/3.Ligj-p\u00ebr-ndryshimin-dhe-plot\u00ebsimin-e-Ligjit-p\u00ebr-sigurim-t\u00eb-detyruesh\u00ebm-pensional-me-financim-kapital.pdf\">Ligji p\u00ebr ndryshimin dhe plot\u00ebsimin e Ligjit p\u00ebr sigurim t\u00eb detyruesh\u00ebm pensional me financim kapital (245\/18)<\/a><\/li>\n<\/ul>\n<p>Ligj p\u00ebr pages\u00eb t\u00eb pensioneve dhe kompensimeve pensionale nga sigurimi pensional me financim kapital<\/p>\n<ul>\n<li><a href=\"https:\/\/www.mtsp.gov.mk\/content\/pdf\/zakoni\/2021_zakoni\/2021_zakoni_alb\/zippn_103_21_alb.pdf\">Ligji p\u00ebr ndryshimin dhe plot\u00ebsimin e Ligjit p\u00ebr sigurim t\u00eb detyruesh\u00ebm pensional me financim kapital (103\/21)<\/a><\/li>\n<li><a href=\"https:\/\/www.mtsp.gov.mk\/content\/pdf\/zakoni\/2021_zakoni\/pio_alb\/isplata_penzii\/11-2012%20AL.pdf\">Ligji p\u00ebr pages\u00eb t\u00eb pensioneve dhe kompensimeve pensionale nga sigurimi pensional me financim kapital (11\/12)<\/a><\/li>\n<li><a href=\"https:\/\/www.mtsp.gov.mk\/content\/pdf\/zakoni\/2021_zakoni\/pio_alb\/isplata_penzii\/147-2015%20AL.pdf\">Ligji p\u00ebr pages\u00eb t\u00eb pensioneve dhe kompensimeve pensionale nga sigurimi pensional me financim kapital (147\/15)<\/a><\/li>\n<li><a href=\"https:\/\/www.mtsp.gov.mk\/content\/pdf\/zakoni\/2021_zakoni\/pio_alb\/isplata_penzii\/30-2016%20AL.pdf\">Ligj p\u00ebr ndryshimin dhe plot\u00ebsimin e Ligjit p\u00ebr pages\u00eb t\u00eb pensioneve dhe kompensimeve t\u00eb pensioneve t\u00eb sigurimit pensional me financim kapital (30\/16)<\/a><\/li>\n<li><a href=\"https:\/\/www.mtsp.gov.mk\/content\/pdf\/zakoni\/2021_zakoni\/2021_zakoni_alb\/zdkfpo_103_21_alb.pdf\">Ligji p\u00ebr ndryshimin dhe plot\u00ebsimin e Ligjit p\u00ebr sigurim pensional vullnetar me financim kapital (103\/21)<\/a><\/li>\n<\/ul>\n<p>&nbsp;<\/p>\n<ul>\n<li><strong><a href=\"https:\/\/www.mtsp.gov.mk\/content\/pdf\/zakoni\/2021_zakoni\/2021_zakoni_alb\/Alb_%D0%97%D0%90%D0%9A%D0%9E%D0%9D%20%D0%97%D0%90%20%D0%9E%D0%A2%D0%9F%D0%98%D0%A8%D0%A3%D0%92%D0%90%D0%8A%D0%95%20%D0%9D%D0%90%20%D0%9A%D0%90%D0%9C%D0%90%D0%A2%D0%98%20%D0%9D%D0%90%20%D0%94%D0%9E%D0%A1%D0%A2%D0%90%D0%A1%D0%90%D0%9D%D0%98%20%D0%9E%D0%91%D0%92%D0%A0%D0%A1%D0%9A%D0%98%20%D0%9F%D0%9E-37-38.pdf\">Ligj p\u00ebr falje t\u00eb kamatave t\u00eb detyrimeve t\u00eb maturuara n\u00eb baz\u00eb t\u00eb kontributeve nga sigurimi i detyruesh\u00ebm social (97\/15)<\/a><\/strong><\/li>\n<\/ul>\n<ul>\n<li><strong><a href=\"https:\/\/www.mtsp.gov.mk\/content\/pdf\/zakoni\/2021_zakoni\/2021_zakoni_alb\/143_2015_baza_alb.pdf\">Ligj p\u00ebr baz\u00eb nacionale t\u00eb t\u00eb dh\u00ebnave p\u00ebr persona me invaliditet (143\/15)<\/a><\/strong><\/li>\n<\/ul>\n<p>Ligj p\u00ebr pun\u00ebsim t\u00eb personave me invaliditet<\/p>\n<ul>\n<li><a href=\"https:\/\/www.piom.com.mk\/wp-content\/uploads\/2016\/01\/8.-Ligji-p\u00ebr-ndryshimin-dhe-plot\u00ebsimin-e-Ligjit-p\u00ebr-pun\u00ebsimin-e-personave-invalidor.pdf\">Ligji p\u00ebr ndryshimin e Ligjit p\u00ebr pun\u00ebsimin e personave invalid\u00eb (16\/04)<\/a><\/li>\n<li><a href=\"https:\/\/www.piom.com.mk\/wp-content\/uploads\/2016\/01\/9.Ligji-p\u00ebr-ndryshimin-dhe-plot\u00ebsimin-e-Ligjit-p\u00ebr-pun\u00ebsimin-e-personave-invalid\u00eb.pdf\">Ligji p\u00ebr ndryshimin dhe plot\u00ebsimin\u00a0e Ligjit p\u00ebr pun\u00ebsimin e personave invalid\u00eb (62\/05)<\/a><\/li>\n<li><a href=\"https:\/\/www.piom.com.mk\/wp-content\/uploads\/2016\/01\/10.Ligji-p\u00ebr-ndryshim-dhe-plot\u00ebsim-t\u00eb-Ligjit-p\u00ebr-pun\u00ebsimin-e-personave-invalid\u00eb.pdf\">Ligji p\u00ebr ndryshimin dhe plot\u00ebsimin e Ligjit p\u00ebr pun\u00ebsimin e personave invalid\u00eb (113\/05)<\/a><\/li>\n<li><a href=\"https:\/\/www.piom.com.mk\/wp-content\/uploads\/2016\/01\/11.Ligji-p\u00ebr-ndryshimin-e-Ligjit-p\u00ebr-pun\u00ebsimin-e-personave-invalid\u00eb.pdf\">Ligji p\u00ebr ndryshimin e Ligjit p\u00ebr pun\u00ebsimin e personave invalid\u00eb (29\/07)<\/a><\/li>\n<li><a href=\"https:\/\/www.piom.com.mk\/wp-content\/uploads\/2016\/01\/12.Ligj-p\u00ebr-ndryshimin-dhe-plot\u00ebsimin-e-Ligjit-p\u00ebr-pun\u00ebsimin-e-personave-invalid\u00eb.pdf\">Ligji p\u00ebr ndryshimin dhe plot\u00ebsimin e Ligjit p\u00ebr pun\u00ebsimin e personave invalid\u00eb (88\/08)<\/a><\/li>\n<li><a href=\"https:\/\/www.piom.com.mk\/wp-content\/uploads\/2016\/01\/13.Ligj-p\u00ebr-ndryshimin-dhe-plot\u00ebsimin-e-Ligjit-p\u00ebr-pun\u00ebsimin-e-personave-invalid\u00eb.pdf\">Ligji p\u00ebr ndryshimin dhe plot\u00ebsimin e Ligjit p\u00ebr pun\u00ebsimin e personave invalid\u00eb (161\/08)<\/a><\/li>\n<li><a href=\"https:\/\/www.piom.com.mk\/wp-content\/uploads\/2016\/01\/14.Ligj-p\u00ebr-ndryshimin-dhe-plot\u00ebsimin-e-Ligjit-p\u00ebr-pun\u00ebsim-t\u00eb-personave-invalid\u00eb.pdf\">Ligji p\u00ebr ndryshimin dhe plot\u00ebsimin e Ligjit p\u00ebr pun\u00ebsimin e personave invalid\u00eb (136\/11)<\/a><\/li>\n<li><a href=\"https:\/\/www.piom.com.mk\/wp-content\/uploads\/2016\/01\/15.Ligj-p\u00ebr-ndryshimin-e-Ligjit-p\u00ebr-sigurim-pensional-dhe-invalidor-1.pdf\">Ligji p\u00ebr ndryshimin e Ligjit p\u00ebr sigurim pensional dhe invalidor (129\/15)<\/a><\/li>\n<li><a href=\"https:\/\/www.piom.com.mk\/wp-content\/uploads\/2016\/01\/16.Ligj-p\u00ebr-ndryshimin-dhe-plot\u00ebsimin-e-Ligjit-p\u00ebr-pun\u00ebsimin-e-personave-invalid\u00eb.pdf\">Ligji p\u00ebr ndryshimin dhe plot\u00ebsimin e Ligjit p\u00ebr pun\u00ebsimin e personave invalid\u00eb (147\/15)<\/a><\/li>\n<li><a href=\"https:\/\/www.piom.com.mk\/wp-content\/uploads\/2016\/01\/17.-Ligj-p\u00ebr-ndryshimin-dhe-plot\u00ebsimin-e-Ligjit-p\u00ebr-pun\u00ebsim-t\u00eb-personave-invalid\u00eb.pdf\">Ligji p\u00ebr ndryshimin dhe plot\u00ebsimin e Ligjit p\u00ebr pun\u00ebsimin e personave invalid\u00eb (99\/18)<\/a><\/li>\n<\/ul>\n<p>RREGULLORET<\/p>\n<p><a href=\"https:\/\/www.piom.com.mk\/wp-content\/uploads\/2016\/01\/SLU@BEN-VESNIK-NA-RSM-br.-248-od-05.11.2021.pdf\">Rregullore e masave teknike dhe organizative p\u00ebr siguri dhe mbrojtje n\u00eb p\u00ebrpunimin e t\u00eb dh\u00ebnave personale <\/a><\/p>\n<p><a href=\"https:\/\/www.piom.com.mk\/wp-content\/uploads\/2016\/01\/SLU@BEN-VESNIK-NA-RSM-br.-248-od-05.11.2021.pdf\">Rregullore mbi m\u00ebnyr\u00ebn dhe procedur\u00ebn e kryerjes s\u00eb funksioneve t\u00eb Fondit t\u00eb Sigurimit Pensional dhe Invalidor t\u00eb Maqedonis\u00eb s\u00eb Veriut p\u00ebr nevojat e sigurimit t\u00eb detyruesh\u00ebm pensional me financim kapital<\/a><\/p>\n","protected":false},"excerpt":{"rendered":"<p>Rregullore e masave teknike dhe organizative p\u00ebr siguri dhe mbrojtje n\u00eb p\u00ebrpunimin e t\u00eb dh\u00ebnave personale Ligjet e sigurimit pensional dhe invalidor Ligji p\u00ebr sigurim pensional dhe invalidor (98\/12) Ligji p\u00ebr plot\u00ebsimin e Ligjit t\u00eb sigurimit pensional dhe invalidor (166\/12) Ligji p\u00ebr ndryshimin dhe plot\u00ebsimin e Ligjit t\u00eb sigurimit pensional dhe invalidor (15\/13) Ligj p\u00ebr [&hellip;]<\/p>\n","protected":false},"author":1,"featured_media":0,"parent":0,"menu_order":0,"comment_status":"closed","ping_status":"closed","template":"","meta":[],"_links":{"self":[{"href":"https:\/\/www.piom.com.mk\/sq\/wp-json\/wp\/v2\/pages\/967"}],"collection":[{"href":"https:\/\/www.piom.com.mk\/sq\/wp-json\/wp\/v2\/pages"}],"about":[{"href":"https:\/\/www.piom.com.mk\/sq\/wp-json\/wp\/v2\/types\/page"}],"author":[{"embeddable":true,"href":"https:\/\/www.piom.com.mk\/sq\/wp-json\/wp\/v2\/users\/1"}],"replies":[{"embeddable":true,"href":"https:\/\/www.piom.com.mk\/sq\/wp-json\/wp\/v2\/comments?post=967"}],"version-history":[{"count":48,"href":"https:\/\/www.piom.com.mk\/sq\/wp-json\/wp\/v2\/pages\/967\/revisions"}],"predecessor-version":[{"id":13112,"href":"https:\/\/www.piom.com.mk\/sq\/wp-json\/wp\/v2\/pages\/967\/revisions\/13112"}],"wp:attachment":[{"href":"https:\/\/www.piom.com.mk\/sq\/wp-json\/wp\/v2\/media?parent=967"}],"curies":[{"name":"wp","href":"https:\/\/api.w.org\/{rel}","templated":true}]}}