{"id":969,"date":"2016-01-20T07:36:48","date_gmt":"2016-01-20T06:36:48","guid":{"rendered":"http:\/\/www.piom.com.mk\/sq\/?page_id=969"},"modified":"2026-04-07T14:34:11","modified_gmt":"2026-04-07T12:34:11","slug":"financa","status":"publish","type":"page","link":"https:\/\/www.piom.com.mk\/sq\/financa\/","title":{"rendered":"Financa"},"content":{"rendered":"<p style=\"text-align: justify;\"><strong>Shkalla e kontributit p\u00ebr sigurim pensional dhe invalidor \u00ebsht\u00eb 18,8%, nd\u00ebrsa lart\u00ebsia \u00ebsht\u00eb p\u00ebrcaktuar me Ligjin p\u00ebr kontribute nga sigurimi i detyruesh\u00ebm social (Gazeta zyrtare e RM-s\u00eb nr. 247\/2018).<\/strong><\/p>\n<p style=\"text-align: justify;\">FINANCIMI I SIGURIMIT PENSIONAL DHE INVALIDOR<\/p>\n<p style=\"text-align: justify;\">Shkalla e kontributit p\u00ebr sigurim t\u00eb detyruesh\u00ebm pensional dhe invalidor q\u00eb nga data 01.01.2020 \u00ebsht\u00eb 18,8%, sipas Ligjit p\u00ebr kontribute nga sigurimi i detyruesh\u00ebm social(Gazeta zyrtare e RM-s\u00eb nr.247\/18).<\/p>\n<p style=\"text-align: justify;\"><strong>GJITHSEJ T\u00cb HYRAT<\/strong><\/p>\n<p style=\"text-align: justify;\">T\u00eb hyrat e Fondit realizohen nga t\u00eb hyrat burimore t\u00eb kontributeve, mjeteve t\u00eb transferit\u00a0nga Buxheti i Vendit dhe Agjencis\u00eb s\u00eb Pun\u00ebsimit n\u00eb baz\u00eb t\u00eb kontributit p\u00ebr sigurim pensional dhe invalidor p\u00ebr persona t\u00eb papun\u00eb t\u00eb\u00a0cil\u00ebt\u00a0pranojn\u00eb kompensim n\u00eb t\u00eb holla. P\u00ebrve\u00e7 k\u00ebtyre mjeteve, Fondi realizon t\u00eb hyra edhe nga akcizat, dividenda dhe nga shitja e aksioneve dhe pjes\u00ebve si dhe t\u00eb hyra tjera.<\/p>\n<p style=\"text-align: justify;\"><strong>Gjithsej t\u00eb hyrat e Fondit n\u00eb vitin 2025 arrijn\u00eb 133.445,59 milion denar\u00eb t\u00eb realizuara nga burimet e m\u00ebpshtme:<\/strong><\/p>\n<p style=\"text-align: justify;\"><em><strong>T\u00eb hyrat burimore<\/strong><\/em> (kontribut nga paga, stazhi i benificuar, kontribut nga personat fizik q\u00eb kryejn\u00eb veprimtari t\u00eb pavarur dhe t\u00eb pun\u00ebsuarit tek ata, kontribut nga bujqit individual\u00eb dhe nga Agjencia e Pun\u00ebsimit) arrijn\u00eb 77.696,72 milion\u00eb denar\u00eb, edhe at\u00eb, 1.648,69 milion\u00eb denar\u00eb nga akcizat, 53.862,50 milion\u00eb denar\u00eb nga Buxheti i Vendit, 0,50 milion\u00eb denar\u00eb nga dividenda dhe 237,63 milion denar\u00eb nga t\u00eb hyra tjera.<\/p>\n<p style=\"text-align: justify;\"><em><strong>Mjetet nga kontributet<\/strong> <\/em>t\u00eb cilat llogariten nga bruto paga e t\u00eb pun\u00ebsuarve, n\u00eb vitin 2025 jan\u00eb realizuar n\u00eb shum\u00eb prej 75.066,89 milion\u00eb denar\u00eb.<\/p>\n<p style=\"text-align: justify;\"><em><strong>Mjetet nga Buxheti i Vendit<\/strong> <\/em>jan\u00eb realizuar n\u00eb shum\u00eb prej 53.862,50 milion denar\u00eb dhe t\u00eb nj\u00ebjtat kan\u00eb t\u00eb b\u00ebjn\u00eb me shlyerjen e obligimeve ligjore, p\u00ebr shpenzimet tranzitive dhe p\u00ebr mbulimin e deficitit rrjedh\u00ebs.<\/p>\n<p style=\"text-align: justify;\"><em><strong>T\u00eb hyrat nga kontributet e t\u00eb ardhurave<\/strong><\/em>, arrijn\u00eb 756,38 milion denar\u00eb.<\/p>\n<p style=\"text-align: justify;\"><em><strong>T\u00eb hyrat nga personat fizik\u00eb<\/strong><\/em> q\u00eb kryejn\u00eb veprimtari t\u00eb pavarur dhe t\u00eb pun\u00ebsuarit tek ata, jan\u00eb realizuar n\u00eb shum\u00eb prej 1.630,58 milion\u00eb denar\u00eb.<\/p>\n<p style=\"text-align: justify;\"><em><strong>T\u00eb hyrat nga akcizat t\u00eb<\/strong><\/em>\u00a0 arrijn\u00eb 1.648,69 milion denar\u00eb apo 1,24% nga gjithsej t\u00eb hyrat.<\/p>\n<p style=\"text-align: justify;\"><em><strong>Nga Agjencia e Pun\u00ebsimit<\/strong><\/em> p\u00ebr persona t\u00eb papun\u00eb q\u00eb marrin kompensim n\u00eb t\u00eb holla, n\u00eb vitin 2025 jan\u00eb realizuar mjete n\u00eb shum\u00eb prej 7,15 milion denar\u00eb.<\/p>\n<p style=\"text-align: justify;\">Sa i p\u00ebrket pron\u00ebsis\u00eb s\u00eb aksioneve dhe pjes\u00ebve n\u00eb vitin 2025, u realizuan t\u00eb ardhura nga dividenda n\u00eb shum\u00eb prej 0,05 milion denar\u00eb.<\/p>\n<p style=\"text-align: justify;\">Nga t\u00eb hyrat tjera n\u00eb vitin 2025 jan\u00eb realizuar mjete n\u00eb shum\u00eb prej 237,63 milion denar\u00eb.<\/p>\n<p style=\"text-align: justify;\">GJITHSEJ T\u00cb DALAT<\/p>\n<p style=\"text-align: justify;\">Gjithsej t\u00eb dalat e Fondit n\u00eb vitin 2025 arrijn\u00eb 132.751,50 milion denar\u00eb.<\/p>\n<p style=\"text-align: justify;\">T\u00eb dalat e Fondit kan\u00eb t\u00eb b\u00ebjn\u00eb me: pages\u00ebn e pensioneve, transferin e mjeteve p\u00ebr fondet pensionale private, kompensimet nga sigurimi invalidor, vendosjen e f\u00ebmij\u00ebve invalid n\u00eb konvikt dhe d\u00ebmtimet trupore, kontributin p\u00ebr sigurim sh\u00ebndet\u00ebsor t\u00eb shfryt\u00ebzuesve t\u00eb pensionit, shpenzime t\u00eb tjera, t\u00eb dalat kapitale p\u00ebr blerje dhe rikonstruksion t\u00eb objekteve afariste dhe kompensimin e Sh\u00ebrbimit profesional t\u00eb Fondit.<\/p>\n<p style=\"text-align: justify;\"><em><strong>T\u00eb dalat p\u00ebr pages\u00ebn e pensioneve<\/strong><\/em> n\u00eb vitin 2025 arrijn\u00eb 107.852,16 milion denar\u00eb apo 81,24% n\u00eb raport t\u00eb gjithsej t\u00eb dalave.<\/p>\n<p style=\"text-align: justify;\"><em><strong>P\u00ebr kontributin e sigurimit sh\u00ebndet\u00ebsor<\/strong><\/em> t\u00eb p\u00ebrfitusve t\u00eb pensionit n\u00eb vitin 2025 jan\u00eb paguar mjete n\u00eb shum\u00eb prej 9.379,84 milion\u00eb denar\u00eb, apo 7,07% e gjithsej t\u00eb dalave.<\/p>\n<p style=\"text-align: justify;\"><em><strong>Transferi i mjeteve p\u00ebr fondet pensionale private<\/strong><\/em> n\u00eb vitin 2025 arrin 14.868,37 milion denar\u00eb.<\/p>\n<p style=\"text-align: justify;\">\n","protected":false},"excerpt":{"rendered":"<p>Shkalla e kontributit p\u00ebr sigurim pensional dhe invalidor \u00ebsht\u00eb 18,8%, nd\u00ebrsa lart\u00ebsia \u00ebsht\u00eb p\u00ebrcaktuar me Ligjin p\u00ebr kontribute nga sigurimi i detyruesh\u00ebm social (Gazeta zyrtare e RM-s\u00eb nr. 247\/2018). FINANCIMI I SIGURIMIT PENSIONAL DHE INVALIDOR Shkalla e kontributit p\u00ebr sigurim t\u00eb detyruesh\u00ebm pensional dhe invalidor q\u00eb nga data 01.01.2020 \u00ebsht\u00eb 18,8%, sipas Ligjit p\u00ebr kontribute [&hellip;]<\/p>\n","protected":false},"author":1,"featured_media":0,"parent":0,"menu_order":0,"comment_status":"closed","ping_status":"closed","template":"","meta":[],"_links":{"self":[{"href":"https:\/\/www.piom.com.mk\/sq\/wp-json\/wp\/v2\/pages\/969"}],"collection":[{"href":"https:\/\/www.piom.com.mk\/sq\/wp-json\/wp\/v2\/pages"}],"about":[{"href":"https:\/\/www.piom.com.mk\/sq\/wp-json\/wp\/v2\/types\/page"}],"author":[{"embeddable":true,"href":"https:\/\/www.piom.com.mk\/sq\/wp-json\/wp\/v2\/users\/1"}],"replies":[{"embeddable":true,"href":"https:\/\/www.piom.com.mk\/sq\/wp-json\/wp\/v2\/comments?post=969"}],"version-history":[{"count":13,"href":"https:\/\/www.piom.com.mk\/sq\/wp-json\/wp\/v2\/pages\/969\/revisions"}],"predecessor-version":[{"id":14938,"href":"https:\/\/www.piom.com.mk\/sq\/wp-json\/wp\/v2\/pages\/969\/revisions\/14938"}],"wp:attachment":[{"href":"https:\/\/www.piom.com.mk\/sq\/wp-json\/wp\/v2\/media?parent=969"}],"curies":[{"name":"wp","href":"https:\/\/api.w.org\/{rel}","templated":true}]}}