{"id":977,"date":"2016-01-20T07:39:13","date_gmt":"2016-01-20T06:39:13","guid":{"rendered":"http:\/\/www.piom.com.mk\/sq\/?page_id=977"},"modified":"2025-11-19T15:17:02","modified_gmt":"2025-11-19T14:17:02","slug":"pagesa-e-kontributeve","status":"publish","type":"page","link":"https:\/\/www.piom.com.mk\/sq\/pagesa-e-kontributeve\/","title":{"rendered":"Pagesa e kontributeve"},"content":{"rendered":"<p><strong>N\u00eb \u00e7far\u00eb m\u00ebnyr\u00eb zbatohet kthimi i kontributit t\u00eb paguar m\u00eb shum\u00eb apo gabimisht?<\/strong><\/p>\n<p><strong>N\u00eb rast t\u00eb pages\u00ebs s\u00eb kontributit n\u00eb shum\u00eb m\u00eb t\u00eb madhe ose gabimisht, obliguesi duhet t\u00eb paraqes\u00eb k\u00ebrkes\u00eb pran\u00eb\u00a0 Nj\u00ebsis\u00eb Rajonale t\u00eb Fondit p\u00ebr Sigurim Pensional dhe Invalidor, e cila duhet t\u00eb p\u00ebrmbaj\u00eb k\u00ebto t\u00eb dh\u00ebna:<br \/>\n<\/strong><\/p>\n<p>Emri i obliguesit,<br \/>\nAdresa e obliguesit,<br \/>\nNumri i vet\u00ebm tatimor i obliguesit nga ku \u00ebsht\u00eb b\u00ebr\u00eb pagesa,<br \/>\nNumri i telefonit p\u00ebr kontakt,<br \/>\nNumri i folios\u00a0 me t\u00eb cilin \u00ebsht\u00eb kryer pagesa,<br \/>\nData e pages\u00ebs s\u00eb kontributit,<br \/>\nPeriudha q\u00eb lidhet me kontributin e paguar m\u00eb shum\u00eb ose gabimisht,<br \/>\nShuma q\u00eb duhet t\u00eb kthehet,<br \/>\nSh\u00ebnimi i arsyes p\u00ebr kthimin e mjeteve,<br \/>\nNumri i vet\u00ebm tatimor i obliguesit ku duhet kthyer mjetet,<br \/>\nXhiro llogaria e obliguesit ku duhet kthyer mjetet,<br \/>\nKopje shtes\u00eb nga pagesa e \u00e7ertifikat\u00ebs s\u00eb bank\u00ebs.<br \/>\nN\u00ebse k\u00ebrkohet kthimi i mjeteve p\u00ebr t\u00eb sigurarin, duhet t\u00eb plot\u00ebsohet edhe numri unik i t\u00eb siguruarit.<\/p>\n","protected":false},"excerpt":{"rendered":"<p>N\u00eb \u00e7far\u00eb m\u00ebnyr\u00eb zbatohet kthimi i kontributit t\u00eb paguar m\u00eb shum\u00eb apo gabimisht? N\u00eb rast t\u00eb pages\u00ebs s\u00eb kontributit n\u00eb shum\u00eb m\u00eb t\u00eb madhe ose gabimisht, obliguesi duhet t\u00eb paraqes\u00eb k\u00ebrkes\u00eb pran\u00eb\u00a0 Nj\u00ebsis\u00eb Rajonale t\u00eb Fondit p\u00ebr Sigurim Pensional dhe Invalidor, e cila duhet t\u00eb p\u00ebrmbaj\u00eb k\u00ebto t\u00eb dh\u00ebna: Emri i obliguesit, Adresa e obliguesit, [&hellip;]<\/p>\n","protected":false},"author":1,"featured_media":0,"parent":0,"menu_order":0,"comment_status":"closed","ping_status":"closed","template":"","meta":[],"_links":{"self":[{"href":"https:\/\/www.piom.com.mk\/sq\/wp-json\/wp\/v2\/pages\/977"}],"collection":[{"href":"https:\/\/www.piom.com.mk\/sq\/wp-json\/wp\/v2\/pages"}],"about":[{"href":"https:\/\/www.piom.com.mk\/sq\/wp-json\/wp\/v2\/types\/page"}],"author":[{"embeddable":true,"href":"https:\/\/www.piom.com.mk\/sq\/wp-json\/wp\/v2\/users\/1"}],"replies":[{"embeddable":true,"href":"https:\/\/www.piom.com.mk\/sq\/wp-json\/wp\/v2\/comments?post=977"}],"version-history":[{"count":4,"href":"https:\/\/www.piom.com.mk\/sq\/wp-json\/wp\/v2\/pages\/977\/revisions"}],"predecessor-version":[{"id":14464,"href":"https:\/\/www.piom.com.mk\/sq\/wp-json\/wp\/v2\/pages\/977\/revisions\/14464"}],"wp:attachment":[{"href":"https:\/\/www.piom.com.mk\/sq\/wp-json\/wp\/v2\/media?parent=977"}],"curies":[{"name":"wp","href":"https:\/\/api.w.org\/{rel}","templated":true}]}}