{"id":990,"date":"2016-01-20T07:47:16","date_gmt":"2016-01-20T06:47:16","guid":{"rendered":"http:\/\/www.piom.com.mk\/sq\/?page_id=990"},"modified":"2025-11-19T11:57:51","modified_gmt":"2025-11-19T10:57:51","slug":"fondi-solidar","status":"publish","type":"page","link":"https:\/\/www.piom.com.mk\/sq\/fondi-solidar\/","title":{"rendered":"Fondi Solidar"},"content":{"rendered":"<p><strong>LAJM\u00cbRIM &#8211; Pages\u00ebn e shpenzimeve t\u00eb varrimit p\u00ebr t\u00eb gjith\u00eb p\u00ebrfituesit e pensionit q\u00eb nd\u00ebrruan jet\u00eb pas dat\u00ebs 1 janarit t\u00eb vitit 2008 do ta kryej\u00eb Fondi i sigurimit pensional dhe invalidor i Maqedonis\u00eb s\u00eb Veriut n\u00ebp\u00ebrmjet nj\u00ebsive rajonale n\u00eb vend.<\/strong><\/p>\n<p>K\u00ebrkes\u00ebn p\u00ebr pages\u00ebn e shpenzimeve t\u00eb varrimit mund t\u00eb parashtroj\u00eb nj\u00eb an\u00ebtar i familjes ose person tjet\u00ebr q\u00eb ka kryer varrimin e p\u00ebrfituesit t\u00eb pensionit, pran\u00eb Nj\u00ebsis\u00eb Rajonale t\u00eb Sh\u00ebrbimit profesional t\u00eb Fondit, sipas adres\u00ebs ku \u00ebsht\u00eb kryer pagesa e pensionit deri n\u00eb dit\u00ebn e vdekjes.<\/p>\n<p>Dokumentet e nevojshme p\u00ebr k\u00ebrkes\u00ebn:<\/p>\n<ul>\n<li>\u00c7ertifikat\u00eb nga libri am\u00eb i t\u00eb ndjer\u00ebve;<\/li>\n<li>Llogaria e transaksionit t\u00eb trash\u00ebgimtarit n\u00eb bank\u00eb;<\/li>\n<li>Fatur\u00eb p\u00ebr varrimin e kryer.<\/li>\n<\/ul>\n<p>&nbsp;<\/p>\n","protected":false},"excerpt":{"rendered":"<p>LAJM\u00cbRIM &#8211; Pages\u00ebn e shpenzimeve t\u00eb varrimit p\u00ebr t\u00eb gjith\u00eb p\u00ebrfituesit e pensionit q\u00eb nd\u00ebrruan jet\u00eb pas dat\u00ebs 1 janarit t\u00eb vitit 2008 do ta kryej\u00eb Fondi i sigurimit pensional dhe invalidor i Maqedonis\u00eb s\u00eb Veriut n\u00ebp\u00ebrmjet nj\u00ebsive rajonale n\u00eb vend. K\u00ebrkes\u00ebn p\u00ebr pages\u00ebn e shpenzimeve t\u00eb varrimit mund t\u00eb parashtroj\u00eb nj\u00eb an\u00ebtar i familjes [&hellip;]<\/p>\n","protected":false},"author":1,"featured_media":0,"parent":0,"menu_order":0,"comment_status":"closed","ping_status":"closed","template":"","meta":[],"_links":{"self":[{"href":"https:\/\/www.piom.com.mk\/sq\/wp-json\/wp\/v2\/pages\/990"}],"collection":[{"href":"https:\/\/www.piom.com.mk\/sq\/wp-json\/wp\/v2\/pages"}],"about":[{"href":"https:\/\/www.piom.com.mk\/sq\/wp-json\/wp\/v2\/types\/page"}],"author":[{"embeddable":true,"href":"https:\/\/www.piom.com.mk\/sq\/wp-json\/wp\/v2\/users\/1"}],"replies":[{"embeddable":true,"href":"https:\/\/www.piom.com.mk\/sq\/wp-json\/wp\/v2\/comments?post=990"}],"version-history":[{"count":7,"href":"https:\/\/www.piom.com.mk\/sq\/wp-json\/wp\/v2\/pages\/990\/revisions"}],"predecessor-version":[{"id":14453,"href":"https:\/\/www.piom.com.mk\/sq\/wp-json\/wp\/v2\/pages\/990\/revisions\/14453"}],"wp:attachment":[{"href":"https:\/\/www.piom.com.mk\/sq\/wp-json\/wp\/v2\/media?parent=990"}],"curies":[{"name":"wp","href":"https:\/\/api.w.org\/{rel}","templated":true}]}}