{"id":994,"date":"2016-01-20T07:53:53","date_gmt":"2016-01-20T06:53:53","guid":{"rendered":"http:\/\/www.piom.com.mk\/sq\/?page_id=994"},"modified":"2024-01-22T15:01:07","modified_gmt":"2024-01-22T14:01:07","slug":"formulare","status":"publish","type":"page","link":"https:\/\/www.piom.com.mk\/sq\/formulare\/","title":{"rendered":"Formular\u00eb"},"content":{"rendered":"<p><strong>N\u00eb interes t\u00eb shfryt\u00ebzuesve t\u00eb sh\u00ebrbimeve tona, Fondi i SPIMV-s\u00eb i publikon t\u00eb gjitha formular\u00ebt e duhur q\u00eb u dedikohen drejtp\u00ebrdrejt\u00eb atyre.<\/strong><\/p>\n<p>Me k\u00ebt\u00eb rast, u dalin n\u00eb ndihm\u00eb t\u00eb gjith\u00eb atyre q\u00eb jan\u00eb t\u00eb interesuar q\u00eb n\u00eb k\u00ebt\u00eb form\u00eb dhe n\u00eb \u00e7do koh\u00eb t\u2019i shtypin formular\u00ebt dhe t\u2019i p\u00ebrdorin p\u00ebr nevojat e tyre<\/p>\n","protected":false},"excerpt":{"rendered":"<p>N\u00eb interes t\u00eb shfryt\u00ebzuesve t\u00eb sh\u00ebrbimeve tona, Fondi i SPIMV-s\u00eb i publikon t\u00eb gjitha formular\u00ebt e duhur q\u00eb u dedikohen drejtp\u00ebrdrejt\u00eb atyre. Me k\u00ebt\u00eb rast, u dalin n\u00eb ndihm\u00eb t\u00eb gjith\u00eb atyre q\u00eb jan\u00eb t\u00eb interesuar q\u00eb n\u00eb k\u00ebt\u00eb form\u00eb dhe n\u00eb \u00e7do koh\u00eb t\u2019i shtypin formular\u00ebt dhe t\u2019i p\u00ebrdorin p\u00ebr nevojat e tyre<\/p>\n","protected":false},"author":1,"featured_media":0,"parent":0,"menu_order":0,"comment_status":"closed","ping_status":"closed","template":"","meta":[],"_links":{"self":[{"href":"https:\/\/www.piom.com.mk\/sq\/wp-json\/wp\/v2\/pages\/994"}],"collection":[{"href":"https:\/\/www.piom.com.mk\/sq\/wp-json\/wp\/v2\/pages"}],"about":[{"href":"https:\/\/www.piom.com.mk\/sq\/wp-json\/wp\/v2\/types\/page"}],"author":[{"embeddable":true,"href":"https:\/\/www.piom.com.mk\/sq\/wp-json\/wp\/v2\/users\/1"}],"replies":[{"embeddable":true,"href":"https:\/\/www.piom.com.mk\/sq\/wp-json\/wp\/v2\/comments?post=994"}],"version-history":[{"count":3,"href":"https:\/\/www.piom.com.mk\/sq\/wp-json\/wp\/v2\/pages\/994\/revisions"}],"predecessor-version":[{"id":10445,"href":"https:\/\/www.piom.com.mk\/sq\/wp-json\/wp\/v2\/pages\/994\/revisions\/10445"}],"wp:attachment":[{"href":"https:\/\/www.piom.com.mk\/sq\/wp-json\/wp\/v2\/media?parent=994"}],"curies":[{"name":"wp","href":"https:\/\/api.w.org\/{rel}","templated":true}]}}